{"id":17290,"date":"2024-08-15T12:05:42","date_gmt":"2024-08-15T09:05:42","guid":{"rendered":"https:\/\/proff.com.tr\/proff-hakkinda\/"},"modified":"2026-03-14T13:32:13","modified_gmt":"2026-03-14T10:32:13","slug":"proff-hakkinda","status":"publish","type":"page","link":"https:\/\/proff.com.tr\/tr\/proff-hakkinda\/","title":{"rendered":"Proff Hakk\u0131nda"},"content":{"rendered":"\t\t<div data-elementor-type=\"wp-page\" data-elementor-id=\"17290\" class=\"elementor elementor-17290 elementor-14242\" data-elementor-post-type=\"page\">\n\t\t\t\t\t\t<\/div>\n\t\t","protected":false},"excerpt":{"rendered":"<p>PROFF&amp;HIBSAN, 1981 y\u0131l\u0131nda T\u00fcrkiye&#8217;nin \u0130LK mutfak davlumbaz\u0131 \u00fcreticisi olarak kurulmu\u015ftur. PROFF&amp;H\u0130BSAN, bug\u00fcn 40 y\u0131ll\u0131k tecr\u00fcbesiyle t\u00fcm d\u00fcnyaya y\u00fcksek s\u0131n\u0131f mutfak ev aletleri sunarak pazar\u0131n \u00f6nc\u00fclerinden biri olmaktan gurur duymaktad\u0131r. Avrupa, Orta Do\u011fu ve Kuzey Afrika&#8217;da farkl\u0131 lokasyonlarda bulunan showroomlar ile \u00e7ok y\u00f6nl\u00fc deneyimli ekip \u00fcyelerimizle, kendi \u00fcretimimiz olan Aspirat\u00f6r&amp;Davlumbazlar\u0131n yan\u0131 s\u0131ra Ankastre F\u0131r\u0131nlar, Ocaklar, \u00c7ama\u015f\u0131r &hellip; <\/p>\n<p class=\"link-more\"><a href=\"https:\/\/proff.com.tr\/tr\/proff-hakkinda\/\" class=\"more-link\">Read More <span class=\"screen-reader-text\"> &#8220;Proff Hakk\u0131nda&#8221;<\/span><\/a><\/p>\n","protected":false},"author":1,"featured_media":0,"parent":0,"menu_order":0,"comment_status":"closed","ping_status":"closed","template":"","meta":{"footnotes":""},"class_list":["post-17290","page","type-page","status-publish","hentry"],"_links":{"self":[{"href":"https:\/\/proff.com.tr\/tr\/wp-json\/wp\/v2\/pages\/17290","targetHints":{"allow":["GET"]}}],"collection":[{"href":"https:\/\/proff.com.tr\/tr\/wp-json\/wp\/v2\/pages"}],"about":[{"href":"https:\/\/proff.com.tr\/tr\/wp-json\/wp\/v2\/types\/page"}],"author":[{"embeddable":true,"href":"https:\/\/proff.com.tr\/tr\/wp-json\/wp\/v2\/users\/1"}],"replies":[{"embeddable":true,"href":"https:\/\/proff.com.tr\/tr\/wp-json\/wp\/v2\/comments?post=17290"}],"version-history":[{"count":0,"href":"https:\/\/proff.com.tr\/tr\/wp-json\/wp\/v2\/pages\/17290\/revisions"}],"wp:attachment":[{"href":"https:\/\/proff.com.tr\/tr\/wp-json\/wp\/v2\/media?parent=17290"}],"curies":[{"name":"wp","href":"https:\/\/api.w.org\/{rel}","templated":true}]}}