{"id":17300,"date":"2022-07-08T16:04:42","date_gmt":"2022-07-08T13:04:42","guid":{"rendered":"https:\/\/proff.com.tr\/tarifler\/"},"modified":"2026-03-14T13:43:32","modified_gmt":"2026-03-14T10:43:32","slug":"tarifler","status":"publish","type":"page","link":"https:\/\/proff.com.tr\/tr\/tarifler\/","title":{"rendered":"Tarifler"},"content":{"rendered":"\t\t<div data-elementor-type=\"wp-page\" data-elementor-id=\"17300\" class=\"elementor elementor-17300 elementor-5522\" data-elementor-post-type=\"page\">\n\t\t\t\t\t\t<section class=\"elementor-section elementor-top-section elementor-element elementor-element-67010c0a elementor-section-full_width elementor-section-height-min-height elementor-section-stretched elementor-section-height-default elementor-section-items-middle\" data-id=\"67010c0a\" data-element_type=\"section\" data-e-type=\"section\" data-settings=\"{&quot;stretch_section&quot;:&quot;section-stretched&quot;,&quot;background_background&quot;:&quot;classic&quot;}\">\n\t\t\t\t\t\t\t<div class=\"elementor-background-overlay\"><\/div>\n\t\t\t\t\t\t\t<div class=\"elementor-container elementor-column-gap-default\">\n\t\t\t\t\t<div class=\"elementor-column elementor-col-100 elementor-top-column elementor-element elementor-element-75817cd2\" data-id=\"75817cd2\" data-element_type=\"column\" data-e-type=\"column\">\n\t\t\t<div class=\"elementor-widget-wrap elementor-element-populated\">\n\t\t\t\t\t\t<div class=\"elementor-element elementor-element-2c0d0b6f elementor-widget elementor-widget-heading\" data-id=\"2c0d0b6f\" data-element_type=\"widget\" data-e-type=\"widget\" data-widget_type=\"heading.default\">\n\t\t\t\t\t<h2 class=\"elementor-heading-title elementor-size-default\">Tarifler<\/h2>\t\t\t\t<\/div>\n\t\t\t\t\t<\/div>\n\t\t<\/div>\n\t\t\t\t\t<\/div>\n\t\t<\/section>\n\t\t\t\t<section class=\"elementor-section elementor-top-section elementor-element elementor-element-4e7c404 elementor-section-boxed elementor-section-height-default elementor-section-height-default\" data-id=\"4e7c404\" data-element_type=\"section\" data-e-type=\"section\">\n\t\t\t\t\t\t<div class=\"elementor-container elementor-column-gap-default\">\n\t\t\t\t\t<div class=\"elementor-column elementor-col-100 elementor-top-column elementor-element elementor-element-65da8b9a\" data-id=\"65da8b9a\" data-element_type=\"column\" data-e-type=\"column\">\n\t\t\t<div class=\"elementor-widget-wrap elementor-element-populated\">\n\t\t\t\t\t\t<div class=\"elementor-element elementor-element-c43493d elementor-widget elementor-widget-spacer\" data-id=\"c43493d\" data-element_type=\"widget\" data-e-type=\"widget\" data-widget_type=\"spacer.default\">\n\t\t\t\t\t\t\t<div class=\"elementor-spacer\">\n\t\t\t<div class=\"elementor-spacer-inner\"><\/div>\n\t\t<\/div>\n\t\t\t\t\t\t<\/div>\n\t\t\t\t\t<\/div>\n\t\t<\/div>\n\t\t\t\t\t<\/div>\n\t\t<\/section>\n\t\t\t\t<section class=\"elementor-section elementor-top-section elementor-element elementor-element-3f3b1ee8 elementor-section-boxed elementor-section-height-default elementor-section-height-default\" data-id=\"3f3b1ee8\" data-element_type=\"section\" data-e-type=\"section\">\n\t\t\t\t\t\t<div class=\"elementor-container elementor-column-gap-default\">\n\t\t\t\t\t<div class=\"elementor-column elementor-col-50 elementor-top-column elementor-element elementor-element-36bc8d4a\" data-id=\"36bc8d4a\" data-element_type=\"column\" data-e-type=\"column\">\n\t\t\t<div class=\"elementor-widget-wrap elementor-element-populated\">\n\t\t\t\t\t\t<div class=\"elementor-element elementor-element-61ffdee elementor-widget elementor-widget-opal-post-grid\" data-id=\"61ffdee\" data-element_type=\"widget\" data-e-type=\"widget\" data-widget_type=\"opal-post-grid.default\">\n\t\t\t\t<div class=\"elementor-widget-container\">\n\t\t\t\t\t        <div class=\"elementor-post-wrapper\">\n            <div class=\"row\" data-elementor-columns=\"1\">\n\n                <div class=\"column-item post-style-1\">\n    <div class=\"post-inner\">\n                    <div class=\"post-thumbnail\">\n                <a href=\"https:\/\/proff.com.tr\/tr\/bademli-kurabiye\/\">\n                    <img fetchpriority=\"high\" decoding=\"async\" width=\"600\" height=\"390\" src=\"https:\/\/proff.com.tr\/wp-content\/uploads\/2022\/07\/Almond-cookies-600x390.jpg\" class=\"attachment-auros-featured-image-large size-auros-featured-image-large wp-post-image\" alt=\"\" \/>                <\/a>\n            <\/div><!-- .post-thumbnail -->\n                <div class=\"post-content\">\n            <div class=\"entry-header\">\n                <span class=\"entry-category \"><a href=\"https:\/\/proff.com.tr\/tr\/category\/proff-mutfak\/\" rel=\"category tag\">Proff Mutfak<\/a><\/span>\n                <span class=\"post-date\">28 Nisan 2021<\/span>\n            <\/div>\n            <h3 class=\"entry-title\"><a href=\"https:\/\/proff.com.tr\/tr\/bademli-kurabiye\/\">Bademli Kurabiye<\/a><\/h3>\n            <div class=\"entry-excerpt\">So\u011fuk hava genellikle beni pi\u015firmeye te\u015fvik eder. Mutfa\u011f\u0131 f\u0131r\u0131n\u0131n s\u0131cakl\u0131\u011f\u0131yla \u0131s\u0131tmak ve evimi ev yap\u0131m\u0131 kurabiyelerin tatl\u0131 aromas\u0131yla doldurmak k\u0131\u015f...<\/div>\n            <div class=\"link-more\"><a href=\"https:\/\/proff.com.tr\/tr\/bademli-kurabiye\/\">+ Read more<\/a><\/div>\n        <\/div>\n\n    <\/div>\n<\/div><div class=\"column-item post-style-1\">\n    <div class=\"post-inner\">\n                    <div class=\"post-thumbnail\">\n                <a href=\"https:\/\/proff.com.tr\/tr\/kurutulmus-domates-kapari-ve-kekik-ile-lezzetli-kek\/\">\n                    <img decoding=\"async\" width=\"600\" height=\"390\" src=\"https:\/\/proff.com.tr\/wp-content\/uploads\/2022\/07\/SAVORY-CAKE-WITH-DRIED-TOMATOES-600x390.jpg\" class=\"attachment-auros-featured-image-large size-auros-featured-image-large wp-post-image\" alt=\"\" \/>                <\/a>\n            <\/div><!-- .post-thumbnail -->\n                <div class=\"post-content\">\n            <div class=\"entry-header\">\n                <span class=\"entry-category \"><a href=\"https:\/\/proff.com.tr\/tr\/category\/proff-mutfak\/\" rel=\"category tag\">Proff Mutfak<\/a><\/span>\n                <span class=\"post-date\">21 Nisan 2021<\/span>\n            <\/div>\n            <h3 class=\"entry-title\"><a href=\"https:\/\/proff.com.tr\/tr\/kurutulmus-domates-kapari-ve-kekik-ile-lezzetli-kek\/\">Kurutulmu\u015f domates, kapari ve kekik ile lezzetli kek<\/a><\/h3>\n            <div class=\"entry-excerpt\">4 K\u0130\u015e\u0130 \u0130\u00c7\u0130N MALZEMELER &nbsp; 3 YUMURTA 2TBSP(30ML) SIZMA ZEYT\u0130NYA\u011eI 2\/5 su barda\u011f\u0131 (100 ml) s\u00fct 1 2\/3 su barda\u011f\u0131...<\/div>\n            <div class=\"link-more\"><a href=\"https:\/\/proff.com.tr\/tr\/kurutulmus-domates-kapari-ve-kekik-ile-lezzetli-kek\/\">+ Read more<\/a><\/div>\n        <\/div>\n\n    <\/div>\n<\/div>            <\/div>\n\n                    <\/div>\n        \t\t\t\t<\/div>\n\t\t\t\t<\/div>\n\t\t\t\t\t<\/div>\n\t\t<\/div>\n\t\t\t\t<div class=\"elementor-column elementor-col-50 elementor-top-column elementor-element elementor-element-5042efe8 elementor-hidden-mobile\" data-id=\"5042efe8\" data-element_type=\"column\" data-e-type=\"column\">\n\t\t\t<div class=\"elementor-widget-wrap elementor-element-populated\">\n\t\t\t\t\t\t<div class=\"elementor-element elementor-element-6c6388fe elementor-widget elementor-widget-sidebar\" data-id=\"6c6388fe\" data-element_type=\"widget\" data-e-type=\"widget\" data-widget_type=\"sidebar.default\">\n\t\t\t\t\t<section id=\"categories-7\" class=\"widget widget_categories\"><h2 class=\"widget-title\">Explore<\/h2>\n\t\t\t<ul>\n\t\t\t\t\t<li class=\"cat-item cat-item-346\"><a href=\"https:\/\/proff.com.tr\/tr\/category\/proff-mutfak\/\">Proff Mutfak<\/a>\n<\/li>\n\t<li class=\"cat-item cat-item-345\"><a href=\"https:\/\/proff.com.tr\/tr\/category\/urun-secenekleri\/\">\u00dcr\u00fcn Se\u00e7enekleri<\/a>\n<\/li>\n\t<li class=\"cat-item cat-item-344\"><a href=\"https:\/\/proff.com.tr\/tr\/category\/urun-temizligi\/\">\u00dcr\u00fcn Temizli\u011fi<\/a>\n<\/li>\n\t\t\t<\/ul>\n\n\t\t\t<\/section>\t\t\t\t<\/div>\n\t\t\t\t\t<\/div>\n\t\t<\/div>\n\t\t\t\t\t<\/div>\n\t\t<\/section>\n\t\t\t\t<section class=\"elementor-section elementor-top-section elementor-element elementor-element-2de4f003 elementor-section-boxed elementor-section-height-default elementor-section-height-default\" data-id=\"2de4f003\" data-element_type=\"section\" data-e-type=\"section\">\n\t\t\t\t\t\t<div class=\"elementor-container elementor-column-gap-default\">\n\t\t\t\t\t<div class=\"elementor-column elementor-col-100 elementor-top-column elementor-element elementor-element-60ab8a12\" data-id=\"60ab8a12\" data-element_type=\"column\" data-e-type=\"column\">\n\t\t\t<div class=\"elementor-widget-wrap elementor-element-populated\">\n\t\t\t\t\t\t<div class=\"elementor-element elementor-element-4298f1d5 elementor-widget elementor-widget-spacer\" data-id=\"4298f1d5\" data-element_type=\"widget\" data-e-type=\"widget\" data-widget_type=\"spacer.default\">\n\t\t\t\t\t\t\t<div class=\"elementor-spacer\">\n\t\t\t<div class=\"elementor-spacer-inner\"><\/div>\n\t\t<\/div>\n\t\t\t\t\t\t<\/div>\n\t\t\t\t\t<\/div>\n\t\t<\/div>\n\t\t\t\t\t<\/div>\n\t\t<\/section>\n\t\t\t\t<\/div>\n\t\t","protected":false},"excerpt":{"rendered":"<p>Tarifler Proff Kitchen 28 April 2021 Almond cookies Cold weather often entices me to bake. Warming up the kitchen with the heat of the oven and filling my&#8230; + Read more Proff Kitchen 21 April 2021 Savory cake with dried tomatoes, capers, and oregano INGREDIENTS FOR 4 PEOPLE &nbsp; 3 EGGS 2TBSP(30ML) EXTRA VIRGIN OLIVE &hellip; <\/p>\n<p class=\"link-more\"><a href=\"https:\/\/proff.com.tr\/tr\/kurutulmus-domates-kapari-ve-kekik-ile-lezzetli-kek\/\" class=\"more-link\">Read More <span class=\"screen-reader-text\"> &#8220;Kurutulmu\u015f domates, kapari ve kekik ile lezzetli kek&#8221;<\/span><\/a><\/p>\n","protected":false},"author":1,"featured_media":0,"parent":0,"menu_order":0,"comment_status":"closed","ping_status":"closed","template":"","meta":{"footnotes":""},"class_list":["post-17300","page","type-page","status-publish","hentry"],"_links":{"self":[{"href":"https:\/\/proff.com.tr\/tr\/wp-json\/wp\/v2\/pages\/17300","targetHints":{"allow":["GET"]}}],"collection":[{"href":"https:\/\/proff.com.tr\/tr\/wp-json\/wp\/v2\/pages"}],"about":[{"href":"https:\/\/proff.com.tr\/tr\/wp-json\/wp\/v2\/types\/page"}],"author":[{"embeddable":true,"href":"https:\/\/proff.com.tr\/tr\/wp-json\/wp\/v2\/users\/1"}],"replies":[{"embeddable":true,"href":"https:\/\/proff.com.tr\/tr\/wp-json\/wp\/v2\/comments?post=17300"}],"version-history":[{"count":0,"href":"https:\/\/proff.com.tr\/tr\/wp-json\/wp\/v2\/pages\/17300\/revisions"}],"wp:attachment":[{"href":"https:\/\/proff.com.tr\/tr\/wp-json\/wp\/v2\/media?parent=17300"}],"curies":[{"name":"wp","href":"https:\/\/api.w.org\/{rel}","templated":true}]}}