{"id":16939,"date":"2025-12-29T21:02:59","date_gmt":"2025-12-29T18:02:59","guid":{"rendered":"https:\/\/proff.com.tr\/product\/im1033\/"},"modified":"2025-12-29T21:02:59","modified_gmt":"2025-12-29T18:02:59","slug":"im1033","status":"publish","type":"product","link":"https:\/\/proff.com.tr\/tr\/product\/im1033\/","title":{"rendered":"IM1033"},"content":{"rendered":"","protected":false},"excerpt":{"rendered":"<h3><img decoding=\"async\" class=\"alignleft wp-image-7542\" src=\"https:\/\/proff.com.tr\/wp-content\/uploads\/2022\/07\/yellow-line.svg\" alt=\"\" width=\"80\"><\/h3>\n<p>&nbsp;<\/p>\n<p><strong><span style=\"color: #ffdd30;\">&gt; <\/span><span style=\"color: #000000;\">Ana \u00f6zellikler<\/span><\/strong><\/p>\n<ul>\n<li>28&#215;21<\/li>\n<li>Spiral Eviye Bataryas\u0131<\/li>\n<li>D\u00f6kme demir g\u00f6vde<\/li>\n<li>\u00c7\u0131k\u0131\u015f Ucu Y\u00fcksekli\u011fi : 280 mm<\/li>\n<li>\u00c7\u0131k\u0131\u015f Ucu Uzunlu\u011fu : 210 mm<\/li>\n<li>Ambalaj : 6 Adet<\/li>\n<\/ul>\n<p><strong><span style=\"color: #ffdd30;\">&gt; <\/span><span style=\"color: #000000;\">RENK OPS\u0130YONLARI<\/span><\/strong><\/p>\n<ul>\n<li>Antrasit<\/li>\n<li>Beyaz<\/li>\n<li>Mat Alt\u0131n<\/li>\n<li>Roze Alt\u0131n<\/li>\n<li>Krom<\/li>\n<li>Perla<\/li>\n<li>Gri<\/li>\n<\/ul>\n","protected":false},"featured_media":16940,"comment_status":"closed","ping_status":"closed","template":"","meta":[],"product_brand":[],"product_cat":[324,323],"product_tag":[],"class_list":{"0":"post-16939","1":"product","2":"type-product","3":"status-publish","4":"has-post-thumbnail","6":"product_cat-bataryalar","7":"product_cat-diger","9":"first","10":"instock","11":"shipping-taxable","12":"product-type-simple"},"_links":{"self":[{"href":"https:\/\/proff.com.tr\/tr\/wp-json\/wp\/v2\/product\/16939","targetHints":{"allow":["GET"]}}],"collection":[{"href":"https:\/\/proff.com.tr\/tr\/wp-json\/wp\/v2\/product"}],"about":[{"href":"https:\/\/proff.com.tr\/tr\/wp-json\/wp\/v2\/types\/product"}],"replies":[{"embeddable":true,"href":"https:\/\/proff.com.tr\/tr\/wp-json\/wp\/v2\/comments?post=16939"}],"version-history":[{"count":0,"href":"https:\/\/proff.com.tr\/tr\/wp-json\/wp\/v2\/product\/16939\/revisions"}],"wp:featuredmedia":[{"embeddable":true,"href":"https:\/\/proff.com.tr\/tr\/wp-json\/wp\/v2\/media\/16940"}],"wp:attachment":[{"href":"https:\/\/proff.com.tr\/tr\/wp-json\/wp\/v2\/media?parent=16939"}],"wp:term":[{"taxonomy":"product_brand","embeddable":true,"href":"https:\/\/proff.com.tr\/tr\/wp-json\/wp\/v2\/product_brand?post=16939"},{"taxonomy":"product_cat","embeddable":true,"href":"https:\/\/proff.com.tr\/tr\/wp-json\/wp\/v2\/product_cat?post=16939"},{"taxonomy":"product_tag","embeddable":true,"href":"https:\/\/proff.com.tr\/tr\/wp-json\/wp\/v2\/product_tag?post=16939"}],"curies":[{"name":"wp","href":"https:\/\/api.w.org\/{rel}","templated":true}]}}