{"id":16943,"date":"2025-12-29T21:01:59","date_gmt":"2025-12-29T18:01:59","guid":{"rendered":"https:\/\/proff.com.tr\/product\/im1023\/"},"modified":"2026-03-12T11:29:28","modified_gmt":"2026-03-12T08:29:28","slug":"im1023","status":"publish","type":"product","link":"https:\/\/proff.com.tr\/tr\/product\/im1023\/","title":{"rendered":"IM1023"},"content":{"rendered":"","protected":false},"excerpt":{"rendered":"<h3><img decoding=\"async\" class=\"alignleft wp-image-7542\" src=\"https:\/\/proff.com.tr\/wp-content\/uploads\/2022\/07\/yellow-line.svg\" alt=\"\" width=\"80\"><\/h3>\n<p>&nbsp;<\/p>\n<p><strong><span style=\"color: #ffdd30;\">&gt; <\/span><span style=\"color: #000000;\">Ana \u00f6zellikler<\/span><\/strong><\/p>\n<ul>\n<li>21,5&#215;18<\/li>\n<li>Evye Bataryas\u0131<\/li>\n<li>D\u00f6ner Ba\u015fl\u0131kl\u0131 Perlat\u00f6r<\/li>\n<li>D\u00f6kme demir g\u00f6vde<\/li>\n<li>\u00c7\u0131k\u0131\u015f Ucu Y\u00fcksekli\u011fi: 215 mm<\/li>\n<li>\u00c7\u0131k\u0131\u015f Ucu Mesafesi: 180 mm<\/li>\n<li>Ambalaj: 8 Adet<\/li>\n<\/ul>\n<p><strong><span style=\"color: #ffdd30;\">&gt; <\/span><span style=\"color: #000000;\">RENK OPS\u0130YONLARI<\/span><\/strong><\/p>\n<ul>\n<li>Antrasit<\/li>\n<li>Beyaz<\/li>\n<li>Mat Alt\u0131n<\/li>\n<li>Roze Alt\u0131n<\/li>\n<li>Krom<\/li>\n<li>Perla<\/li>\n<li>Gri<\/li>\n<\/ul>\n","protected":false},"featured_media":16944,"comment_status":"closed","ping_status":"closed","template":"","meta":[],"product_brand":[],"product_cat":[324,323],"product_tag":[],"class_list":{"0":"post-16943","1":"product","2":"type-product","3":"status-publish","4":"has-post-thumbnail","6":"product_cat-bataryalar","7":"product_cat-diger","9":"first","10":"instock","11":"shipping-taxable","12":"product-type-simple"},"_links":{"self":[{"href":"https:\/\/proff.com.tr\/tr\/wp-json\/wp\/v2\/product\/16943","targetHints":{"allow":["GET"]}}],"collection":[{"href":"https:\/\/proff.com.tr\/tr\/wp-json\/wp\/v2\/product"}],"about":[{"href":"https:\/\/proff.com.tr\/tr\/wp-json\/wp\/v2\/types\/product"}],"replies":[{"embeddable":true,"href":"https:\/\/proff.com.tr\/tr\/wp-json\/wp\/v2\/comments?post=16943"}],"version-history":[{"count":0,"href":"https:\/\/proff.com.tr\/tr\/wp-json\/wp\/v2\/product\/16943\/revisions"}],"wp:featuredmedia":[{"embeddable":true,"href":"https:\/\/proff.com.tr\/tr\/wp-json\/wp\/v2\/media\/16944"}],"wp:attachment":[{"href":"https:\/\/proff.com.tr\/tr\/wp-json\/wp\/v2\/media?parent=16943"}],"wp:term":[{"taxonomy":"product_brand","embeddable":true,"href":"https:\/\/proff.com.tr\/tr\/wp-json\/wp\/v2\/product_brand?post=16943"},{"taxonomy":"product_cat","embeddable":true,"href":"https:\/\/proff.com.tr\/tr\/wp-json\/wp\/v2\/product_cat?post=16943"},{"taxonomy":"product_tag","embeddable":true,"href":"https:\/\/proff.com.tr\/tr\/wp-json\/wp\/v2\/product_tag?post=16943"}],"curies":[{"name":"wp","href":"https:\/\/api.w.org\/{rel}","templated":true}]}}