{"id":16948,"date":"2025-12-29T20:53:32","date_gmt":"2025-12-29T17:53:32","guid":{"rendered":"https:\/\/proff.com.tr\/product\/is143\/"},"modified":"2025-12-29T20:53:32","modified_gmt":"2025-12-29T17:53:32","slug":"is143","status":"publish","type":"product","link":"https:\/\/proff.com.tr\/tr\/product\/is143\/","title":{"rendered":"IS143"},"content":{"rendered":"","protected":false},"excerpt":{"rendered":"<h3><img decoding=\"async\" class=\"alignleft wp-image-7542\" src=\"https:\/\/proff.com.tr\/wp-content\/uploads\/2022\/07\/yellow-line.svg\" alt=\"\" width=\"80\"><\/h3>\n<p>&nbsp;<\/p>\n<p><strong><span style=\"color: #ffdd30;\">&gt; <\/span><span style=\"color: #000000;\">Ana \u00f6zellikler<\/span><\/strong><\/p>\n<ul>\n<li>116&#215;50<\/li>\n<li>G\u00f6mme Paslanmaz \u00c7elik Evye-304<\/li>\n<li>\u00dcr\u00fcn \u00d6l\u00e7\u00fcs\u00fc: 1160&#215;500 mm<\/li>\n<li>Hazne \u00d6l\u00e7\u00fcs\u00fc: 360&#215;420 + 360&#215;420 mm<\/li>\n<li>Hazne Derinli\u011fi: 180 + 180 mm<\/li>\n<li>\u00c7elik Kal\u0131nl\u0131\u011f\u0131: 0,6 mm<\/li>\n<li>Kutu \u00d6l\u00e7\u00fcs\u00fc: 118x45x54 cm<\/li>\n<li>Ambalaj: 5 adet<\/li>\n<\/ul>\n<p><strong><span style=\"color: #ffdd30;\">&gt; <\/span><span style=\"color: #000000;\">Se\u00e7enekler<\/span><\/strong><\/p>\n<ul>\n<li>\u00c7elik Kal\u0131nl\u0131\u011f\u0131: 0,7 mm<\/li>\n<li>\u00c7elik Kal\u0131nl\u0131\u011f\u0131: 0,8 mm<\/li>\n<\/ul>\n","protected":false},"featured_media":16949,"comment_status":"closed","ping_status":"closed","template":"","meta":[],"product_brand":[],"product_cat":[323,325],"product_tag":[],"class_list":{"0":"post-16948","1":"product","2":"type-product","3":"status-publish","4":"has-post-thumbnail","6":"product_cat-diger","7":"product_cat-mutfak-eviyeleri","9":"first","10":"instock","11":"shipping-taxable","12":"product-type-simple"},"_links":{"self":[{"href":"https:\/\/proff.com.tr\/tr\/wp-json\/wp\/v2\/product\/16948","targetHints":{"allow":["GET"]}}],"collection":[{"href":"https:\/\/proff.com.tr\/tr\/wp-json\/wp\/v2\/product"}],"about":[{"href":"https:\/\/proff.com.tr\/tr\/wp-json\/wp\/v2\/types\/product"}],"replies":[{"embeddable":true,"href":"https:\/\/proff.com.tr\/tr\/wp-json\/wp\/v2\/comments?post=16948"}],"version-history":[{"count":0,"href":"https:\/\/proff.com.tr\/tr\/wp-json\/wp\/v2\/product\/16948\/revisions"}],"wp:featuredmedia":[{"embeddable":true,"href":"https:\/\/proff.com.tr\/tr\/wp-json\/wp\/v2\/media\/16949"}],"wp:attachment":[{"href":"https:\/\/proff.com.tr\/tr\/wp-json\/wp\/v2\/media?parent=16948"}],"wp:term":[{"taxonomy":"product_brand","embeddable":true,"href":"https:\/\/proff.com.tr\/tr\/wp-json\/wp\/v2\/product_brand?post=16948"},{"taxonomy":"product_cat","embeddable":true,"href":"https:\/\/proff.com.tr\/tr\/wp-json\/wp\/v2\/product_cat?post=16948"},{"taxonomy":"product_tag","embeddable":true,"href":"https:\/\/proff.com.tr\/tr\/wp-json\/wp\/v2\/product_tag?post=16948"}],"curies":[{"name":"wp","href":"https:\/\/api.w.org\/{rel}","templated":true}]}}