{"id":16963,"date":"2025-12-29T20:49:39","date_gmt":"2025-12-29T17:49:39","guid":{"rendered":"https:\/\/proff.com.tr\/product\/gs40\/"},"modified":"2025-12-29T20:49:39","modified_gmt":"2025-12-29T17:49:39","slug":"gs40","status":"publish","type":"product","link":"https:\/\/proff.com.tr\/tr\/product\/gs40\/","title":{"rendered":"GS40"},"content":{"rendered":"","protected":false},"excerpt":{"rendered":"<h3><img decoding=\"async\" class=\"alignleft wp-image-7542\" src=\"https:\/\/proff.com.tr\/wp-content\/uploads\/2022\/07\/yellow-line.svg\" alt=\"\" width=\"80\"><\/h3>\n<p>&nbsp;<\/p>\n<p><strong><span style=\"color: #ffdd30;\">&gt; <\/span><span style=\"color: #000000;\">Ana \u00f6zellikler<\/span><\/strong><\/p>\n<ul>\n<li>55&#215;45<\/li>\n<li>Granit Evye<\/li>\n<li>\u00dcr\u00fcn Boyutu: 550&#215;450 mm<\/li>\n<li>Hazne Boyutu: 495&#215;395 mm<\/li>\n<li>Hazne Derinli\u011fi: 210 mm<\/li>\n<li>Kesim \u00d6l\u00e7\u00fcs\u00fc: 530&#215;430 mm<\/li>\n<li>Kutu Boyutu: 65x55x31 cm<\/li>\n<li>Kutu A\u011f\u0131rl\u0131\u011f\u0131: 15 Kg<\/li>\n<\/ul>\n<p><strong><span style=\"color: #ffdd30;\">&gt; <\/span><span style=\"color: #000000;\">RENK OPS\u0130YONLARI<\/span><\/strong><\/p>\n<ul>\n<li>Antrasit &#8211; UA78<\/li>\n<li>Beyaz &#8211; UW78<\/li>\n<li>Gri &#8211; UG78<\/li>\n<li>Krem &#8211; UC78<\/li>\n<li>Siyah &#8211; UB78<\/li>\n<\/ul>\n","protected":false},"featured_media":16964,"comment_status":"closed","ping_status":"closed","template":"","meta":[],"product_brand":[],"product_cat":[323,325],"product_tag":[],"class_list":{"0":"post-16963","1":"product","2":"type-product","3":"status-publish","4":"has-post-thumbnail","6":"product_cat-diger","7":"product_cat-mutfak-eviyeleri","9":"first","10":"instock","11":"shipping-taxable","12":"product-type-simple"},"_links":{"self":[{"href":"https:\/\/proff.com.tr\/tr\/wp-json\/wp\/v2\/product\/16963","targetHints":{"allow":["GET"]}}],"collection":[{"href":"https:\/\/proff.com.tr\/tr\/wp-json\/wp\/v2\/product"}],"about":[{"href":"https:\/\/proff.com.tr\/tr\/wp-json\/wp\/v2\/types\/product"}],"replies":[{"embeddable":true,"href":"https:\/\/proff.com.tr\/tr\/wp-json\/wp\/v2\/comments?post=16963"}],"version-history":[{"count":0,"href":"https:\/\/proff.com.tr\/tr\/wp-json\/wp\/v2\/product\/16963\/revisions"}],"wp:featuredmedia":[{"embeddable":true,"href":"https:\/\/proff.com.tr\/tr\/wp-json\/wp\/v2\/media\/16964"}],"wp:attachment":[{"href":"https:\/\/proff.com.tr\/tr\/wp-json\/wp\/v2\/media?parent=16963"}],"wp:term":[{"taxonomy":"product_brand","embeddable":true,"href":"https:\/\/proff.com.tr\/tr\/wp-json\/wp\/v2\/product_brand?post=16963"},{"taxonomy":"product_cat","embeddable":true,"href":"https:\/\/proff.com.tr\/tr\/wp-json\/wp\/v2\/product_cat?post=16963"},{"taxonomy":"product_tag","embeddable":true,"href":"https:\/\/proff.com.tr\/tr\/wp-json\/wp\/v2\/product_tag?post=16963"}],"curies":[{"name":"wp","href":"https:\/\/api.w.org\/{rel}","templated":true}]}}