{"id":16975,"date":"2025-12-29T20:26:11","date_gmt":"2025-12-29T17:26:11","guid":{"rendered":"https:\/\/proff.com.tr\/product\/ch300w\/"},"modified":"2025-12-29T20:26:11","modified_gmt":"2025-12-29T17:26:11","slug":"ch300w","status":"publish","type":"product","link":"https:\/\/proff.com.tr\/tr\/product\/ch300w\/","title":{"rendered":"CH300W"},"content":{"rendered":"","protected":false},"excerpt":{"rendered":"<h3><img decoding=\"async\" class=\"alignleft wp-image-7542\" src=\"https:\/\/proff.com.tr\/wp-content\/uploads\/2022\/07\/yellow-line.svg\" alt=\"\" width=\"80\"><\/h3>\n<p>&nbsp;<\/p>\n<p><strong><span style=\"color: #ffdd30;\">&gt; <\/span><span style=\"color: #000000;\">Ana \u00f6zellikler<\/span><\/strong><\/p>\n<ul>\n<li>305 Br\u00fct L<\/li>\n<li>295 Net L<\/li>\n<li>-24 \u00b0C \/ +6 \u00b0C \u00c7ift Mod<\/li>\n<li>Derin Dondurucu<\/li>\n<li>Br\u00fct \/ Net Hacim: 305 \/ 295 L<\/li>\n<li>SN-T \u0130klim S\u0131n\u0131f\u0131<\/li>\n<li>\u0130kili Mod (Buzdolab\u0131 veya Dondurucu)<\/li>\n<li>-24 \u00b0C \/ +6 \u00b0C<\/li>\n<li>Defrost Modu \/ So\u011futucu<span class=\"Apple-converted-space\">  <\/span>(-1 \/ +1 \u00b0C)<\/li>\n<li>Enerji Lambas\u0131<\/li>\n<li>K\u0131rm\u0131z\u0131 Ar\u0131za ve Y\u00fcksek S\u0131cakl\u0131k Lambas\u0131<\/li>\n<li>1x Saklama Sepeti<\/li>\n<li>Kaz\u0131y\u0131c\u0131<\/li>\n<li>Plastik Ayaklar<\/li>\n<li>G\u00f6mme Tutamak<\/li>\n<li>Su Bo\u015faltma Sistemi<\/li>\n<li>Beyaz<\/li>\n<\/ul>\n<p><strong><span style=\"color: #ffdd30;\">&gt; <\/span><span style=\"color: #000000;\">RENK OPS\u0130YONLARI<\/span><\/strong><\/p>\n<ul>\n<li>Beyaz<\/li>\n<li>Siyah<\/li>\n<li>G\u00fcm\u00fc\u015f<\/li>\n<\/ul>\n","protected":false},"featured_media":16976,"comment_status":"closed","ping_status":"closed","template":"","meta":[],"product_brand":[],"product_cat":[327,326],"product_tag":[],"class_list":{"0":"post-16975","1":"product","2":"type-product","3":"status-publish","4":"has-post-thumbnail","6":"product_cat-derin-dondurucular","7":"product_cat-sogutma","9":"first","10":"instock","11":"shipping-taxable","12":"product-type-simple"},"_links":{"self":[{"href":"https:\/\/proff.com.tr\/tr\/wp-json\/wp\/v2\/product\/16975","targetHints":{"allow":["GET"]}}],"collection":[{"href":"https:\/\/proff.com.tr\/tr\/wp-json\/wp\/v2\/product"}],"about":[{"href":"https:\/\/proff.com.tr\/tr\/wp-json\/wp\/v2\/types\/product"}],"replies":[{"embeddable":true,"href":"https:\/\/proff.com.tr\/tr\/wp-json\/wp\/v2\/comments?post=16975"}],"version-history":[{"count":0,"href":"https:\/\/proff.com.tr\/tr\/wp-json\/wp\/v2\/product\/16975\/revisions"}],"wp:featuredmedia":[{"embeddable":true,"href":"https:\/\/proff.com.tr\/tr\/wp-json\/wp\/v2\/media\/16976"}],"wp:attachment":[{"href":"https:\/\/proff.com.tr\/tr\/wp-json\/wp\/v2\/media?parent=16975"}],"wp:term":[{"taxonomy":"product_brand","embeddable":true,"href":"https:\/\/proff.com.tr\/tr\/wp-json\/wp\/v2\/product_brand?post=16975"},{"taxonomy":"product_cat","embeddable":true,"href":"https:\/\/proff.com.tr\/tr\/wp-json\/wp\/v2\/product_cat?post=16975"},{"taxonomy":"product_tag","embeddable":true,"href":"https:\/\/proff.com.tr\/tr\/wp-json\/wp\/v2\/product_tag?post=16975"}],"curies":[{"name":"wp","href":"https:\/\/api.w.org\/{rel}","templated":true}]}}