{"id":16977,"date":"2025-12-29T20:29:25","date_gmt":"2025-12-29T17:29:25","guid":{"rendered":"https:\/\/proff.com.tr\/product\/uf7dnfx\/"},"modified":"2025-12-29T20:29:25","modified_gmt":"2025-12-29T17:29:25","slug":"uf7dnfx","status":"publish","type":"product","link":"https:\/\/proff.com.tr\/tr\/product\/uf7dnfx\/","title":{"rendered":"UF7DNFX"},"content":{"rendered":"","protected":false},"excerpt":{"rendered":"<h3><img decoding=\"async\" class=\"alignleft wp-image-7542\" src=\"https:\/\/proff.com.tr\/wp-content\/uploads\/2022\/07\/yellow-line.svg\" alt=\"\" width=\"80\"><\/h3>\n<p>&nbsp;<\/p>\n<p><strong><span style=\"color: #ffdd30;\">&gt; <\/span><span style=\"color: #000000;\">Ana \u00f6zellikler<\/span><\/strong><\/p>\n<ul>\n<li>300 Br\u00fct Litre<\/li>\n<li>290 Net Litre<\/li>\n<li>7 \u00c7ekmece<\/li>\n<li>Dikey Derin Dondurucu<span class=\"Apple-converted-space\"> <\/span><\/li>\n<li>\u0130kili Mod (Buzdolab\u0131 veya Dondurucu)<\/li>\n<li>Buz Tutmayan So\u011futma Teknolojisi<\/li>\n<li>Elektronik So\u011futma Kontrol<\/li>\n<li>SN-T \u0130klim S\u0131n\u0131f\u0131<\/li>\n<li>Dokunmatik Kontrol Ekran Panel Kap\u0131<\/li>\n<li>G\u00fcm\u00fc\u015f G\u00f6vde ve Inox Kap\u0131 Panel<\/li>\n<li>R600a So\u011futucu<\/li>\n<li>1x XXL \u00c7ekmece \u0130le \u015eeffaf Kaplama<\/li>\n<li>4x \u00c7ekmece \u0130le \u015eeffaf Kaplama<\/li>\n<li>2x \u015eeffaf Kapak\u00e7\u0131k<\/li>\n<li>S\u0131cak damga \u00c7ekmece Kaplama<\/li>\n<li>D\u00f6n\u00fc\u015f\u00fcml\u00fc Kap\u0131<\/li>\n<li>Kap\u0131 A\u00e7ma A\u00e7\u0131s\u0131 (135\u00b0)<\/li>\n<li>Kap\u0131 A\u00e7ma Alarm\u0131<\/li>\n<li>H\u0131zl\u0131 Dondurucu Fonksiyon<\/li>\n<li>Y\u00fcksek Derece Alarm\u0131<\/li>\n<li>Ayarlanabilir \u00d6n Ayak<\/li>\n<li>Al\u00fcminyum Tutamak<\/li>\n<li>Servis Edilebilir Kap\u0131 Conta<\/li>\n<li>Buz Tepsisi<\/li>\n<li>2x Tekerlek<\/li>\n<li>Karton Paketleme<\/li>\n<li>Br\u00fct \/ Net Hacim: 300 \/ 290 L<\/li>\n<\/ul>\n<p><strong><span style=\"color: #ffdd30;\">&gt; <\/span><span style=\"color: #000000;\">RENK OPS\u0130YONLARI<\/span><\/strong><\/p>\n<ul>\n<li>Beyaz<\/li>\n<li>Siyah<\/li>\n<li>G\u00fcm\u00fc\u015f<\/li>\n<\/ul>\n","protected":false},"featured_media":16978,"comment_status":"closed","ping_status":"closed","template":"","meta":[],"product_brand":[],"product_cat":[327,326],"product_tag":[],"class_list":{"0":"post-16977","1":"product","2":"type-product","3":"status-publish","4":"has-post-thumbnail","6":"product_cat-derin-dondurucular","7":"product_cat-sogutma","9":"first","10":"instock","11":"shipping-taxable","12":"product-type-simple"},"_links":{"self":[{"href":"https:\/\/proff.com.tr\/tr\/wp-json\/wp\/v2\/product\/16977","targetHints":{"allow":["GET"]}}],"collection":[{"href":"https:\/\/proff.com.tr\/tr\/wp-json\/wp\/v2\/product"}],"about":[{"href":"https:\/\/proff.com.tr\/tr\/wp-json\/wp\/v2\/types\/product"}],"replies":[{"embeddable":true,"href":"https:\/\/proff.com.tr\/tr\/wp-json\/wp\/v2\/comments?post=16977"}],"version-history":[{"count":0,"href":"https:\/\/proff.com.tr\/tr\/wp-json\/wp\/v2\/product\/16977\/revisions"}],"wp:featuredmedia":[{"embeddable":true,"href":"https:\/\/proff.com.tr\/tr\/wp-json\/wp\/v2\/media\/16978"}],"wp:attachment":[{"href":"https:\/\/proff.com.tr\/tr\/wp-json\/wp\/v2\/media?parent=16977"}],"wp:term":[{"taxonomy":"product_brand","embeddable":true,"href":"https:\/\/proff.com.tr\/tr\/wp-json\/wp\/v2\/product_brand?post=16977"},{"taxonomy":"product_cat","embeddable":true,"href":"https:\/\/proff.com.tr\/tr\/wp-json\/wp\/v2\/product_cat?post=16977"},{"taxonomy":"product_tag","embeddable":true,"href":"https:\/\/proff.com.tr\/tr\/wp-json\/wp\/v2\/product_tag?post=16977"}],"curies":[{"name":"wp","href":"https:\/\/api.w.org\/{rel}","templated":true}]}}