{"id":16983,"date":"2025-12-29T19:52:46","date_gmt":"2025-12-29T16:52:46","guid":{"rendered":"https:\/\/proff.com.tr\/product\/bcl750\/"},"modified":"2025-12-29T19:52:46","modified_gmt":"2025-12-29T16:52:46","slug":"bcl750","status":"publish","type":"product","link":"https:\/\/proff.com.tr\/tr\/product\/bcl750\/","title":{"rendered":"BCL750"},"content":{"rendered":"","protected":false},"excerpt":{"rendered":"<h3><img decoding=\"async\" class=\"alignleft wp-image-7542\" src=\"https:\/\/proff.com.tr\/wp-content\/uploads\/2022\/07\/yellow-line.svg\" alt=\"\" width=\"80\"><\/h3>\n<p>&nbsp;<\/p>\n<p><strong><span style=\"color: #ffdd30;\">&gt; <\/span><span style=\"color: #000000;\">Ana \u00f6zellikler<\/span><\/strong><\/p>\n<ul>\n<li>745 Br\u00fct Litre<\/li>\n<li>717 Net Litre<\/li>\n<li>7+7 \u00dcr\u00fcn Dizilimi \/ 5+5 Raf<\/li>\n<li>Dikey \u015ei\u015fe So\u011futucu<\/li>\n<li>Br\u00fct \/ Net Hacim: 745 \/ 717 L<\/li>\n<li>812 \/ 952 Kutu Y\u00fckleme Kapasitesi (Standart \/ Maks. (330 ml)<\/li>\n<li>7+7 \u00dcr\u00fcn Dizilimi<\/li>\n<li>5+5 Raf<\/li>\n<li>R600a<\/li>\n<li>S\u0131cakl\u0131k Aral\u0131\u011f\u0131<span class=\"Apple-converted-space\">  <\/span>(\u00b0C) : +1 \/ +9<\/li>\n<li>G\u00fcr\u00fclt\u00fc Seviyesi (dBa) : 46-48<\/li>\n<li>LED Tente Ayd\u0131nlatmas\u0131<\/li>\n<li>\u00dcst \u0130\u00e7 G\u00f6vde LED Ayd\u0131nlatmas\u0131<\/li>\n<li>\u00c7ift Cam \/ Temperli Kap\u0131<\/li>\n<li>4 Ayarlanabilir \u00d6n Ayak<\/li>\n<li>Entegre Kulp<\/li>\n<li>Siyah Tente \u00c7er\u00e7evesi<\/li>\n<li>Siyah Kap\u0131 \u00c7er\u00e7evesi<\/li>\n<li>Beyaz \u0130\u00e7 &amp; D\u0131\u015f G\u00f6vde<\/li>\n<\/ul>\n","protected":false},"featured_media":16984,"comment_status":"closed","ping_status":"closed","template":"","meta":[],"product_brand":[],"product_cat":[328,326],"product_tag":[],"class_list":{"0":"post-16983","1":"product","2":"type-product","3":"status-publish","4":"has-post-thumbnail","6":"product_cat-buzdolaplari","7":"product_cat-sogutma","9":"first","10":"instock","11":"shipping-taxable","12":"product-type-simple"},"_links":{"self":[{"href":"https:\/\/proff.com.tr\/tr\/wp-json\/wp\/v2\/product\/16983","targetHints":{"allow":["GET"]}}],"collection":[{"href":"https:\/\/proff.com.tr\/tr\/wp-json\/wp\/v2\/product"}],"about":[{"href":"https:\/\/proff.com.tr\/tr\/wp-json\/wp\/v2\/types\/product"}],"replies":[{"embeddable":true,"href":"https:\/\/proff.com.tr\/tr\/wp-json\/wp\/v2\/comments?post=16983"}],"version-history":[{"count":0,"href":"https:\/\/proff.com.tr\/tr\/wp-json\/wp\/v2\/product\/16983\/revisions"}],"wp:featuredmedia":[{"embeddable":true,"href":"https:\/\/proff.com.tr\/tr\/wp-json\/wp\/v2\/media\/16984"}],"wp:attachment":[{"href":"https:\/\/proff.com.tr\/tr\/wp-json\/wp\/v2\/media?parent=16983"}],"wp:term":[{"taxonomy":"product_brand","embeddable":true,"href":"https:\/\/proff.com.tr\/tr\/wp-json\/wp\/v2\/product_brand?post=16983"},{"taxonomy":"product_cat","embeddable":true,"href":"https:\/\/proff.com.tr\/tr\/wp-json\/wp\/v2\/product_cat?post=16983"},{"taxonomy":"product_tag","embeddable":true,"href":"https:\/\/proff.com.tr\/tr\/wp-json\/wp\/v2\/product_tag?post=16983"}],"curies":[{"name":"wp","href":"https:\/\/api.w.org\/{rel}","templated":true}]}}