{"id":16987,"date":"2025-12-29T19:51:28","date_gmt":"2025-12-29T16:51:28","guid":{"rendered":"https:\/\/proff.com.tr\/product\/wic-mini\/"},"modified":"2025-12-29T19:51:28","modified_gmt":"2025-12-29T16:51:28","slug":"wic-mini","status":"publish","type":"product","link":"https:\/\/proff.com.tr\/tr\/product\/wic-mini\/","title":{"rendered":"WIC Mini"},"content":{"rendered":"","protected":false},"excerpt":{"rendered":"<h3><img decoding=\"async\" class=\"alignleft wp-image-7542\" src=\"https:\/\/proff.com.tr\/wp-content\/uploads\/2022\/07\/yellow-line.svg\" alt=\"\" width=\"80\"><\/h3>\n<p>&nbsp;<\/p>\n<p><strong><span style=\"color: #ffdd30;\">&gt; <\/span><span style=\"color: #000000;\">Ana \u00f6zellikler<\/span><\/strong><\/p>\n<ul>\n<li>\u015earap So\u011futucu<\/li>\n<li>Br\u00fct \/ Net Hacim: 158 \/ 148 L<\/li>\n<li>2 Raf<\/li>\n<li>R600a<\/li>\n<li>S\u0131cakl\u0131k Aral\u0131\u011f\u0131<span class=\"Apple-converted-space\">  <\/span>(\u00b0C) : +7 \/ +20<span class=\"Apple-converted-space\"> <\/span><\/li>\n<li>Elektronik Termostat<\/li>\n<li>Kompakt Tasar\u0131m<\/li>\n<li>Y\u00fcksek S\u0131cakl\u0131k Uyar\u0131s\u0131<\/li>\n<li>Dinamik So\u011futma<\/li>\n<li>Temperli Cam<\/li>\n<li>Kap\u0131 Kolu<\/li>\n<li>\u00c7evre Dostu Tasar\u0131m<\/li>\n<\/ul>\n<p><strong><span style=\"color: #ffdd30;\">&gt; <\/span><span style=\"color: #000000;\">Opsiyonel \u00d6zellikler<\/span><\/strong><\/p>\n<ul>\n<li>Dayan\u0131kl\u0131 Sac G\u00f6vde<\/li>\n<li>\u00c7ift Y\u00f6nl\u00fc Kap\u0131<\/li>\n<\/ul>\n","protected":false},"featured_media":16988,"comment_status":"closed","ping_status":"closed","template":"","meta":[],"product_brand":[],"product_cat":[328,326],"product_tag":[],"class_list":{"0":"post-16987","1":"product","2":"type-product","3":"status-publish","4":"has-post-thumbnail","6":"product_cat-buzdolaplari","7":"product_cat-sogutma","9":"first","10":"instock","11":"shipping-taxable","12":"product-type-simple"},"_links":{"self":[{"href":"https:\/\/proff.com.tr\/tr\/wp-json\/wp\/v2\/product\/16987","targetHints":{"allow":["GET"]}}],"collection":[{"href":"https:\/\/proff.com.tr\/tr\/wp-json\/wp\/v2\/product"}],"about":[{"href":"https:\/\/proff.com.tr\/tr\/wp-json\/wp\/v2\/types\/product"}],"replies":[{"embeddable":true,"href":"https:\/\/proff.com.tr\/tr\/wp-json\/wp\/v2\/comments?post=16987"}],"version-history":[{"count":0,"href":"https:\/\/proff.com.tr\/tr\/wp-json\/wp\/v2\/product\/16987\/revisions"}],"wp:featuredmedia":[{"embeddable":true,"href":"https:\/\/proff.com.tr\/tr\/wp-json\/wp\/v2\/media\/16988"}],"wp:attachment":[{"href":"https:\/\/proff.com.tr\/tr\/wp-json\/wp\/v2\/media?parent=16987"}],"wp:term":[{"taxonomy":"product_brand","embeddable":true,"href":"https:\/\/proff.com.tr\/tr\/wp-json\/wp\/v2\/product_brand?post=16987"},{"taxonomy":"product_cat","embeddable":true,"href":"https:\/\/proff.com.tr\/tr\/wp-json\/wp\/v2\/product_cat?post=16987"},{"taxonomy":"product_tag","embeddable":true,"href":"https:\/\/proff.com.tr\/tr\/wp-json\/wp\/v2\/product_tag?post=16987"}],"curies":[{"name":"wp","href":"https:\/\/api.w.org\/{rel}","templated":true}]}}