{"id":16991,"date":"2025-12-29T19:45:25","date_gmt":"2025-12-29T16:45:25","guid":{"rendered":"https:\/\/proff.com.tr\/product\/brs170a\/"},"modified":"2025-12-29T19:45:25","modified_gmt":"2025-12-29T16:45:25","slug":"brs170a","status":"publish","type":"product","link":"https:\/\/proff.com.tr\/tr\/product\/brs170a\/","title":{"rendered":"BRS170A"},"content":{"rendered":"","protected":false},"excerpt":{"rendered":"<h3><img decoding=\"async\" class=\"alignleft wp-image-7542\" src=\"https:\/\/proff.com.tr\/wp-content\/uploads\/2022\/07\/yellow-line.svg\" alt=\"\" width=\"80\"><\/h3>\n<p>&nbsp;<\/p>\n<p><strong><span style=\"color: #ffdd30;\">&gt; <\/span><span style=\"color: #000000;\">Ana \u00f6zellikler<\/span><\/strong><\/p>\n<ul>\n<li>136 Br\u00fct Litre<\/li>\n<li>133 Net Litre<\/li>\n<li>Tek Kap\u0131l\u0131<\/li>\n<li>Ankastre Buzdolab\u0131<\/li>\n<li>Ni\u015f 820 mm Kap\u0131 On Kap\u0131 D\u00f6n\u00fc\u015f\u00fcml\u00fc Kap\u0131<\/li>\n<li>2 \u00c7\u0131kar\u0131labilir Raf<\/li>\n<li>1 Cam Raf (Sebzelik \u00dcst\u00fc)<\/li>\n<li>1 Sebzelik<\/li>\n<li>Otomatik Buz \u00c7\u00f6z\u00fcc\u00fc<\/li>\n<li>D\u00f6k\u00fclmeye Dayan\u0131kl\u0131 G\u00fcvenli Cam Raf<\/li>\n<li>1 \u015eeffaf Raf 1 Yumurta Tutucu<\/li>\n<li>1 \u015ei\u015fe Raf\u0131<\/li>\n<li>Br\u00fct \/ Net Hacim: 136 lt \/ 133 lt<\/li>\n<\/ul>\n","protected":false},"featured_media":16992,"comment_status":"closed","ping_status":"closed","template":"","meta":[],"product_brand":[],"product_cat":[328,326],"product_tag":[],"class_list":{"0":"post-16991","1":"product","2":"type-product","3":"status-publish","4":"has-post-thumbnail","6":"product_cat-buzdolaplari","7":"product_cat-sogutma","9":"first","10":"instock","11":"shipping-taxable","12":"product-type-simple"},"_links":{"self":[{"href":"https:\/\/proff.com.tr\/tr\/wp-json\/wp\/v2\/product\/16991","targetHints":{"allow":["GET"]}}],"collection":[{"href":"https:\/\/proff.com.tr\/tr\/wp-json\/wp\/v2\/product"}],"about":[{"href":"https:\/\/proff.com.tr\/tr\/wp-json\/wp\/v2\/types\/product"}],"replies":[{"embeddable":true,"href":"https:\/\/proff.com.tr\/tr\/wp-json\/wp\/v2\/comments?post=16991"}],"version-history":[{"count":0,"href":"https:\/\/proff.com.tr\/tr\/wp-json\/wp\/v2\/product\/16991\/revisions"}],"wp:featuredmedia":[{"embeddable":true,"href":"https:\/\/proff.com.tr\/tr\/wp-json\/wp\/v2\/media\/16992"}],"wp:attachment":[{"href":"https:\/\/proff.com.tr\/tr\/wp-json\/wp\/v2\/media?parent=16991"}],"wp:term":[{"taxonomy":"product_brand","embeddable":true,"href":"https:\/\/proff.com.tr\/tr\/wp-json\/wp\/v2\/product_brand?post=16991"},{"taxonomy":"product_cat","embeddable":true,"href":"https:\/\/proff.com.tr\/tr\/wp-json\/wp\/v2\/product_cat?post=16991"},{"taxonomy":"product_tag","embeddable":true,"href":"https:\/\/proff.com.tr\/tr\/wp-json\/wp\/v2\/product_tag?post=16991"}],"curies":[{"name":"wp","href":"https:\/\/api.w.org\/{rel}","templated":true}]}}