{"id":16993,"date":"2025-12-29T19:41:03","date_gmt":"2025-12-29T16:41:03","guid":{"rendered":"https:\/\/proff.com.tr\/product\/brl300\/"},"modified":"2025-12-29T19:41:03","modified_gmt":"2025-12-29T16:41:03","slug":"brl300","status":"publish","type":"product","link":"https:\/\/proff.com.tr\/tr\/product\/brl300\/","title":{"rendered":"BRL300"},"content":{"rendered":"","protected":false},"excerpt":{"rendered":"<h3><img decoding=\"async\" class=\"alignleft wp-image-7542\" src=\"https:\/\/proff.com.tr\/wp-content\/uploads\/2022\/07\/yellow-line.svg\" alt=\"\" width=\"80\"><\/h3>\n<p>&nbsp;<\/p>\n<p><strong><span style=\"color: #ffdd30;\">&gt; <\/span><span style=\"color: #000000;\">Ana \u00f6zellikler<\/span><\/strong><\/p>\n<ul>\n<li>303 Br\u00fct Litre<\/li>\n<li>300 Net Litre<\/li>\n<li>Tek Kap\u0131l\u0131<\/li>\n<li>Yerle\u015fik Tek Kap\u0131l\u0131 Buzdolab\u0131<\/li>\n<li>S\u00fcrg\u00fcl\u00fc kap\u0131<\/li>\n<li>Door on Door<\/li>\n<li>Tersine \u00e7evrilebilir kap\u0131lar<\/li>\n<li>Br\u00fct \/ Net Hacim: 303 lt \/ 300 lt<\/li>\n<li>D\u00fc\u011fme HP Ekran\u0131<\/li>\n<li>Turbo Fanl\u0131 Hava So\u011futma<\/li>\n<li>Hava Kanal\u0131<\/li>\n<li>G\u00fcvenlik Cam\u0131 Raflar<\/li>\n<li>Sebzelik \u00dczerindeki Cam Raf<\/li>\n<li>Sebzelik<\/li>\n<li>Nem Kontrol Cihaz\u0131<\/li>\n<li>S\u00fct \u00dcr\u00fcnleri Raf\u0131<\/li>\n<li>Yumurta Tutucu<\/li>\n<li>\u015eeffaf raflar<\/li>\n<li>\u015ei\u015fe Raf\u0131<\/li>\n<\/ul>\n","protected":false},"featured_media":16994,"comment_status":"closed","ping_status":"closed","template":"","meta":[],"product_brand":[],"product_cat":[328,326],"product_tag":[],"class_list":{"0":"post-16993","1":"product","2":"type-product","3":"status-publish","4":"has-post-thumbnail","6":"product_cat-buzdolaplari","7":"product_cat-sogutma","9":"first","10":"instock","11":"shipping-taxable","12":"product-type-simple"},"_links":{"self":[{"href":"https:\/\/proff.com.tr\/tr\/wp-json\/wp\/v2\/product\/16993","targetHints":{"allow":["GET"]}}],"collection":[{"href":"https:\/\/proff.com.tr\/tr\/wp-json\/wp\/v2\/product"}],"about":[{"href":"https:\/\/proff.com.tr\/tr\/wp-json\/wp\/v2\/types\/product"}],"replies":[{"embeddable":true,"href":"https:\/\/proff.com.tr\/tr\/wp-json\/wp\/v2\/comments?post=16993"}],"version-history":[{"count":0,"href":"https:\/\/proff.com.tr\/tr\/wp-json\/wp\/v2\/product\/16993\/revisions"}],"wp:featuredmedia":[{"embeddable":true,"href":"https:\/\/proff.com.tr\/tr\/wp-json\/wp\/v2\/media\/16994"}],"wp:attachment":[{"href":"https:\/\/proff.com.tr\/tr\/wp-json\/wp\/v2\/media?parent=16993"}],"wp:term":[{"taxonomy":"product_brand","embeddable":true,"href":"https:\/\/proff.com.tr\/tr\/wp-json\/wp\/v2\/product_brand?post=16993"},{"taxonomy":"product_cat","embeddable":true,"href":"https:\/\/proff.com.tr\/tr\/wp-json\/wp\/v2\/product_cat?post=16993"},{"taxonomy":"product_tag","embeddable":true,"href":"https:\/\/proff.com.tr\/tr\/wp-json\/wp\/v2\/product_tag?post=16993"}],"curies":[{"name":"wp","href":"https:\/\/api.w.org\/{rel}","templated":true}]}}