{"id":17003,"date":"2025-12-29T19:40:09","date_gmt":"2025-12-29T16:40:09","guid":{"rendered":"https:\/\/proff.com.tr\/product\/brf230\/"},"modified":"2025-12-29T19:40:09","modified_gmt":"2025-12-29T16:40:09","slug":"brf230","status":"publish","type":"product","link":"https:\/\/proff.com.tr\/tr\/product\/brf230\/","title":{"rendered":"BRF230"},"content":{"rendered":"\n","protected":false},"excerpt":{"rendered":"<h3><img decoding=\"async\" class=\"alignleft wp-image-7542\" src=\"https:\/\/proff.com.tr\/wp-content\/uploads\/2022\/07\/yellow-line.svg\" alt=\"\" width=\"80\"><\/h3>\n<p>&nbsp;<\/p>\n<p><strong><span style=\"color: #ffdd30;\">&gt; <\/span><span style=\"color: #000000;\">Ana \u00f6zellikler<\/span><\/strong><\/p>\n<ul>\n<li>221 Br\u00fct Litre<\/li>\n<li>197 Net Litre<\/li>\n<li>Tek Kap\u0131l\u0131<\/li>\n<li>Dahili Dondurucu Tek Kap\u0131l\u0131<\/li>\n<li>S\u00fcrg\u00fcl\u00fc kap\u0131<\/li>\n<li>By On Door<\/li>\n<li>Tersine \u00e7evrilebilir kap\u0131lar<\/li>\n<li>Br\u00fct \/ Net Hacim: 221 lt \/ 197 lt<\/li>\n<li>D\u00fc\u011fme HP Ekran\u0131<\/li>\n<li>Nofrost<\/li>\n<li>6 Dondurucu Sepeti<\/li>\n<li>2 Kanat\u00e7\u0131k<\/li>\n<li>LED Ayd\u0131nlatma<\/li>\n<\/ul>\n","protected":false},"featured_media":17004,"comment_status":"closed","ping_status":"closed","template":"","meta":[],"product_brand":[],"product_cat":[328,326],"product_tag":[],"class_list":{"0":"post-17003","1":"product","2":"type-product","3":"status-publish","4":"has-post-thumbnail","6":"product_cat-buzdolaplari","7":"product_cat-sogutma","9":"first","10":"instock","11":"shipping-taxable","12":"product-type-simple"},"_links":{"self":[{"href":"https:\/\/proff.com.tr\/tr\/wp-json\/wp\/v2\/product\/17003","targetHints":{"allow":["GET"]}}],"collection":[{"href":"https:\/\/proff.com.tr\/tr\/wp-json\/wp\/v2\/product"}],"about":[{"href":"https:\/\/proff.com.tr\/tr\/wp-json\/wp\/v2\/types\/product"}],"replies":[{"embeddable":true,"href":"https:\/\/proff.com.tr\/tr\/wp-json\/wp\/v2\/comments?post=17003"}],"version-history":[{"count":0,"href":"https:\/\/proff.com.tr\/tr\/wp-json\/wp\/v2\/product\/17003\/revisions"}],"wp:featuredmedia":[{"embeddable":true,"href":"https:\/\/proff.com.tr\/tr\/wp-json\/wp\/v2\/media\/17004"}],"wp:attachment":[{"href":"https:\/\/proff.com.tr\/tr\/wp-json\/wp\/v2\/media?parent=17003"}],"wp:term":[{"taxonomy":"product_brand","embeddable":true,"href":"https:\/\/proff.com.tr\/tr\/wp-json\/wp\/v2\/product_brand?post=17003"},{"taxonomy":"product_cat","embeddable":true,"href":"https:\/\/proff.com.tr\/tr\/wp-json\/wp\/v2\/product_cat?post=17003"},{"taxonomy":"product_tag","embeddable":true,"href":"https:\/\/proff.com.tr\/tr\/wp-json\/wp\/v2\/product_tag?post=17003"}],"curies":[{"name":"wp","href":"https:\/\/api.w.org\/{rel}","templated":true}]}}