{"id":17338,"date":"2025-12-29T19:38:34","date_gmt":"2025-12-29T16:38:34","guid":{"rendered":"https:\/\/proff.com.tr\/product\/brc235a\/"},"modified":"2025-12-29T19:38:34","modified_gmt":"2025-12-29T16:38:34","slug":"brc235a","status":"publish","type":"product","link":"https:\/\/proff.com.tr\/tr\/product\/brc235a\/","title":{"rendered":"BRC235A+"},"content":{"rendered":"\n","protected":false},"excerpt":{"rendered":"<h3><img decoding=\"async\" class=\"alignleft wp-image-7542\" src=\"https:\/\/proff.com.tr\/wp-content\/uploads\/2022\/07\/yellow-line.svg\" alt=\"\" width=\"80\"><\/h3>\n<p>&nbsp;<\/p>\n<p><strong><span style=\"color: #ffdd30;\">&gt; <\/span><span style=\"color: #000000;\">Ana \u00f6zellikler<\/span><\/strong><\/p>\n<ul>\n<li>235 Br\u00fct Litre<\/li>\n<li>216 Net Litre<\/li>\n<li>2 Kap\u0131<\/li>\n<li>Ankastre Kombi Buzdolab\u0131<\/li>\n<li>Ni\u015f 1780mm<\/li>\n<li>Donmaya Kar\u015f\u0131 Koruma<\/li>\n<li>Kayan Kap\u0131<\/li>\n<li>DOD Tersine \u00c7evrilebilir Kap\u0131lar<span class=\"Apple-converted-space\"> <\/span><\/li>\n<li>Br\u00fct \/ Net Hacim: 235 lt \/ 216 lt<\/li>\n<li>Net Buzdolab\u0131 \/ Dondurucu Hacim: 158 lt \/ 58 lt<\/li>\n<\/ul>\n<p><strong>Buzdolab\u0131<\/strong><\/p>\n<ul>\n<li>3 \u00c7\u0131kar\u0131labilir Raf<\/li>\n<li>G\u00fcvenlik Cam Raflar\u0131<\/li>\n<li>1 Cam Raf<span class=\"Apple-converted-space\"> <\/span><\/li>\n<li>1 Sebzelik<\/li>\n<li>1 S\u00fct Raf\u0131<\/li>\n<li>1 Yumurta Tutucu<\/li>\n<li>2 \u015eeffaf Raflar 1 \u015ei\u015fe Raf\u0131<\/li>\n<\/ul>\n<p><strong>Dondurucu<\/strong><\/p>\n<ul>\n<li>Otomatik Buz \u00c7\u00f6z\u00fcc\u00fc Dondurucu<\/li>\n<li>3 Dondurucu B\u00f6lmesi<span class=\"Apple-converted-space\"> <\/span><\/li>\n<li>Buz Kab\u0131<\/li>\n<\/ul>\n","protected":false},"featured_media":17339,"comment_status":"closed","ping_status":"closed","template":"","meta":[],"product_brand":[],"product_cat":[328,326],"product_tag":[],"class_list":{"0":"post-17338","1":"product","2":"type-product","3":"status-publish","4":"has-post-thumbnail","6":"product_cat-buzdolaplari","7":"product_cat-sogutma","9":"first","10":"instock","11":"shipping-taxable","12":"product-type-simple"},"_links":{"self":[{"href":"https:\/\/proff.com.tr\/tr\/wp-json\/wp\/v2\/product\/17338","targetHints":{"allow":["GET"]}}],"collection":[{"href":"https:\/\/proff.com.tr\/tr\/wp-json\/wp\/v2\/product"}],"about":[{"href":"https:\/\/proff.com.tr\/tr\/wp-json\/wp\/v2\/types\/product"}],"replies":[{"embeddable":true,"href":"https:\/\/proff.com.tr\/tr\/wp-json\/wp\/v2\/comments?post=17338"}],"version-history":[{"count":0,"href":"https:\/\/proff.com.tr\/tr\/wp-json\/wp\/v2\/product\/17338\/revisions"}],"wp:featuredmedia":[{"embeddable":true,"href":"https:\/\/proff.com.tr\/tr\/wp-json\/wp\/v2\/media\/17339"}],"wp:attachment":[{"href":"https:\/\/proff.com.tr\/tr\/wp-json\/wp\/v2\/media?parent=17338"}],"wp:term":[{"taxonomy":"product_brand","embeddable":true,"href":"https:\/\/proff.com.tr\/tr\/wp-json\/wp\/v2\/product_brand?post=17338"},{"taxonomy":"product_cat","embeddable":true,"href":"https:\/\/proff.com.tr\/tr\/wp-json\/wp\/v2\/product_cat?post=17338"},{"taxonomy":"product_tag","embeddable":true,"href":"https:\/\/proff.com.tr\/tr\/wp-json\/wp\/v2\/product_tag?post=17338"}],"curies":[{"name":"wp","href":"https:\/\/api.w.org\/{rel}","templated":true}]}}