{"id":17340,"date":"2025-12-29T19:36:57","date_gmt":"2025-12-29T16:36:57","guid":{"rendered":"https:\/\/proff.com.tr\/product\/r60324gdb\/"},"modified":"2025-12-29T19:36:57","modified_gmt":"2025-12-29T16:36:57","slug":"r60324gdb","status":"publish","type":"product","link":"https:\/\/proff.com.tr\/tr\/product\/r60324gdb\/","title":{"rendered":"R60324GDB"},"content":{"rendered":"\n","protected":false},"excerpt":{"rendered":"<h3><img decoding=\"async\" class=\"alignleft wp-image-7542\" src=\"https:\/\/proff.com.tr\/wp-content\/uploads\/2022\/07\/yellow-line.svg\" alt=\"\" width=\"80\"><\/h3>\n<p>&nbsp;<\/p>\n<p><strong><span style=\"color: #ffdd30;\">&gt; <\/span><span style=\"color: #000000;\">Ana \u00f6zellikler<\/span><\/strong><\/p>\n<ul>\n<li>481 Br\u00fct Litre<\/li>\n<li>137 Litre Dondurucu<\/li>\n<li>344 Litre Buzdolab\u0131<\/li>\n<li>60 cm Kombine Ba\u011f\u0131ms\u0131z Buzdolab\u0131<\/li>\n<li>No Frost \u00c7oklu So\u011futma Teknolojisi<\/li>\n<li>Kap\u0131 Alarm\u0131<\/li>\n<li>Elektronik Kontrol (Kap\u0131 \u00dczerindeki Ekran)<\/li>\n<li>Buzdolab\u0131 LED Ayd\u0131nlatmas\u0131<\/li>\n<li>Nem Kontroll\u00fc Sebzelik<\/li>\n<li>Ayarlanabilir Temperli Cam Raflar<\/li>\n<li>Buz Tepsisi<\/li>\n<li>Yumurta Tutucular<\/li>\n<li>\u015eeffaf Aksesuarlar<\/li>\n<li>Dondurucu Kalkan\u0131<\/li>\n<li>Tersine \u00c7evrilebilir Kap\u0131lar<\/li>\n<li>Tesviye Ayaklar\u0131<\/li>\n<li>Arka Makaralar<\/li>\n<li>Siyah Cam Kap\u0131<\/li>\n<\/ul>\n<p><strong><span style=\"color: #ffdd30;\">&gt; <\/span><span style=\"color: #000000;\">Opsiyonel \u00d6zellikler<\/span><\/strong><\/p>\n<ul>\n<li>LED Dokunmatik HP Ekran<\/li>\n<li>Rahatlama B\u00f6lgesi<\/li>\n<li>\u015earap Raf\u0131<\/li>\n<li>Ta\u015f\u0131nabilir \u015earap Tutucu<\/li>\n<li>\u015ei\u015fe Tutucu<\/li>\n<li>V-Raf<\/li>\n<li>V-Kald\u0131rma<\/li>\n<li>UltraFresh Teknolojisi<\/li>\n<li>Purebeam+<\/li>\n<li>Metal So\u011futma<\/li>\n<\/ul>\n<p><strong><span style=\"color: #ffdd30;\">&gt; <\/span><span style=\"color: #000000;\">Renk Opsiyonlar\u0131<\/span><\/strong><\/p>\n<ul>\n<li>Beyaz<\/li>\n<li>Siyah<\/li>\n<li>G\u00fcm\u00fc\u015f<\/li>\n<\/ul>\n","protected":false},"featured_media":17341,"comment_status":"closed","ping_status":"closed","template":"","meta":[],"product_brand":[],"product_cat":[328,326],"product_tag":[],"class_list":{"0":"post-17340","1":"product","2":"type-product","3":"status-publish","4":"has-post-thumbnail","6":"product_cat-buzdolaplari","7":"product_cat-sogutma","9":"first","10":"instock","11":"shipping-taxable","12":"product-type-simple"},"_links":{"self":[{"href":"https:\/\/proff.com.tr\/tr\/wp-json\/wp\/v2\/product\/17340","targetHints":{"allow":["GET"]}}],"collection":[{"href":"https:\/\/proff.com.tr\/tr\/wp-json\/wp\/v2\/product"}],"about":[{"href":"https:\/\/proff.com.tr\/tr\/wp-json\/wp\/v2\/types\/product"}],"replies":[{"embeddable":true,"href":"https:\/\/proff.com.tr\/tr\/wp-json\/wp\/v2\/comments?post=17340"}],"version-history":[{"count":0,"href":"https:\/\/proff.com.tr\/tr\/wp-json\/wp\/v2\/product\/17340\/revisions"}],"wp:featuredmedia":[{"embeddable":true,"href":"https:\/\/proff.com.tr\/tr\/wp-json\/wp\/v2\/media\/17341"}],"wp:attachment":[{"href":"https:\/\/proff.com.tr\/tr\/wp-json\/wp\/v2\/media?parent=17340"}],"wp:term":[{"taxonomy":"product_brand","embeddable":true,"href":"https:\/\/proff.com.tr\/tr\/wp-json\/wp\/v2\/product_brand?post=17340"},{"taxonomy":"product_cat","embeddable":true,"href":"https:\/\/proff.com.tr\/tr\/wp-json\/wp\/v2\/product_cat?post=17340"},{"taxonomy":"product_tag","embeddable":true,"href":"https:\/\/proff.com.tr\/tr\/wp-json\/wp\/v2\/product_tag?post=17340"}],"curies":[{"name":"wp","href":"https:\/\/api.w.org\/{rel}","templated":true}]}}