{"id":17344,"date":"2025-12-29T07:21:43","date_gmt":"2025-12-29T04:21:43","guid":{"rendered":"https:\/\/proff.com.tr\/product\/c55gtx-wok\/"},"modified":"2025-12-29T07:21:43","modified_gmt":"2025-12-29T04:21:43","slug":"c55gtx-wok","status":"publish","type":"product","link":"https:\/\/proff.com.tr\/tr\/product\/c55gtx-wok\/","title":{"rendered":"C55GTX-WOK"},"content":{"rendered":"","protected":false},"excerpt":{"rendered":"<p><img decoding=\"async\" class=\"alignleft wp-image-7542\" src=\"https:\/\/proff.com.tr\/wp-content\/uploads\/2022\/07\/yellow-line.svg\" alt=\"\" width=\"80\"><\/p>\n<p>&nbsp;<\/p>\n<p><strong><span style=\"color: #ffdd30;\">&gt; <\/span><span style=\"color: #000000;\">Ana \u00f6zellikler<\/span><\/strong><\/p>\n<ul>\n<li><span class=\"Apple-converted-space\"> <\/span>3 Gazl\u0131<\/li>\n<li>49 Litre<\/li>\n<li>50&#215;55 Solo F\u0131r\u0131n<\/li>\n<li>Gazl\u0131 F\u0131r\u0131n \/ Ocak: 2 Gazl\u0131 + 1 WOK (FFD&#8217;li)<\/li>\n<li>1 D\u00fc\u011fme Kontrol\u00fc &#8211; Tek Y\u00f6nl\u00fc Alt Br\u00fcl\u00f6r FFD<\/li>\n<li>\u00c7ift Caml\u0131 F\u0131r\u0131n Kapa\u011f\u0131<\/li>\n<li>I\u015f\u0131k + D\u00fc\u011fmeli Ate\u015fleme \/ Ocak + F\u0131r\u0131n \u0130\u00e7in<\/li>\n<li>Metal \u00dcst Kapak<\/li>\n<li>1 Tepsi &amp; 1 Izgara<\/li>\n<li>Kontrol Panel Koruma Sac\u0131<\/li>\n<li>Ayarlanabilir Vidal\u0131 Ayak<\/li>\n<li>Emaye Izgara<\/li>\n<li>Inox Gri D\u00fc\u011fmeler &amp; Siyah Kulp<\/li>\n<\/ul>\n<p><strong><span style=\"color: #ffdd30;\">&gt; <\/span><span style=\"color: #000000;\">Opsiyonel \u00d6zellikler<\/span><\/strong><\/p>\n<ul>\n<li>Kahve Adapt\u00f6r\u00fc<\/li>\n<li>Wok Br\u00fcl\u00f6r Adapt\u00f6r\u00fc<\/li>\n<li>Arka koruma paneli<\/li>\n<li>Lamba \u2013 \u00c7akmak Opsiyonlar\u0131<\/li>\n<li>Yan tel raf<\/li>\n<li>Pili\u00e7 \u00c7evirme<\/li>\n<li>Teleskopik Raylar<\/li>\n<li>Katalitik Yan Paneller<\/li>\n<li>Zamanlay\u0131c\u0131<\/li>\n<li>Cam Kapak<\/li>\n<\/ul>\n<p><strong><span style=\"color: #ffdd30;\">&gt; <\/span><span style=\"color: #000000;\">Renk Opsiyonlar\u0131<\/span><\/strong><\/p>\n<ul>\n<li>Inox<\/li>\n<li>Beyaz<\/li>\n<li>Siyah<\/li>\n<li>Bej<\/li>\n<li>Kahverengi<\/li>\n<li>Inox Grisi<\/li>\n<\/ul>\n","protected":false},"featured_media":17345,"comment_status":"closed","ping_status":"closed","template":"","meta":[],"product_brand":[],"product_cat":[331],"product_tag":[330],"class_list":{"0":"post-17344","1":"product","2":"type-product","3":"status-publish","4":"has-post-thumbnail","6":"product_cat-yari-profesyonel-tekli-firinlar","7":"product_tag-yemek-pisirme","9":"first","10":"instock","11":"shipping-taxable","12":"product-type-simple"},"_links":{"self":[{"href":"https:\/\/proff.com.tr\/tr\/wp-json\/wp\/v2\/product\/17344","targetHints":{"allow":["GET"]}}],"collection":[{"href":"https:\/\/proff.com.tr\/tr\/wp-json\/wp\/v2\/product"}],"about":[{"href":"https:\/\/proff.com.tr\/tr\/wp-json\/wp\/v2\/types\/product"}],"replies":[{"embeddable":true,"href":"https:\/\/proff.com.tr\/tr\/wp-json\/wp\/v2\/comments?post=17344"}],"version-history":[{"count":0,"href":"https:\/\/proff.com.tr\/tr\/wp-json\/wp\/v2\/product\/17344\/revisions"}],"wp:featuredmedia":[{"embeddable":true,"href":"https:\/\/proff.com.tr\/tr\/wp-json\/wp\/v2\/media\/17345"}],"wp:attachment":[{"href":"https:\/\/proff.com.tr\/tr\/wp-json\/wp\/v2\/media?parent=17344"}],"wp:term":[{"taxonomy":"product_brand","embeddable":true,"href":"https:\/\/proff.com.tr\/tr\/wp-json\/wp\/v2\/product_brand?post=17344"},{"taxonomy":"product_cat","embeddable":true,"href":"https:\/\/proff.com.tr\/tr\/wp-json\/wp\/v2\/product_cat?post=17344"},{"taxonomy":"product_tag","embeddable":true,"href":"https:\/\/proff.com.tr\/tr\/wp-json\/wp\/v2\/product_tag?post=17344"}],"curies":[{"name":"wp","href":"https:\/\/api.w.org\/{rel}","templated":true}]}}