{"id":17346,"date":"2025-12-29T07:42:59","date_gmt":"2025-12-29T04:42:59","guid":{"rendered":"https:\/\/proff.com.tr\/product\/biwm7-biwd75\/"},"modified":"2026-03-14T14:37:00","modified_gmt":"2026-03-14T11:37:00","slug":"biwm7-biwd75","status":"publish","type":"product","link":"https:\/\/proff.com.tr\/tr\/product\/biwm7-biwd75\/","title":{"rendered":"BIWM7 \/ BIWD75"},"content":{"rendered":"","protected":false},"excerpt":{"rendered":"<h3><img decoding=\"async\" class=\"alignleft wp-image-7542\" src=\"https:\/\/proff.com.tr\/wp-content\/uploads\/2022\/07\/yellow-line.svg\" alt=\"\" width=\"80\"><\/h3>\n<p>&nbsp;<\/p>\n<p><strong><span style=\"color: #ffdd30;\">&gt; <\/span><span style=\"color: #000000;\">Ana \u00f6zellikler<\/span><\/strong><\/p>\n<ul>\n<li>7 kg \/ 7+5 kg<\/li>\n<li>1400 RPM<\/li>\n<li>15 Program<\/li>\n<li>Ankastre \u00c7ama\u015f\u0131r Makinesi \/ Y\u0131kama Kurutma Makinesi<\/li>\n<li>S\u0131kma H\u0131z\u0131 (RPM) : 1400<\/li>\n<li>Hacim (L) : 49 \/ 51<\/li>\n<li>BLDC Motor<\/li>\n<li>Elektronik Kontrol<\/li>\n<li>Kehribar Ekran<\/li>\n<li>15 Program<\/li>\n<li>Beyaz<\/li>\n<\/ul>\n<p><strong><span style=\"color: #ffdd30;\">&gt; <\/span><span style=\"color: #000000;\">Opsiyonel \u00d6zellikler<\/span><\/strong><\/p>\n<ul>\n<li>Buhar Destekli (BIWM7 i\u00e7in)<\/li>\n<li>Zaman Erteleme Ayar\u0131 (BIWM7 i\u00e7in)<\/li>\n<li>Beyaz Ekran<\/li>\n<li>Sesli Uyar\u0131<\/li>\n<\/ul>\n","protected":false},"featured_media":17347,"comment_status":"closed","ping_status":"closed","template":"","meta":[],"product_brand":[],"product_cat":[364,362],"product_tag":[],"class_list":{"0":"post-17346","1":"product","2":"type-product","3":"status-publish","4":"has-post-thumbnail","6":"product_cat-camasir-makineleri","7":"product_cat-yikama","9":"first","10":"instock","11":"shipping-taxable","12":"product-type-simple"},"_links":{"self":[{"href":"https:\/\/proff.com.tr\/tr\/wp-json\/wp\/v2\/product\/17346","targetHints":{"allow":["GET"]}}],"collection":[{"href":"https:\/\/proff.com.tr\/tr\/wp-json\/wp\/v2\/product"}],"about":[{"href":"https:\/\/proff.com.tr\/tr\/wp-json\/wp\/v2\/types\/product"}],"replies":[{"embeddable":true,"href":"https:\/\/proff.com.tr\/tr\/wp-json\/wp\/v2\/comments?post=17346"}],"version-history":[{"count":0,"href":"https:\/\/proff.com.tr\/tr\/wp-json\/wp\/v2\/product\/17346\/revisions"}],"wp:featuredmedia":[{"embeddable":true,"href":"https:\/\/proff.com.tr\/tr\/wp-json\/wp\/v2\/media\/17347"}],"wp:attachment":[{"href":"https:\/\/proff.com.tr\/tr\/wp-json\/wp\/v2\/media?parent=17346"}],"wp:term":[{"taxonomy":"product_brand","embeddable":true,"href":"https:\/\/proff.com.tr\/tr\/wp-json\/wp\/v2\/product_brand?post=17346"},{"taxonomy":"product_cat","embeddable":true,"href":"https:\/\/proff.com.tr\/tr\/wp-json\/wp\/v2\/product_cat?post=17346"},{"taxonomy":"product_tag","embeddable":true,"href":"https:\/\/proff.com.tr\/tr\/wp-json\/wp\/v2\/product_tag?post=17346"}],"curies":[{"name":"wp","href":"https:\/\/api.w.org\/{rel}","templated":true}]}}