{"id":17353,"date":"2025-12-29T19:35:30","date_gmt":"2025-12-29T16:35:30","guid":{"rendered":"https:\/\/proff.com.tr\/product\/r60341wdx\/"},"modified":"2025-12-29T19:35:30","modified_gmt":"2025-12-29T16:35:30","slug":"r60341wdx","status":"publish","type":"product","link":"https:\/\/proff.com.tr\/tr\/product\/r60341wdx\/","title":{"rendered":"R60341WDX"},"content":{"rendered":"\n","protected":false},"excerpt":{"rendered":"<h3><img decoding=\"async\" class=\"alignleft wp-image-7542\" src=\"https:\/\/proff.com.tr\/wp-content\/uploads\/2022\/07\/yellow-line.svg\" alt=\"\" width=\"80\"><\/h3>\n<p>&nbsp;<\/p>\n<p><strong><span style=\"color: #ffdd30;\">&gt; <\/span><span style=\"color: #000000;\">Ana \u00f6zellikler<\/span><\/strong><\/p>\n<ul>\n<li>341 Br\u00fct Litre<\/li>\n<li>331 Net Litre<\/li>\n<li>2 Kap\u0131l\u0131<\/li>\n<li>60 cm Kombi Solo Buzdolab\u0131<\/li>\n<li>Buz Tepsi ve Buz Yap\u0131c\u0131<\/li>\n<li>2 Kap\u0131 Aras\u0131 Tutamak<\/li>\n<li>Su sebili<\/li>\n<li>Do\u011fal \u0130yon Teknolojisi<\/li>\n<li>Sihirli Kutu<\/li>\n<li>Tropik \u0130klim S\u0131n\u0131f\u0131<\/li>\n<li>R600<\/li>\n<li>Inox<\/li>\n<\/ul>\n<p><strong><span style=\"color: #ffdd30;\">&gt; <\/span><span style=\"color: #000000;\">Opsiyonel \u00d6zellikler<\/span><\/strong><\/p>\n<ul>\n<li><span class=\"Apple-converted-space\"> <\/span>Su sebili<\/li>\n<li>Buzmatik<\/li>\n<li>G\u00f6mme Tutamak<\/li>\n<li>Beyaz Renk<\/li>\n<li>\u015earap Raf\u0131<\/li>\n<\/ul>\n<p><strong><span style=\"color: #ffdd30;\">&gt; <\/span><span style=\"color: #000000;\">RENK OPS\u0130YONLARI<\/span><\/strong><\/p>\n<ul>\n<li>Beyaz<\/li>\n<li>Siyah<\/li>\n<li>G\u00fcm\u00fc\u015f<\/li>\n<\/ul>\n","protected":false},"featured_media":17354,"comment_status":"closed","ping_status":"closed","template":"","meta":[],"product_brand":[],"product_cat":[328,326],"product_tag":[],"class_list":{"0":"post-17353","1":"product","2":"type-product","3":"status-publish","4":"has-post-thumbnail","6":"product_cat-buzdolaplari","7":"product_cat-sogutma","9":"first","10":"instock","11":"shipping-taxable","12":"product-type-simple"},"_links":{"self":[{"href":"https:\/\/proff.com.tr\/tr\/wp-json\/wp\/v2\/product\/17353","targetHints":{"allow":["GET"]}}],"collection":[{"href":"https:\/\/proff.com.tr\/tr\/wp-json\/wp\/v2\/product"}],"about":[{"href":"https:\/\/proff.com.tr\/tr\/wp-json\/wp\/v2\/types\/product"}],"replies":[{"embeddable":true,"href":"https:\/\/proff.com.tr\/tr\/wp-json\/wp\/v2\/comments?post=17353"}],"version-history":[{"count":0,"href":"https:\/\/proff.com.tr\/tr\/wp-json\/wp\/v2\/product\/17353\/revisions"}],"wp:featuredmedia":[{"embeddable":true,"href":"https:\/\/proff.com.tr\/tr\/wp-json\/wp\/v2\/media\/17354"}],"wp:attachment":[{"href":"https:\/\/proff.com.tr\/tr\/wp-json\/wp\/v2\/media?parent=17353"}],"wp:term":[{"taxonomy":"product_brand","embeddable":true,"href":"https:\/\/proff.com.tr\/tr\/wp-json\/wp\/v2\/product_brand?post=17353"},{"taxonomy":"product_cat","embeddable":true,"href":"https:\/\/proff.com.tr\/tr\/wp-json\/wp\/v2\/product_cat?post=17353"},{"taxonomy":"product_tag","embeddable":true,"href":"https:\/\/proff.com.tr\/tr\/wp-json\/wp\/v2\/product_tag?post=17353"}],"curies":[{"name":"wp","href":"https:\/\/api.w.org\/{rel}","templated":true}]}}