{"id":17357,"date":"2025-12-29T07:53:07","date_gmt":"2025-12-29T04:53:07","guid":{"rendered":"https:\/\/proff.com.tr\/product\/tdc8100\/"},"modified":"2025-12-29T07:53:07","modified_gmt":"2025-12-29T04:53:07","slug":"tdc8100","status":"publish","type":"product","link":"https:\/\/proff.com.tr\/tr\/product\/tdc8100\/","title":{"rendered":"TDC8100"},"content":{"rendered":"","protected":false},"excerpt":{"rendered":"<h3><img decoding=\"async\" class=\"alignleft wp-image-7542\" src=\"https:\/\/proff.com.tr\/wp-content\/uploads\/2022\/07\/yellow-line.svg\" alt=\"\" width=\"80\"><\/h3>\n<p>&nbsp;<\/p>\n<p><strong><span style=\"color: #ffdd30;\">&gt; <\/span><span style=\"color: #000000;\">Ana \u00f6zellikler<\/span><\/strong><\/p>\n<ul>\n<li>8 kg<\/li>\n<li>15 Program<\/li>\n<li>112 litre<\/li>\n<li>KURUTUCU<\/li>\n<li>112L Yo\u011fu\u015fmal\u0131 Kurutma Makinesi<\/li>\n<li>220-240V ~ 50HZ<\/li>\n<li>\u00c7ocuk kilidi<\/li>\n<li>Sens\u00f6rl\u00fc Kurutma Sistemi<\/li>\n<li>\u00c7ift Y\u00f6nl\u00fc Tambur Hareketi<\/li>\n<li>Hata Tespit Sistemi<\/li>\n<li>Kurutma d\u00f6ng\u00fcs\u00fc g\u00f6stergesi<\/li>\n<li>15 Program<\/li>\n<li>Koyu G\u00fcm\u00fc\u015f<\/li>\n<\/ul>\n<p><strong><span style=\"color: #ffdd30;\">&gt; <\/span><span style=\"color: #000000;\">RENK OPS\u0130YONLARI<\/span><\/strong><\/p>\n<ul>\n<li>Beyaz<\/li>\n<li>Siyah<\/li>\n<li>G\u00fcm\u00fc\u015f<\/li>\n<\/ul>\n","protected":false},"featured_media":17358,"comment_status":"closed","ping_status":"closed","template":"","meta":[],"product_brand":[],"product_cat":[364,362],"product_tag":[],"class_list":{"0":"post-17357","1":"product","2":"type-product","3":"status-publish","4":"has-post-thumbnail","6":"product_cat-camasir-makineleri","7":"product_cat-yikama","9":"first","10":"instock","11":"shipping-taxable","12":"product-type-simple"},"_links":{"self":[{"href":"https:\/\/proff.com.tr\/tr\/wp-json\/wp\/v2\/product\/17357","targetHints":{"allow":["GET"]}}],"collection":[{"href":"https:\/\/proff.com.tr\/tr\/wp-json\/wp\/v2\/product"}],"about":[{"href":"https:\/\/proff.com.tr\/tr\/wp-json\/wp\/v2\/types\/product"}],"replies":[{"embeddable":true,"href":"https:\/\/proff.com.tr\/tr\/wp-json\/wp\/v2\/comments?post=17357"}],"version-history":[{"count":0,"href":"https:\/\/proff.com.tr\/tr\/wp-json\/wp\/v2\/product\/17357\/revisions"}],"wp:featuredmedia":[{"embeddable":true,"href":"https:\/\/proff.com.tr\/tr\/wp-json\/wp\/v2\/media\/17358"}],"wp:attachment":[{"href":"https:\/\/proff.com.tr\/tr\/wp-json\/wp\/v2\/media?parent=17357"}],"wp:term":[{"taxonomy":"product_brand","embeddable":true,"href":"https:\/\/proff.com.tr\/tr\/wp-json\/wp\/v2\/product_brand?post=17357"},{"taxonomy":"product_cat","embeddable":true,"href":"https:\/\/proff.com.tr\/tr\/wp-json\/wp\/v2\/product_cat?post=17357"},{"taxonomy":"product_tag","embeddable":true,"href":"https:\/\/proff.com.tr\/tr\/wp-json\/wp\/v2\/product_tag?post=17357"}],"curies":[{"name":"wp","href":"https:\/\/api.w.org\/{rel}","templated":true}]}}