{"id":17359,"date":"2025-12-29T19:33:40","date_gmt":"2025-12-29T16:33:40","guid":{"rendered":"https:\/\/proff.com.tr\/product\/r84575ddx\/"},"modified":"2025-12-29T19:33:40","modified_gmt":"2025-12-29T16:33:40","slug":"r84575ddx","status":"publish","type":"product","link":"https:\/\/proff.com.tr\/tr\/product\/r84575ddx\/","title":{"rendered":"R84575DDX"},"content":{"rendered":"\n","protected":false},"excerpt":{"rendered":"<h3><img decoding=\"async\" class=\"alignleft wp-image-7542\" src=\"https:\/\/proff.com.tr\/wp-content\/uploads\/2022\/07\/yellow-line.svg\" alt=\"\" width=\"80\"><\/h3>\n<p>&nbsp;<\/p>\n<p><strong><span style=\"color: #ffdd30;\">&gt; <\/span><span style=\"color: #000000;\">Ana \u00f6zellikler<\/span><\/strong><\/p>\n<ul>\n<li><span class=\"Apple-converted-space\"> <\/span>625 Br\u00fct Litre<\/li>\n<li>587 Net Litre<\/li>\n<li>2 Kap\u0131l\u0131<\/li>\n<li>Buzdolab\u0131 84 Cm \u00c7ift Kap\u0131l\u0131<\/li>\n<li>Dondurucu \u00dcstte<\/li>\n<li>625 LT Toplam Hacim<\/li>\n<li>\u015earap Raf\u0131<\/li>\n<li>Buz Tepsi ve Buz Yap\u0131c\u0131<\/li>\n<li>K\u0131vr\u0131ml\u0131 veya Kayan Buzmatik<\/li>\n<li>Dijital Ekran<\/li>\n<li>Su sebili<\/li>\n<li>Tropik \u0130klim S\u0131n\u0131f\u0131<\/li>\n<li>R600<\/li>\n<li>Tutamak Tipi: Kutu<\/li>\n<li>Inox<\/li>\n<\/ul>\n<p><strong><span style=\"color: #ffdd30;\">&gt; <\/span><span style=\"color: #000000;\">Opsiyonel \u00d6zellikler<\/span><\/strong><\/p>\n<ul>\n<li>Buzmatik<\/li>\n<li>G\u00f6mme Tutamak<\/li>\n<li>Beyaz Renk<\/li>\n<\/ul>\n<p><strong style=\"font-size: 1rem;\"><span style=\"color: #ffdd30;\">&gt; <\/span><span style=\"color: #000000;\">RENK OPS\u0130YONLARI<\/span><\/strong><\/p>\n<ul>\n<li>Beyaz<\/li>\n<li>Siyah<\/li>\n<li>G\u00fcm\u00fc\u015f<\/li>\n<\/ul>\n","protected":false},"featured_media":17360,"comment_status":"closed","ping_status":"closed","template":"","meta":[],"product_brand":[],"product_cat":[328,326],"product_tag":[],"class_list":{"0":"post-17359","1":"product","2":"type-product","3":"status-publish","4":"has-post-thumbnail","6":"product_cat-buzdolaplari","7":"product_cat-sogutma","9":"first","10":"instock","11":"shipping-taxable","12":"product-type-simple"},"_links":{"self":[{"href":"https:\/\/proff.com.tr\/tr\/wp-json\/wp\/v2\/product\/17359","targetHints":{"allow":["GET"]}}],"collection":[{"href":"https:\/\/proff.com.tr\/tr\/wp-json\/wp\/v2\/product"}],"about":[{"href":"https:\/\/proff.com.tr\/tr\/wp-json\/wp\/v2\/types\/product"}],"replies":[{"embeddable":true,"href":"https:\/\/proff.com.tr\/tr\/wp-json\/wp\/v2\/comments?post=17359"}],"version-history":[{"count":0,"href":"https:\/\/proff.com.tr\/tr\/wp-json\/wp\/v2\/product\/17359\/revisions"}],"wp:featuredmedia":[{"embeddable":true,"href":"https:\/\/proff.com.tr\/tr\/wp-json\/wp\/v2\/media\/17360"}],"wp:attachment":[{"href":"https:\/\/proff.com.tr\/tr\/wp-json\/wp\/v2\/media?parent=17359"}],"wp:term":[{"taxonomy":"product_brand","embeddable":true,"href":"https:\/\/proff.com.tr\/tr\/wp-json\/wp\/v2\/product_brand?post=17359"},{"taxonomy":"product_cat","embeddable":true,"href":"https:\/\/proff.com.tr\/tr\/wp-json\/wp\/v2\/product_cat?post=17359"},{"taxonomy":"product_tag","embeddable":true,"href":"https:\/\/proff.com.tr\/tr\/wp-json\/wp\/v2\/product_tag?post=17359"}],"curies":[{"name":"wp","href":"https:\/\/api.w.org\/{rel}","templated":true}]}}