{"id":17363,"date":"2025-12-29T19:30:50","date_gmt":"2025-12-29T16:30:50","guid":{"rendered":"https:\/\/proff.com.tr\/product\/r4cdwgd432\/"},"modified":"2025-12-29T19:30:50","modified_gmt":"2025-12-29T16:30:50","slug":"r4cdwgd432","status":"publish","type":"product","link":"https:\/\/proff.com.tr\/tr\/product\/r4cdwgd432\/","title":{"rendered":"R4CDWGD432"},"content":{"rendered":"","protected":false},"excerpt":{"rendered":"<h3><img decoding=\"async\" class=\"alignleft wp-image-7542\" src=\"https:\/\/proff.com.tr\/wp-content\/uploads\/2022\/07\/yellow-line.svg\" alt=\"\" width=\"80\"><\/h3>\n<p>&nbsp;<\/p>\n<p><strong><span style=\"color: #ffdd30;\">&gt; <\/span><span style=\"color: #000000;\">Ana \u00f6zellikler<\/span><\/strong><\/p>\n<ul>\n<li>560 Toplam Litre<\/li>\n<li>Solo CROSSDOOR Buzdolab\u0131<\/li>\n<li>560 L Hacim<\/li>\n<li>No Frost<span class=\"Apple-converted-space\"> <\/span><\/li>\n<li>Beyaz Cam Kap\u0131<\/li>\n<li>Gizli Kulp<\/li>\n<li>PCM G\u00f6vde<\/li>\n<li>Dokunmatik LED Ekran Kontroll\u00fc Su P\u0131nar\u0131<\/li>\n<li>\u0130\u00e7 LED Ayd\u0131nlatma<\/li>\n<li>Grimsi Ye\u015fil \u0130\u00e7 Renk<\/li>\n<li>Inverter Kompres\u00f6r<\/li>\n<li>R600a<\/li>\n<\/ul>\n<p><strong><span style=\"color: #ffdd30;\">&gt; <\/span><span style=\"color: #000000;\">RENK OPS\u0130YONLARI<\/span><\/strong><\/p>\n<ul>\n<li>Koyu Inox<\/li>\n<li>Siyah Cam<\/li>\n<\/ul>\n","protected":false},"featured_media":17364,"comment_status":"closed","ping_status":"closed","template":"","meta":[],"product_brand":[],"product_cat":[328,326],"product_tag":[],"class_list":{"0":"post-17363","1":"product","2":"type-product","3":"status-publish","4":"has-post-thumbnail","6":"product_cat-buzdolaplari","7":"product_cat-sogutma","9":"first","10":"instock","11":"shipping-taxable","12":"product-type-simple"},"_links":{"self":[{"href":"https:\/\/proff.com.tr\/tr\/wp-json\/wp\/v2\/product\/17363","targetHints":{"allow":["GET"]}}],"collection":[{"href":"https:\/\/proff.com.tr\/tr\/wp-json\/wp\/v2\/product"}],"about":[{"href":"https:\/\/proff.com.tr\/tr\/wp-json\/wp\/v2\/types\/product"}],"replies":[{"embeddable":true,"href":"https:\/\/proff.com.tr\/tr\/wp-json\/wp\/v2\/comments?post=17363"}],"version-history":[{"count":0,"href":"https:\/\/proff.com.tr\/tr\/wp-json\/wp\/v2\/product\/17363\/revisions"}],"wp:featuredmedia":[{"embeddable":true,"href":"https:\/\/proff.com.tr\/tr\/wp-json\/wp\/v2\/media\/17364"}],"wp:attachment":[{"href":"https:\/\/proff.com.tr\/tr\/wp-json\/wp\/v2\/media?parent=17363"}],"wp:term":[{"taxonomy":"product_brand","embeddable":true,"href":"https:\/\/proff.com.tr\/tr\/wp-json\/wp\/v2\/product_brand?post=17363"},{"taxonomy":"product_cat","embeddable":true,"href":"https:\/\/proff.com.tr\/tr\/wp-json\/wp\/v2\/product_cat?post=17363"},{"taxonomy":"product_tag","embeddable":true,"href":"https:\/\/proff.com.tr\/tr\/wp-json\/wp\/v2\/product_tag?post=17363"}],"curies":[{"name":"wp","href":"https:\/\/api.w.org\/{rel}","templated":true}]}}