{"id":17365,"date":"2025-12-29T19:29:25","date_gmt":"2025-12-29T16:29:25","guid":{"rendered":"https:\/\/proff.com.tr\/product\/rfwcmx-slot\/"},"modified":"2025-12-29T19:29:25","modified_gmt":"2025-12-29T16:29:25","slug":"rfwcmx-slot","status":"publish","type":"product","link":"https:\/\/proff.com.tr\/tr\/product\/rfwcmx-slot\/","title":{"rendered":"RFWCMX SLOT"},"content":{"rendered":"\n","protected":false},"excerpt":{"rendered":"<h3><img decoding=\"async\" class=\"alignleft wp-image-7542\" src=\"https:\/\/proff.com.tr\/wp-content\/uploads\/2022\/07\/yellow-line.svg\" alt=\"\" width=\"80\"><\/h3>\n<p>&nbsp;<\/p>\n<p><strong><span style=\"color: #ffdd30;\">&gt; <\/span><span style=\"color: #000000;\">Ana \u00f6zellikler<\/span><\/strong><\/p>\n<ul>\n<li>Toplam 522 Litre<\/li>\n<li>181 Litre Dondurucu<\/li>\n<li>314 Litre Buzdolab\u0131<\/li>\n<li>Solo Slot-in Buzdolab\u0131<\/li>\n<li>SN\/N\/ST\/T \u0130klim S\u0131n\u0131f\u0131<\/li>\n<li>Net Boyutlar (G*D*Y)mm: 908x598x1930<\/li>\n<li>Ambalaj Boyutlar\u0131 (G*D*Y)mm: 968x660x2012<\/li>\n<li>WCM Inox<\/li>\n<li>PCM kap\u0131 paneli<\/li>\n<li>Gizli kulp<\/li>\n<li>Inverter kompres\u00f6r<\/li>\n<li>Renkli ekran<\/li>\n<li>De\u011fi\u015fken s\u0131cakl\u0131k \u00e7ekmecesi<\/li>\n<li>Nem \u00e7ekmecesi<\/li>\n<li>Buzdolab\u0131 ve dondurucuda toplam 4 \u00e7ekmece<\/li>\n<li>Nemli ve kuru b\u00f6lme<\/li>\n<li>Metal so\u011futma<span class=\"Apple-converted-space\"> <\/span><\/li>\n<li>Raf ve \u015fi\u015feliklerde g\u00fcm\u00fc\u015f \u015feritler<\/li>\n<li>Hareketli buz b\u00fckme aparat\u0131<\/li>\n<li>\u015earap raf\u0131<\/li>\n<\/ul>\n<p><strong><span style=\"color: #ffdd30;\">&gt; <\/span><span style=\"color: #000000;\">Renk Opsiyonlar\u0131<\/span><\/strong><\/p>\n<ul>\n<li>Koyu Inox<\/li>\n<li>Siyah Cam<\/li>\n<\/ul>\n","protected":false},"featured_media":17366,"comment_status":"closed","ping_status":"closed","template":"","meta":[],"product_brand":[],"product_cat":[328,326],"product_tag":[],"class_list":{"0":"post-17365","1":"product","2":"type-product","3":"status-publish","4":"has-post-thumbnail","6":"product_cat-buzdolaplari","7":"product_cat-sogutma","9":"first","10":"instock","11":"shipping-taxable","12":"product-type-simple"},"_links":{"self":[{"href":"https:\/\/proff.com.tr\/tr\/wp-json\/wp\/v2\/product\/17365","targetHints":{"allow":["GET"]}}],"collection":[{"href":"https:\/\/proff.com.tr\/tr\/wp-json\/wp\/v2\/product"}],"about":[{"href":"https:\/\/proff.com.tr\/tr\/wp-json\/wp\/v2\/types\/product"}],"replies":[{"embeddable":true,"href":"https:\/\/proff.com.tr\/tr\/wp-json\/wp\/v2\/comments?post=17365"}],"version-history":[{"count":0,"href":"https:\/\/proff.com.tr\/tr\/wp-json\/wp\/v2\/product\/17365\/revisions"}],"wp:featuredmedia":[{"embeddable":true,"href":"https:\/\/proff.com.tr\/tr\/wp-json\/wp\/v2\/media\/17366"}],"wp:attachment":[{"href":"https:\/\/proff.com.tr\/tr\/wp-json\/wp\/v2\/media?parent=17365"}],"wp:term":[{"taxonomy":"product_brand","embeddable":true,"href":"https:\/\/proff.com.tr\/tr\/wp-json\/wp\/v2\/product_brand?post=17365"},{"taxonomy":"product_cat","embeddable":true,"href":"https:\/\/proff.com.tr\/tr\/wp-json\/wp\/v2\/product_cat?post=17365"},{"taxonomy":"product_tag","embeddable":true,"href":"https:\/\/proff.com.tr\/tr\/wp-json\/wp\/v2\/product_tag?post=17365"}],"curies":[{"name":"wp","href":"https:\/\/api.w.org\/{rel}","templated":true}]}}