{"id":17367,"date":"2025-12-29T19:15:19","date_gmt":"2025-12-29T16:15:19","guid":{"rendered":"https:\/\/proff.com.tr\/product\/frwx-hug\/"},"modified":"2025-12-29T19:15:19","modified_gmt":"2025-12-29T16:15:19","slug":"frwx-hug","status":"publish","type":"product","link":"https:\/\/proff.com.tr\/tr\/product\/frwx-hug\/","title":{"rendered":"FRWX HUG"},"content":{"rendered":"","protected":false},"excerpt":{"rendered":"<h3><img decoding=\"async\" class=\"alignleft wp-image-7542\" src=\"https:\/\/proff.com.tr\/wp-content\/uploads\/2022\/07\/yellow-line.svg\" alt=\"\" width=\"80\"><\/h3>\n<p>&nbsp;<\/p>\n<p><strong><span style=\"color: #ffdd30;\">&gt; <\/span><span style=\"color: #000000;\">Ana \u00f6zellikler<\/span><\/strong><\/p>\n<ul>\n<li>506 Toplam Litre<\/li>\n<li>183 Dondurucu Litre<\/li>\n<li>323 Buzdolab\u0131 Litre<\/li>\n<li>Solo Frans\u0131z Kap\u0131l\u0131 Buzdolab\u0131<\/li>\n<li>Su sebili<\/li>\n<li>Total No Frost<\/li>\n<li>Inverter Kompres\u00f6r<\/li>\n<li>Entegre Kulplar<\/li>\n<li>3 Cam Raf<\/li>\n<li>6 Kap\u0131 Raf\u0131<\/li>\n<li>LED Ekran<\/li>\n<li>Kap\u0131 Alarm\u0131<\/li>\n<li>S\u00fcper Dondurma<\/li>\n<li>S\u00fcper So\u011futma<\/li>\n<li>R600a<\/li>\n<li>Ayarlanabilir Ayaklar<\/li>\n<li>4 Tekerlek<\/li>\n<li>Inox<\/li>\n<li>(G\/D\/Y) \u00dcr\u00fcn Boyutu mm : 836 x 706 x 1830<\/li>\n<li>(G\/D\/Y) Ambalaj<span class=\"Apple-converted-space\">  <\/span>Boyutu mm : 893 x 750 x 1895<\/li>\n<\/ul>\n<p><strong><span style=\"color: #ffdd30;\">&gt; <\/span><span style=\"color: #000000;\">Opsiyonel \u00d6zellikler<\/span><\/strong><\/p>\n<ul>\n<li>\u015ei\u015fe Raf\u0131 ve \u00c7ekmece i\u00e7in Paslanmaz \u00c7elik Trim<\/li>\n<li>\u00c7\u0131kar\u0131labilir B\u00fckmeli Buz Yap\u0131c\u0131 (manuel)<\/li>\n<\/ul>\n<p><strong><span style=\"color: #ffdd30;\">&gt; <\/span><span style=\"color: #000000;\">Renk Opsiyonlar\u0131<\/span><\/strong><\/p>\n<ul>\n<li>Koyu Inox<\/li>\n<li>Siyah Cam<\/li>\n<\/ul>\n","protected":false},"featured_media":17368,"comment_status":"closed","ping_status":"closed","template":"","meta":[],"product_brand":[],"product_cat":[328,326],"product_tag":[],"class_list":{"0":"post-17367","1":"product","2":"type-product","3":"status-publish","4":"has-post-thumbnail","6":"product_cat-buzdolaplari","7":"product_cat-sogutma","9":"first","10":"instock","11":"shipping-taxable","12":"product-type-simple"},"_links":{"self":[{"href":"https:\/\/proff.com.tr\/tr\/wp-json\/wp\/v2\/product\/17367","targetHints":{"allow":["GET"]}}],"collection":[{"href":"https:\/\/proff.com.tr\/tr\/wp-json\/wp\/v2\/product"}],"about":[{"href":"https:\/\/proff.com.tr\/tr\/wp-json\/wp\/v2\/types\/product"}],"replies":[{"embeddable":true,"href":"https:\/\/proff.com.tr\/tr\/wp-json\/wp\/v2\/comments?post=17367"}],"version-history":[{"count":0,"href":"https:\/\/proff.com.tr\/tr\/wp-json\/wp\/v2\/product\/17367\/revisions"}],"wp:featuredmedia":[{"embeddable":true,"href":"https:\/\/proff.com.tr\/tr\/wp-json\/wp\/v2\/media\/17368"}],"wp:attachment":[{"href":"https:\/\/proff.com.tr\/tr\/wp-json\/wp\/v2\/media?parent=17367"}],"wp:term":[{"taxonomy":"product_brand","embeddable":true,"href":"https:\/\/proff.com.tr\/tr\/wp-json\/wp\/v2\/product_brand?post=17367"},{"taxonomy":"product_cat","embeddable":true,"href":"https:\/\/proff.com.tr\/tr\/wp-json\/wp\/v2\/product_cat?post=17367"},{"taxonomy":"product_tag","embeddable":true,"href":"https:\/\/proff.com.tr\/tr\/wp-json\/wp\/v2\/product_tag?post=17367"}],"curies":[{"name":"wp","href":"https:\/\/api.w.org\/{rel}","templated":true}]}}