{"id":17369,"date":"2025-12-29T19:10:49","date_gmt":"2025-12-29T16:10:49","guid":{"rendered":"https:\/\/proff.com.tr\/product\/rfwbcmx\/"},"modified":"2026-03-14T14:54:54","modified_gmt":"2026-03-14T11:54:54","slug":"rfwbcmx","status":"publish","type":"product","link":"https:\/\/proff.com.tr\/tr\/product\/rfwbcmx\/","title":{"rendered":"RFWBCMX"},"content":{"rendered":"","protected":false},"excerpt":{"rendered":"<h3><img decoding=\"async\" class=\"alignleft wp-image-7542\" src=\"https:\/\/proff.com.tr\/wp-content\/uploads\/2022\/07\/yellow-line.svg\" alt=\"\" width=\"80\"><\/h3>\n<p>&nbsp;<\/p>\n<p><strong><span style=\"color: #ffdd30;\">&gt; <\/span><span style=\"color: #000000;\">Ana \u00f6zellikler<\/span><\/strong><\/p>\n<ul>\n<li>530 Toplam Net Litre<\/li>\n<li>196 Dondurucu Litre<\/li>\n<li>207 Buzdolab\u0131 Litre<\/li>\n<li>127 \u015earap So\u011futucu Litre<\/li>\n<li>Solo MIX Buzdolab\u0131<\/li>\n<li>SN\/N\/ST\/T \u0130klim S\u0131n\u0131f\u0131<\/li>\n<li>Net boyut (G*D*Y)mm : 911x693x1830<\/li>\n<li>Ambalaj boyutu (G*D*Y)mm : 968x750x1930<\/li>\n<li>Cam kap\u0131 paneli<\/li>\n<li>Gizli kulp<\/li>\n<li>Inverter kompres\u00f6r<\/li>\n<li>Su sebili<\/li>\n<li>Buzdolab\u0131 i\u00e7inde nem \u00e7ekmecesi<\/li>\n<li>Metal so\u011futma<\/li>\n<li>Raf ve \u015fi\u015feliklerde g\u00fcm\u00fc\u015f \u015feritler<\/li>\n<li>Dondurucu kap\u0131s\u0131nda manuel buz b\u00fck\u00fcc\u00fc<\/li>\n<li>Hareketli manuel buz b\u00fck\u00fcc\u00fc<\/li>\n<li>Buzdolab\u0131 i\u00e7inde ekstra b\u00fcy\u00fck sebzelik<\/li>\n<\/ul>\n<p><strong><span style=\"color: #ffdd30;\">&gt; <\/span><span style=\"color: #000000;\">Opsiyonel \u00d6zellikler<\/span><\/strong><\/p>\n<ul>\n<li>\u015earap Raf\u0131<\/li>\n<\/ul>\n","protected":false},"featured_media":17370,"comment_status":"closed","ping_status":"closed","template":"","meta":[],"product_brand":[],"product_cat":[328,326],"product_tag":[],"class_list":{"0":"post-17369","1":"product","2":"type-product","3":"status-publish","4":"has-post-thumbnail","6":"product_cat-buzdolaplari","7":"product_cat-sogutma","9":"first","10":"instock","11":"shipping-taxable","12":"product-type-simple"},"_links":{"self":[{"href":"https:\/\/proff.com.tr\/tr\/wp-json\/wp\/v2\/product\/17369","targetHints":{"allow":["GET"]}}],"collection":[{"href":"https:\/\/proff.com.tr\/tr\/wp-json\/wp\/v2\/product"}],"about":[{"href":"https:\/\/proff.com.tr\/tr\/wp-json\/wp\/v2\/types\/product"}],"replies":[{"embeddable":true,"href":"https:\/\/proff.com.tr\/tr\/wp-json\/wp\/v2\/comments?post=17369"}],"version-history":[{"count":0,"href":"https:\/\/proff.com.tr\/tr\/wp-json\/wp\/v2\/product\/17369\/revisions"}],"wp:featuredmedia":[{"embeddable":true,"href":"https:\/\/proff.com.tr\/tr\/wp-json\/wp\/v2\/media\/17370"}],"wp:attachment":[{"href":"https:\/\/proff.com.tr\/tr\/wp-json\/wp\/v2\/media?parent=17369"}],"wp:term":[{"taxonomy":"product_brand","embeddable":true,"href":"https:\/\/proff.com.tr\/tr\/wp-json\/wp\/v2\/product_brand?post=17369"},{"taxonomy":"product_cat","embeddable":true,"href":"https:\/\/proff.com.tr\/tr\/wp-json\/wp\/v2\/product_cat?post=17369"},{"taxonomy":"product_tag","embeddable":true,"href":"https:\/\/proff.com.tr\/tr\/wp-json\/wp\/v2\/product_tag?post=17369"}],"curies":[{"name":"wp","href":"https:\/\/api.w.org\/{rel}","templated":true}]}}