{"id":17372,"date":"2025-12-29T19:08:15","date_gmt":"2025-12-29T16:08:15","guid":{"rendered":"https:\/\/proff.com.tr\/product\/fbdw124-45\/"},"modified":"2025-12-29T19:08:15","modified_gmt":"2025-12-29T16:08:15","slug":"fbdw124-45","status":"publish","type":"product","link":"https:\/\/proff.com.tr\/tr\/product\/fbdw124-45\/","title":{"rendered":"FBDW124-45"},"content":{"rendered":"","protected":false},"excerpt":{"rendered":"<h3><img decoding=\"async\" class=\"alignleft wp-image-7542\" src=\"https:\/\/proff.com.tr\/wp-content\/uploads\/2022\/07\/yellow-line.svg\" alt=\"\" width=\"80\"><\/h3>\n<p>&nbsp;<\/p>\n<p><strong><span style=\"color: #ffdd30;\">&gt; <\/span><span style=\"color: #000000;\">Ana \u00f6zellikler<\/span><\/strong><\/p>\n<ul>\n<li>10 Ki\u015filik Yemek Tak\u0131m\u0131<\/li>\n<li>4 Program<\/li>\n<li>45 dB (A)<\/li>\n<li>45 cm Tam Ankastre Bula\u015f\u0131k Makinesi<\/li>\n<li>10 Ki\u015filik Yemek Tak\u0131m\u0131<\/li>\n<li>4 Program<\/li>\n<li>D\u00fc\u011fmeli Kontrol<\/li>\n<li>Is\u0131 Muhafazas\u0131<\/li>\n<li>Ta\u015fma ve S\u0131z\u0131nt\u0131 Korumas\u0131<\/li>\n<li>Durulama ve Tuz G\u00f6stergesi<\/li>\n<li>45 dB (A)<\/li>\n<li>G\u00fcm\u00fc\u015f Panel<\/li>\n<\/ul>\n<p><strong><span style=\"color: #ffdd30;\">&gt; <\/span><span style=\"color: #000000;\">RENK OPS\u0130YONLARI<\/span><\/strong><\/p>\n<ul>\n<li>Beyaz<\/li>\n<li>Siyah<\/li>\n<li>Koyu G\u00fcm\u00fc\u015f<\/li>\n<\/ul>\n","protected":false},"featured_media":17373,"comment_status":"closed","ping_status":"closed","template":"","meta":[],"product_brand":[],"product_cat":[363],"product_tag":[],"class_list":{"0":"post-17372","1":"product","2":"type-product","3":"status-publish","4":"has-post-thumbnail","6":"product_cat-ankastre-bulasik-makineleri","8":"first","9":"instock","10":"shipping-taxable","11":"product-type-simple"},"_links":{"self":[{"href":"https:\/\/proff.com.tr\/tr\/wp-json\/wp\/v2\/product\/17372","targetHints":{"allow":["GET"]}}],"collection":[{"href":"https:\/\/proff.com.tr\/tr\/wp-json\/wp\/v2\/product"}],"about":[{"href":"https:\/\/proff.com.tr\/tr\/wp-json\/wp\/v2\/types\/product"}],"replies":[{"embeddable":true,"href":"https:\/\/proff.com.tr\/tr\/wp-json\/wp\/v2\/comments?post=17372"}],"version-history":[{"count":0,"href":"https:\/\/proff.com.tr\/tr\/wp-json\/wp\/v2\/product\/17372\/revisions"}],"wp:featuredmedia":[{"embeddable":true,"href":"https:\/\/proff.com.tr\/tr\/wp-json\/wp\/v2\/media\/17373"}],"wp:attachment":[{"href":"https:\/\/proff.com.tr\/tr\/wp-json\/wp\/v2\/media?parent=17372"}],"wp:term":[{"taxonomy":"product_brand","embeddable":true,"href":"https:\/\/proff.com.tr\/tr\/wp-json\/wp\/v2\/product_brand?post=17372"},{"taxonomy":"product_cat","embeddable":true,"href":"https:\/\/proff.com.tr\/tr\/wp-json\/wp\/v2\/product_cat?post=17372"},{"taxonomy":"product_tag","embeddable":true,"href":"https:\/\/proff.com.tr\/tr\/wp-json\/wp\/v2\/product_tag?post=17372"}],"curies":[{"name":"wp","href":"https:\/\/api.w.org\/{rel}","templated":true}]}}