{"id":17374,"date":"2025-12-29T19:02:59","date_gmt":"2025-12-29T16:02:59","guid":{"rendered":"https:\/\/proff.com.tr\/product\/sd156\/"},"modified":"2026-03-14T14:59:11","modified_gmt":"2026-03-14T11:59:11","slug":"sd156","status":"publish","type":"product","link":"https:\/\/proff.com.tr\/tr\/product\/sd156\/","title":{"rendered":"SD156"},"content":{"rendered":"","protected":false},"excerpt":{"rendered":"<h3><img decoding=\"async\" class=\"alignleft wp-image-7542\" src=\"https:\/\/proff.com.tr\/wp-content\/uploads\/2022\/07\/yellow-line.svg\" alt=\"\" width=\"80\"><\/h3>\n<p>&nbsp;<\/p>\n<p><strong><span style=\"color: #ffdd30;\">&gt; <\/span><span style=\"color: #000000;\">Ana \u00f6zellikler<\/span><\/strong><\/p>\n<ul>\n<li>15 Ki\u015filik<\/li>\n<li>7 Program<\/li>\n<li>44 dB (A)<\/li>\n<li>60 cm Yar\u0131 Ankastre Bula\u015f\u0131k Makinesi<\/li>\n<li>15 Ki\u015filik<\/li>\n<li>\u00dc\u00e7\u00fcnc\u00fc Sepet<\/li>\n<li>7 Program, 5 S\u0131cakl\u0131k<\/li>\n<li>Tam Dokunmatik Kontrol<\/li>\n<li>Sesli Uyar\u0131<\/li>\n<li>\u00c7ocuk kilidi<\/li>\n<li>Gecikmeli Ba\u015flatma<span class=\"Apple-converted-space\"> <\/span><\/li>\n<li>Y\u0131kama D\u00f6ng\u00fcs\u00fc G\u00f6stergeleri<\/li>\n<li>Ekstra Kurutma Opsiyonu<\/li>\n<li>Ekstra Hijyen se\u00e7ene\u011fi<\/li>\n<li>Ekstra Sessiz se\u00e7ene\u011fi (Sessiz Y\u0131kama)<\/li>\n<li>Ekstra H\u0131zl\u0131 se\u00e7ene\u011fi<\/li>\n<li>Ak\u0131ll\u0131 Y\u0131kama<\/li>\n<li>Elektrikli Y\u00f6nlendirici sistemi<\/li>\n<li>Gizli \u0131s\u0131tma eleman\u0131<\/li>\n<li>Is\u0131 Muhafazas\u0131<\/li>\n<li>Ta\u015fma ve S\u0131z\u0131nt\u0131 Korumas\u0131<\/li>\n<li>44 dB (A)<\/li>\n<li>Durulama ve Tuz G\u00f6stergesi<\/li>\n<li>Inox Eklenti + Koyu G\u00fcm\u00fc\u015f kontrol paneli<\/li>\n<\/ul>\n<p><strong><span style=\"color: #ffdd30;\">&gt; <\/span><span style=\"color: #000000;\">Opsiyonel \u00d6zellikler<\/span><\/strong><\/p>\n<ul>\n<li>Wi-Fi<\/li>\n<li>B\u0131\u00e7ak Raf\u0131<\/li>\n<\/ul>\n<p><strong><span style=\"color: #ffdd30;\">&gt; <\/span><span style=\"color: #000000;\">Renk Opsiyonlar\u0131<\/span><\/strong><\/p>\n<ul>\n<li>Beyaz<\/li>\n<li>Siyah<span class=\"Apple-converted-space\"> <\/span><\/li>\n<li>G\u00fcm\u00fc\u015f<\/li>\n<li>Koyu G\u00fcm\u00fc\u015f<\/li>\n<\/ul>\n","protected":false},"featured_media":17375,"comment_status":"closed","ping_status":"closed","template":"","meta":[],"product_brand":[],"product_cat":[363,362],"product_tag":[],"class_list":{"0":"post-17374","1":"product","2":"type-product","3":"status-publish","4":"has-post-thumbnail","6":"product_cat-ankastre-bulasik-makineleri","7":"product_cat-yikama","9":"first","10":"instock","11":"shipping-taxable","12":"product-type-simple"},"_links":{"self":[{"href":"https:\/\/proff.com.tr\/tr\/wp-json\/wp\/v2\/product\/17374","targetHints":{"allow":["GET"]}}],"collection":[{"href":"https:\/\/proff.com.tr\/tr\/wp-json\/wp\/v2\/product"}],"about":[{"href":"https:\/\/proff.com.tr\/tr\/wp-json\/wp\/v2\/types\/product"}],"replies":[{"embeddable":true,"href":"https:\/\/proff.com.tr\/tr\/wp-json\/wp\/v2\/comments?post=17374"}],"version-history":[{"count":0,"href":"https:\/\/proff.com.tr\/tr\/wp-json\/wp\/v2\/product\/17374\/revisions"}],"wp:featuredmedia":[{"embeddable":true,"href":"https:\/\/proff.com.tr\/tr\/wp-json\/wp\/v2\/media\/17375"}],"wp:attachment":[{"href":"https:\/\/proff.com.tr\/tr\/wp-json\/wp\/v2\/media?parent=17374"}],"wp:term":[{"taxonomy":"product_brand","embeddable":true,"href":"https:\/\/proff.com.tr\/tr\/wp-json\/wp\/v2\/product_brand?post=17374"},{"taxonomy":"product_cat","embeddable":true,"href":"https:\/\/proff.com.tr\/tr\/wp-json\/wp\/v2\/product_cat?post=17374"},{"taxonomy":"product_tag","embeddable":true,"href":"https:\/\/proff.com.tr\/tr\/wp-json\/wp\/v2\/product_tag?post=17374"}],"curies":[{"name":"wp","href":"https:\/\/api.w.org\/{rel}","templated":true}]}}