{"id":17377,"date":"2025-12-28T21:20:50","date_gmt":"2025-12-28T18:20:50","guid":{"rendered":"https:\/\/proff.com.tr\/product\/fd609\/"},"modified":"2026-03-14T15:05:21","modified_gmt":"2026-03-14T12:05:21","slug":"fd609","status":"publish","type":"product","link":"https:\/\/proff.com.tr\/tr\/product\/fd609\/","title":{"rendered":"FD609"},"content":{"rendered":"","protected":false},"excerpt":{"rendered":"<h3><img decoding=\"async\" class=\"alignleft wp-image-7542\" src=\"https:\/\/proff.com.tr\/wp-content\/uploads\/2022\/07\/yellow-line.svg\" alt=\"\" width=\"80\"><\/h3>\n<p>&nbsp;<\/p>\n<p><strong><span style=\"color: #ffdd30;\">&gt; <\/span><span style=\"color: #000000;\">Ana \u00f6zellikler<\/span><\/strong><\/p>\n<ul>\n<li>60 L (30 L + 30 L)<\/li>\n<li>6 (0+5) Fonksiyon<\/li>\n<li>A Enerji S\u0131n\u0131f\u0131<\/li>\n<li>60 cm Ankastre<span class=\"Apple-converted-space\">  <\/span>\u00c7ift Elektrikli F\u0131r\u0131n<\/li>\n<li>\u0130nce Panel<\/li>\n<li>Termostat<\/li>\n<li>Dokunmatik Dijital Zamanlay\u0131c\u0131<\/li>\n<li>1 Tepsi + 2 Izgara<\/li>\n<li>Yan tel raf<\/li>\n<li>\u00dcST FIRIN &#8211; Metal \u00dcst Profilli 3 Cam Kapak<\/li>\n<li>ALT FIRIN &#8211; Metal \u00dcst Profilli 2 Cam Kapak<\/li>\n<li>Low-e \u0130\u00e7 Cam<\/li>\n<li>Inox Gri D\u00fc\u011fme<\/li>\n<li>Al\u00fcminyum Kulplar<\/li>\n<\/ul>\n<p><strong style=\"font-size: 1rem;\"><span style=\"color: #ffdd30;\">&gt; <\/span><span style=\"color: #000000;\">Opsiyonel \u00d6zellikler<\/span><\/strong><\/p>\n<ul>\n<li>Mekanik Zamanlay\u0131c\u0131<\/li>\n<\/ul>\n<p><strong><span style=\"color: #ffdd30;\">&gt; <\/span><span style=\"color: #000000;\">Renk Opsiyonlar\u0131<\/span><\/strong><\/p>\n<ul>\n<li>Inox<\/li>\n<\/ul>\n","protected":false},"featured_media":17379,"comment_status":"closed","ping_status":"closed","template":"","meta":[],"product_brand":[],"product_cat":[369],"product_tag":[330],"class_list":{"0":"post-17377","1":"product","2":"type-product","3":"status-publish","4":"has-post-thumbnail","6":"product_cat-ankastre-firinlar","7":"product_tag-yemek-pisirme","9":"first","10":"instock","11":"shipping-taxable","12":"product-type-simple"},"_links":{"self":[{"href":"https:\/\/proff.com.tr\/tr\/wp-json\/wp\/v2\/product\/17377","targetHints":{"allow":["GET"]}}],"collection":[{"href":"https:\/\/proff.com.tr\/tr\/wp-json\/wp\/v2\/product"}],"about":[{"href":"https:\/\/proff.com.tr\/tr\/wp-json\/wp\/v2\/types\/product"}],"replies":[{"embeddable":true,"href":"https:\/\/proff.com.tr\/tr\/wp-json\/wp\/v2\/comments?post=17377"}],"version-history":[{"count":0,"href":"https:\/\/proff.com.tr\/tr\/wp-json\/wp\/v2\/product\/17377\/revisions"}],"wp:featuredmedia":[{"embeddable":true,"href":"https:\/\/proff.com.tr\/tr\/wp-json\/wp\/v2\/media\/17379"}],"wp:attachment":[{"href":"https:\/\/proff.com.tr\/tr\/wp-json\/wp\/v2\/media?parent=17377"}],"wp:term":[{"taxonomy":"product_brand","embeddable":true,"href":"https:\/\/proff.com.tr\/tr\/wp-json\/wp\/v2\/product_brand?post=17377"},{"taxonomy":"product_cat","embeddable":true,"href":"https:\/\/proff.com.tr\/tr\/wp-json\/wp\/v2\/product_cat?post=17377"},{"taxonomy":"product_tag","embeddable":true,"href":"https:\/\/proff.com.tr\/tr\/wp-json\/wp\/v2\/product_tag?post=17377"}],"curies":[{"name":"wp","href":"https:\/\/api.w.org\/{rel}","templated":true}]}}