{"id":17386,"date":"2025-12-29T04:45:53","date_gmt":"2025-12-29T01:45:53","guid":{"rendered":"https:\/\/proff.com.tr\/product\/f640\/"},"modified":"2026-03-14T15:05:23","modified_gmt":"2026-03-14T12:05:23","slug":"f640","status":"publish","type":"product","link":"https:\/\/proff.com.tr\/tr\/product\/f640\/","title":{"rendered":"F640"},"content":{"rendered":"","protected":false},"excerpt":{"rendered":"<h3><img decoding=\"async\" class=\"alignleft wp-image-7542\" src=\"https:\/\/proff.com.tr\/wp-content\/uploads\/2022\/07\/yellow-line.svg\" alt=\"\" width=\"80\"><\/h3>\n<p>&nbsp;<\/p>\n<p><strong><span style=\"color: #ffdd30;\">&gt; <\/span><span style=\"color: #000000;\">Ana \u00f6zellikler<\/span><\/strong><\/p>\n<ul>\n<li>66<span class=\"Apple-converted-space\">  <\/span>L<\/li>\n<li>4 (0+3) Fonksiyon<\/li>\n<li>B Enerji S\u0131n\u0131f\u0131<\/li>\n<li>60 cm Ankastre Elektrik F\u0131r\u0131n<\/li>\n<li>Termostat<\/li>\n<li>Mekanik Zamanlay\u0131c\u0131<\/li>\n<li>Arka Duvar F\u0131r\u0131n Lambas\u0131<\/li>\n<li>1 Tepsi &amp; 1 Izgara<\/li>\n<li>Yan tel raf<\/li>\n<li>Beyaz D\u00fc\u011fmeler<\/li>\n<li>Beyaz Kulp<\/li>\n<\/ul>\n<p><strong style=\"font-size: 1rem;\"><span style=\"color: #ffdd30;\">&gt; <\/span><span style=\"color: #000000;\">Opsiyonel \u00d6zellikler<\/span><\/strong><\/p>\n<ul>\n<li>6 (0+5) Fonksiyon Turbo Fan<\/li>\n<li>9 (0+8) Fonksiyon 3D Pi\u015firme<\/li>\n<li>D\u00fc\u015f\u00fck emisyonlu cam<\/li>\n<li>Yumu\u015fak Kapan\u0131\u015f<\/li>\n<li>Teleskopik Ray<\/li>\n<li>Pili\u00e7 \u00c7evirme<\/li>\n<\/ul>\n<p><strong><span style=\"color: #ffdd30;\">&gt; <\/span><span style=\"color: #000000;\">Renk Opsiyonlar\u0131<\/span><\/strong><\/p>\n<ul>\n<li>Inox<\/li>\n<li>Beyaz<\/li>\n<li>Siyah<\/li>\n<\/ul>\n","protected":false},"featured_media":17388,"comment_status":"closed","ping_status":"closed","template":"","meta":[],"product_brand":[],"product_cat":[369],"product_tag":[330],"class_list":{"0":"post-17386","1":"product","2":"type-product","3":"status-publish","4":"has-post-thumbnail","6":"product_cat-ankastre-firinlar","7":"product_tag-yemek-pisirme","9":"first","10":"instock","11":"shipping-taxable","12":"product-type-simple"},"_links":{"self":[{"href":"https:\/\/proff.com.tr\/tr\/wp-json\/wp\/v2\/product\/17386","targetHints":{"allow":["GET"]}}],"collection":[{"href":"https:\/\/proff.com.tr\/tr\/wp-json\/wp\/v2\/product"}],"about":[{"href":"https:\/\/proff.com.tr\/tr\/wp-json\/wp\/v2\/types\/product"}],"replies":[{"embeddable":true,"href":"https:\/\/proff.com.tr\/tr\/wp-json\/wp\/v2\/comments?post=17386"}],"version-history":[{"count":0,"href":"https:\/\/proff.com.tr\/tr\/wp-json\/wp\/v2\/product\/17386\/revisions"}],"wp:featuredmedia":[{"embeddable":true,"href":"https:\/\/proff.com.tr\/tr\/wp-json\/wp\/v2\/media\/17388"}],"wp:attachment":[{"href":"https:\/\/proff.com.tr\/tr\/wp-json\/wp\/v2\/media?parent=17386"}],"wp:term":[{"taxonomy":"product_brand","embeddable":true,"href":"https:\/\/proff.com.tr\/tr\/wp-json\/wp\/v2\/product_brand?post=17386"},{"taxonomy":"product_cat","embeddable":true,"href":"https:\/\/proff.com.tr\/tr\/wp-json\/wp\/v2\/product_cat?post=17386"},{"taxonomy":"product_tag","embeddable":true,"href":"https:\/\/proff.com.tr\/tr\/wp-json\/wp\/v2\/product_tag?post=17386"}],"curies":[{"name":"wp","href":"https:\/\/api.w.org\/{rel}","templated":true}]}}