{"id":17389,"date":"2025-12-28T21:31:06","date_gmt":"2025-12-28T18:31:06","guid":{"rendered":"https:\/\/proff.com.tr\/product\/f803\/"},"modified":"2026-03-14T15:05:32","modified_gmt":"2026-03-14T12:05:32","slug":"f803","status":"publish","type":"product","link":"https:\/\/proff.com.tr\/tr\/product\/f803\/","title":{"rendered":"F803"},"content":{"rendered":"","protected":false},"excerpt":{"rendered":"<h3><img decoding=\"async\" class=\"alignleft wp-image-7542\" src=\"https:\/\/proff.com.tr\/wp-content\/uploads\/2022\/07\/yellow-line.svg\" alt=\"\" width=\"80\"><\/h3>\n<p>&nbsp;<\/p>\n<p><strong><span style=\"color: #ffdd30;\">&gt; <\/span><span style=\"color: #000000;\">Ana \u00f6zellikler<\/span><\/strong><\/p>\n<ul>\n<li>60 L<span class=\"Apple-converted-space\"> <\/span><\/li>\n<li>13 (0+12) Fonksiyon<\/li>\n<li>A Enerji S\u0131n\u0131f\u0131<\/li>\n<li>60 cm Ankastre Elektrik F\u0131r\u0131n (Turbo Fan dahil)<\/li>\n<li>Termostat<span class=\"Apple-converted-space\"> <\/span><\/li>\n<li>Better Serisi Dokunmatik Zamanlay\u0131c\u0131<\/li>\n<li>ETC Gri Emaye \u0130\u00e7 Hacim<\/li>\n<li>Arka Duvarda F\u0131r\u0131n Lambas\u0131<\/li>\n<li>1 Tepsi &amp; 1 Izgara<\/li>\n<li>Yan tel raf<\/li>\n<li>Siyah Encoder D\u00fc\u011fme<\/li>\n<li>Parlak \u00c7elik Kulp<\/li>\n<\/ul>\n<p><strong style=\"font-size: 1rem;\"><span style=\"color: #ffdd30;\">&gt; <\/span><span style=\"color: #000000;\">Opsiyonel \u00d6zellikler<\/span><\/strong><\/p>\n<ul>\n<li>D\u00fc\u015f\u00fck emisyonlu cam<\/li>\n<li>Yumu\u015fak Kapan\u0131\u015f<\/li>\n<li>Teleskopik Ray<\/li>\n<li>Pili\u00e7 \u00c7evirme<\/li>\n<\/ul>\n<p><strong><span style=\"color: #ffdd30;\">&gt; <\/span><span style=\"color: #000000;\">Renk Opsiyonlar\u0131<\/span><\/strong><\/p>\n<ul>\n<li>Beyaz Cam<\/li>\n<li>Siyah Cam<\/li>\n<\/ul>\n","protected":false},"featured_media":17391,"comment_status":"closed","ping_status":"closed","template":"","meta":[],"product_brand":[],"product_cat":[369],"product_tag":[330],"class_list":{"0":"post-17389","1":"product","2":"type-product","3":"status-publish","4":"has-post-thumbnail","6":"product_cat-ankastre-firinlar","7":"product_tag-yemek-pisirme","9":"first","10":"instock","11":"shipping-taxable","12":"product-type-simple"},"_links":{"self":[{"href":"https:\/\/proff.com.tr\/tr\/wp-json\/wp\/v2\/product\/17389","targetHints":{"allow":["GET"]}}],"collection":[{"href":"https:\/\/proff.com.tr\/tr\/wp-json\/wp\/v2\/product"}],"about":[{"href":"https:\/\/proff.com.tr\/tr\/wp-json\/wp\/v2\/types\/product"}],"replies":[{"embeddable":true,"href":"https:\/\/proff.com.tr\/tr\/wp-json\/wp\/v2\/comments?post=17389"}],"version-history":[{"count":0,"href":"https:\/\/proff.com.tr\/tr\/wp-json\/wp\/v2\/product\/17389\/revisions"}],"wp:featuredmedia":[{"embeddable":true,"href":"https:\/\/proff.com.tr\/tr\/wp-json\/wp\/v2\/media\/17391"}],"wp:attachment":[{"href":"https:\/\/proff.com.tr\/tr\/wp-json\/wp\/v2\/media?parent=17389"}],"wp:term":[{"taxonomy":"product_brand","embeddable":true,"href":"https:\/\/proff.com.tr\/tr\/wp-json\/wp\/v2\/product_brand?post=17389"},{"taxonomy":"product_cat","embeddable":true,"href":"https:\/\/proff.com.tr\/tr\/wp-json\/wp\/v2\/product_cat?post=17389"},{"taxonomy":"product_tag","embeddable":true,"href":"https:\/\/proff.com.tr\/tr\/wp-json\/wp\/v2\/product_tag?post=17389"}],"curies":[{"name":"wp","href":"https:\/\/api.w.org\/{rel}","templated":true}]}}