{"id":17412,"date":"2025-12-28T04:23:07","date_gmt":"2025-12-28T01:23:07","guid":{"rendered":"https:\/\/proff.com.tr\/product\/p635\/"},"modified":"2026-03-14T15:06:27","modified_gmt":"2026-03-14T12:06:27","slug":"p635","status":"publish","type":"product","link":"https:\/\/proff.com.tr\/tr\/product\/p635\/","title":{"rendered":"P635"},"content":{"rendered":"","protected":false},"excerpt":{"rendered":"<h3><img decoding=\"async\" class=\"alignleft wp-image-7542\" src=\"https:\/\/proff.com.tr\/wp-content\/uploads\/2022\/07\/yellow-line.svg\" alt=\"\" width=\"80\"><\/h3>\n<p><strong><span style=\"color: #ffdd30;\">&gt; <\/span><span style=\"color: #000000;\">Ana \u00f6zellikler<\/span><\/strong><\/p>\n<ul>\n<li>60 cm<span class=\"Apple-converted-space\"> <\/span><\/li>\n<li>2 Gazl\u0131 + 2 Vitroseramik<span class=\"Apple-converted-space\"> <\/span><\/li>\n<li>1 x H\u0131zl\u0131 Bek: 2,9 kW &#8211; \u00d8 100 mm<\/li>\n<li>1 x Yard\u0131mc\u0131 Bek: 0,95 kW &#8211; \u00d8 55 mm<\/li>\n<li>1 x<span class=\"Apple-converted-space\">  <\/span>\u00c7ift B\u00f6lgeli Is\u0131t\u0131c\u0131: 1,7\/0,7 kW &#8211; \u00d8 180\/120 mm<span class=\"Apple-converted-space\"> <\/span><\/li>\n<li>1 x Is\u0131t\u0131c\u0131: 1,2 kW &#8211; \u00d8 140 mm <span class=\"Apple-converted-space\"> <\/span><\/li>\n<li>9 Is\u0131 Kademesi<\/li>\n<li>Is\u0131 g\u00f6stergesi<\/li>\n<li>Otomatik Ate\u015fleme<\/li>\n<li>RD3 &#8211; Rustik D\u00fc\u011fmeler<\/li>\n<li>Parlak Emaye Izgara &amp; Parlak Br\u00fcl\u00f6r Kapaklar\u0131<\/li>\n<\/ul>\n<p><strong><span style=\"color: #ffdd30;\">&gt; <\/span><span style=\"color: #000000;\">Opsiyonel \u00d6zellikler<\/span><\/strong><\/p>\n<ul>\n<li>FFD<\/li>\n<li>Sabaf Bekler<\/li>\n<li>D\u00f6k\u00fcm Izgara &amp; Mat Bek Kapaklar\u0131<\/li>\n<\/ul>\n<p><strong><span style=\"color: #ffdd30;\">&gt; <\/span><span style=\"color: #000000;\">Renk Opsiyonlar\u0131<\/span><\/strong><\/p>\n<ul>\n<li>Siyah Cam + Inox<br \/>\nSiyah Cam + Siyah Emaye<\/li>\n<\/ul>\n","protected":false},"featured_media":17414,"comment_status":"closed","ping_status":"closed","template":"","meta":[],"product_brand":[],"product_cat":[337,333],"product_tag":[330],"class_list":{"0":"post-17412","1":"product","2":"type-product","3":"status-publish","4":"has-post-thumbnail","6":"product_cat-60-cm-ocaklar","7":"product_cat-ankastre-ocaklar","8":"product_tag-yemek-pisirme","10":"first","11":"instock","12":"shipping-taxable","13":"product-type-simple"},"_links":{"self":[{"href":"https:\/\/proff.com.tr\/tr\/wp-json\/wp\/v2\/product\/17412","targetHints":{"allow":["GET"]}}],"collection":[{"href":"https:\/\/proff.com.tr\/tr\/wp-json\/wp\/v2\/product"}],"about":[{"href":"https:\/\/proff.com.tr\/tr\/wp-json\/wp\/v2\/types\/product"}],"replies":[{"embeddable":true,"href":"https:\/\/proff.com.tr\/tr\/wp-json\/wp\/v2\/comments?post=17412"}],"version-history":[{"count":0,"href":"https:\/\/proff.com.tr\/tr\/wp-json\/wp\/v2\/product\/17412\/revisions"}],"wp:featuredmedia":[{"embeddable":true,"href":"https:\/\/proff.com.tr\/tr\/wp-json\/wp\/v2\/media\/17414"}],"wp:attachment":[{"href":"https:\/\/proff.com.tr\/tr\/wp-json\/wp\/v2\/media?parent=17412"}],"wp:term":[{"taxonomy":"product_brand","embeddable":true,"href":"https:\/\/proff.com.tr\/tr\/wp-json\/wp\/v2\/product_brand?post=17412"},{"taxonomy":"product_cat","embeddable":true,"href":"https:\/\/proff.com.tr\/tr\/wp-json\/wp\/v2\/product_cat?post=17412"},{"taxonomy":"product_tag","embeddable":true,"href":"https:\/\/proff.com.tr\/tr\/wp-json\/wp\/v2\/product_tag?post=17412"}],"curies":[{"name":"wp","href":"https:\/\/api.w.org\/{rel}","templated":true}]}}