{"id":17431,"date":"2025-12-28T20:51:32","date_gmt":"2025-12-28T17:51:32","guid":{"rendered":"https:\/\/proff.com.tr\/product\/p309\/"},"modified":"2026-03-14T15:08:06","modified_gmt":"2026-03-14T12:08:06","slug":"p309","status":"publish","type":"product","link":"https:\/\/proff.com.tr\/tr\/product\/p309\/","title":{"rendered":"P309"},"content":{"rendered":"","protected":false},"excerpt":{"rendered":"<h3><img decoding=\"async\" class=\"alignleft wp-image-7542\" src=\"https:\/\/proff.com.tr\/wp-content\/uploads\/2022\/07\/yellow-line.svg\" alt=\"\" width=\"80\"><\/h3>\n<p><strong><span style=\"color: #ffdd30;\">&gt; <\/span><span style=\"color: #000000;\">Ana \u00f6zellikler<\/span><\/strong><\/p>\n<ul>\n<li>30 cm<span class=\"Apple-converted-space\"> <\/span><\/li>\n<li>2 G\u00f6zl\u00fc<\/li>\n<li>1 x H\u0131zl\u0131 G\u00f6z: 2,9 kW &#8211; \u00d8 100 mm<\/li>\n<li>1 x Yard\u0131mc\u0131 G\u00f6z: 0,95 kW &#8211; \u00d8 55 mm<\/li>\n<li>Otomatik Ate\u015fleme<\/li>\n<li>D\u00f6k\u00fcm Izgara &amp; Mat Ocak Ba\u015fl\u0131klar\u0131<\/li>\n<li>Inox \u015eapka D\u00fc\u011fme<\/li>\n<li>Al\u00fcminyum Profil \u00d6n<\/li>\n<\/ul>\n<p><strong><span style=\"color: #ffdd30;\">&gt; <\/span><span style=\"color: #000000;\">Opsiyonel \u00d6zellikler<\/span><\/strong><\/p>\n<ul>\n<li>FFD<\/li>\n<li>Sabaf Ocaklar<\/li>\n<\/ul>\n<p><strong><span style=\"color: #ffdd30;\">&gt; <\/span><span style=\"color: #000000;\">Renk Opsiyonlar\u0131<\/span><\/strong><\/p>\n<ul>\n<li>Siyah Cam<\/li>\n<\/ul>\n","protected":false},"featured_media":17435,"comment_status":"closed","ping_status":"closed","template":"","meta":[],"product_brand":[],"product_cat":[335,333],"product_tag":[330],"class_list":{"0":"post-17431","1":"product","2":"type-product","3":"status-publish","4":"has-post-thumbnail","6":"product_cat-30-cm-ocaklar","7":"product_cat-ankastre-ocaklar","8":"product_tag-yemek-pisirme","10":"first","11":"instock","12":"shipping-taxable","13":"product-type-simple"},"_links":{"self":[{"href":"https:\/\/proff.com.tr\/tr\/wp-json\/wp\/v2\/product\/17431","targetHints":{"allow":["GET"]}}],"collection":[{"href":"https:\/\/proff.com.tr\/tr\/wp-json\/wp\/v2\/product"}],"about":[{"href":"https:\/\/proff.com.tr\/tr\/wp-json\/wp\/v2\/types\/product"}],"replies":[{"embeddable":true,"href":"https:\/\/proff.com.tr\/tr\/wp-json\/wp\/v2\/comments?post=17431"}],"version-history":[{"count":0,"href":"https:\/\/proff.com.tr\/tr\/wp-json\/wp\/v2\/product\/17431\/revisions"}],"wp:featuredmedia":[{"embeddable":true,"href":"https:\/\/proff.com.tr\/tr\/wp-json\/wp\/v2\/media\/17435"}],"wp:attachment":[{"href":"https:\/\/proff.com.tr\/tr\/wp-json\/wp\/v2\/media?parent=17431"}],"wp:term":[{"taxonomy":"product_brand","embeddable":true,"href":"https:\/\/proff.com.tr\/tr\/wp-json\/wp\/v2\/product_brand?post=17431"},{"taxonomy":"product_cat","embeddable":true,"href":"https:\/\/proff.com.tr\/tr\/wp-json\/wp\/v2\/product_cat?post=17431"},{"taxonomy":"product_tag","embeddable":true,"href":"https:\/\/proff.com.tr\/tr\/wp-json\/wp\/v2\/product_tag?post=17431"}],"curies":[{"name":"wp","href":"https:\/\/api.w.org\/{rel}","templated":true}]}}