{"id":17445,"date":"2025-12-28T04:00:27","date_gmt":"2025-12-28T01:00:27","guid":{"rendered":"https:\/\/proff.com.tr\/product\/p407\/"},"modified":"2026-03-14T15:08:08","modified_gmt":"2026-03-14T12:08:08","slug":"p407","status":"publish","type":"product","link":"https:\/\/proff.com.tr\/tr\/product\/p407\/","title":{"rendered":"P407"},"content":{"rendered":"","protected":false},"excerpt":{"rendered":"<h3><img decoding=\"async\" class=\"alignleft wp-image-7542\" src=\"https:\/\/proff.com.tr\/wp-content\/uploads\/2022\/07\/yellow-line.svg\" alt=\"\" width=\"80\"><\/h3>\n<p><strong><span style=\"color: #ffdd30;\">&gt; <\/span><span style=\"color: #000000;\">Ana \u00f6zellikler<\/span><\/strong><\/p>\n<ul>\n<li>45 cm<span class=\"Apple-converted-space\"> <\/span><\/li>\n<li>3 Vitroseramik<\/li>\n<li>2 x H\u0131zl\u0131 Is\u0131t\u0131c\u0131 &#8211; 1,2 KW &#8211; \u00d8 140 mm<\/li>\n<li>1 x H\u0131zl\u0131 Is\u0131t\u0131c\u0131 &#8211; 1,8 KW &#8211; \u00d8 180 mm<\/li>\n<li>\u00c7ocuk kilidi<\/li>\n<li>9 Is\u0131 Seviyesi<\/li>\n<li>Is\u0131 g\u00f6stergesi<\/li>\n<li>Dokunmatik Kontrol<\/li>\n<\/ul>\n<p><strong><span style=\"color: #ffdd30;\">&gt; <\/span><span style=\"color: #000000;\">Opsiyonel \u00d6zellikler<\/span><\/strong><\/p>\n<ul>\n<li>\u0130nox Dekor<\/li>\n<\/ul>\n<p><strong><span style=\"color: #ffdd30;\">&gt; <\/span><span style=\"color: #000000;\">Renk Opsiyonlar\u0131<\/span><\/strong><\/p>\n<ul>\n<li>Siyah Cam<\/li>\n<\/ul>\n","protected":false},"featured_media":17447,"comment_status":"closed","ping_status":"closed","template":"","meta":[],"product_brand":[],"product_cat":[336,333],"product_tag":[330],"class_list":{"0":"post-17445","1":"product","2":"type-product","3":"status-publish","4":"has-post-thumbnail","6":"product_cat-45-cm-ocaklar","7":"product_cat-ankastre-ocaklar","8":"product_tag-yemek-pisirme","10":"first","11":"instock","12":"shipping-taxable","13":"product-type-simple"},"_links":{"self":[{"href":"https:\/\/proff.com.tr\/tr\/wp-json\/wp\/v2\/product\/17445","targetHints":{"allow":["GET"]}}],"collection":[{"href":"https:\/\/proff.com.tr\/tr\/wp-json\/wp\/v2\/product"}],"about":[{"href":"https:\/\/proff.com.tr\/tr\/wp-json\/wp\/v2\/types\/product"}],"replies":[{"embeddable":true,"href":"https:\/\/proff.com.tr\/tr\/wp-json\/wp\/v2\/comments?post=17445"}],"version-history":[{"count":0,"href":"https:\/\/proff.com.tr\/tr\/wp-json\/wp\/v2\/product\/17445\/revisions"}],"wp:featuredmedia":[{"embeddable":true,"href":"https:\/\/proff.com.tr\/tr\/wp-json\/wp\/v2\/media\/17447"}],"wp:attachment":[{"href":"https:\/\/proff.com.tr\/tr\/wp-json\/wp\/v2\/media?parent=17445"}],"wp:term":[{"taxonomy":"product_brand","embeddable":true,"href":"https:\/\/proff.com.tr\/tr\/wp-json\/wp\/v2\/product_brand?post=17445"},{"taxonomy":"product_cat","embeddable":true,"href":"https:\/\/proff.com.tr\/tr\/wp-json\/wp\/v2\/product_cat?post=17445"},{"taxonomy":"product_tag","embeddable":true,"href":"https:\/\/proff.com.tr\/tr\/wp-json\/wp\/v2\/product_tag?post=17445"}],"curies":[{"name":"wp","href":"https:\/\/api.w.org\/{rel}","templated":true}]}}