{"id":17512,"date":"2025-12-28T02:11:44","date_gmt":"2025-12-27T23:11:44","guid":{"rendered":"https:\/\/proff.com.tr\/product\/floppy\/"},"modified":"2026-03-14T15:13:53","modified_gmt":"2026-03-14T12:13:53","slug":"floppy","status":"publish","type":"product","link":"https:\/\/proff.com.tr\/tr\/product\/floppy\/","title":{"rendered":"Floppy"},"content":{"rendered":"","protected":false},"excerpt":{"rendered":"<h3><img decoding=\"async\" class=\"alignleft wp-image-7542\" src=\"https:\/\/proff.com.tr\/wp-content\/uploads\/2022\/07\/yellow-line.svg\" alt=\"\" width=\"80\"><\/h3>\n<h3>2500<\/h3>\n<p><strong><span style=\"color: #ffdd30;\">&gt; <\/span><span style=\"color: #000000;\">Ana \u00f6zellikler<\/span><\/strong><\/p>\n<ul>\n<li>Ebat: 60 cm<\/li>\n<li>Montaj: Dolap Alt\u0131<\/li>\n<li>\u00d6n Devridaim: Evet<\/li>\n<li>Kumanda: D\u00fc\u011fmeli<\/li>\n<li>H\u0131z: 3<\/li>\n<li>Ayd\u0131nlatma: 1&#215;1,5W Kare LED<\/li>\n<li>Filtre: Al\u00fcminyum (Bula\u015f\u0131k Makinesinde Y\u0131kanabilir)<\/li>\n<li>Hava \u00c7\u0131k\u0131\u015f\u0131: 120 mm<\/li>\n<li>Ses Seviyesi: min 62 dB &#8211; maks 69 dB<\/li>\n<li>Hava Debisi (DIN EN 61591): min 140 m\u00b3\/sa &#8211; maks 160 m\u00b3\/sa<\/li>\n<li>Hava Debisi (Serbest Ak\u0131\u015f): 250 m\u00b3\/sa<\/li>\n<li>Motor: 100 Watt<span class=\"Apple-converted-space\"> <\/span><\/li>\n<li>Enerji S\u0131n\u0131f\u0131: D<\/li>\n<\/ul>\n<p><strong><span style=\"color: #ffdd30;\">&gt; <\/span><span style=\"color: #000000;\">Opsiyonel \u00d6zellikler<\/span><\/strong><\/p>\n<ul>\n<li>Karbon Filtre Seti<\/li>\n<li>Cam Viz\u00f6r<\/li>\n<\/ul>\n<p><strong><span style=\"color: #ffdd30;\">&gt; <\/span><span style=\"color: #000000;\">Renk Opsiyonlar\u0131<\/span><\/strong><\/p>\n<ul>\n<li>Beyaz<\/li>\n<li>Siyah<\/li>\n<li>Inox<\/li>\n<\/ul>\n","protected":false},"featured_media":17514,"comment_status":"closed","ping_status":"closed","template":"","meta":[],"product_brand":[],"product_cat":[349,352],"product_tag":[372],"class_list":{"0":"post-17512","1":"product","2":"type-product","3":"status-publish","4":"has-post-thumbnail","6":"product_cat-havalandirma","7":"product_cat-klasik-davlumbazlar","8":"product_tag-davlumbaz","10":"first","11":"instock","12":"shipping-taxable","13":"product-type-simple"},"_links":{"self":[{"href":"https:\/\/proff.com.tr\/tr\/wp-json\/wp\/v2\/product\/17512","targetHints":{"allow":["GET"]}}],"collection":[{"href":"https:\/\/proff.com.tr\/tr\/wp-json\/wp\/v2\/product"}],"about":[{"href":"https:\/\/proff.com.tr\/tr\/wp-json\/wp\/v2\/types\/product"}],"replies":[{"embeddable":true,"href":"https:\/\/proff.com.tr\/tr\/wp-json\/wp\/v2\/comments?post=17512"}],"version-history":[{"count":0,"href":"https:\/\/proff.com.tr\/tr\/wp-json\/wp\/v2\/product\/17512\/revisions"}],"wp:featuredmedia":[{"embeddable":true,"href":"https:\/\/proff.com.tr\/tr\/wp-json\/wp\/v2\/media\/17514"}],"wp:attachment":[{"href":"https:\/\/proff.com.tr\/tr\/wp-json\/wp\/v2\/media?parent=17512"}],"wp:term":[{"taxonomy":"product_brand","embeddable":true,"href":"https:\/\/proff.com.tr\/tr\/wp-json\/wp\/v2\/product_brand?post=17512"},{"taxonomy":"product_cat","embeddable":true,"href":"https:\/\/proff.com.tr\/tr\/wp-json\/wp\/v2\/product_cat?post=17512"},{"taxonomy":"product_tag","embeddable":true,"href":"https:\/\/proff.com.tr\/tr\/wp-json\/wp\/v2\/product_tag?post=17512"}],"curies":[{"name":"wp","href":"https:\/\/api.w.org\/{rel}","templated":true}]}}