{"id":17575,"date":"2025-12-27T13:09:07","date_gmt":"2025-12-27T10:09:07","guid":{"rendered":"https:\/\/proff.com.tr\/product\/balena\/"},"modified":"2026-03-14T15:15:36","modified_gmt":"2026-03-14T12:15:36","slug":"balena","status":"publish","type":"product","link":"https:\/\/proff.com.tr\/tr\/product\/balena\/","title":{"rendered":"Balena"},"content":{"rendered":"","protected":false},"excerpt":{"rendered":"<h3><img decoding=\"async\" class=\"alignleft wp-image-7542\" src=\"https:\/\/proff.com.tr\/wp-content\/uploads\/2022\/07\/yellow-line.svg\" alt=\"\" width=\"80\"><\/h3>\n<p>&nbsp;<\/p>\n<h3>LHIC220GL<\/h3>\n<p><strong><span style=\"color: #ffdd30;\">&gt; <\/span><span style=\"color: #000000;\">Ana \u00f6zellikler<\/span><\/strong><\/p>\n<ul>\n<li>Ebat : 83 cm<\/li>\n<li>Emi\u015f \/ Filtreleme<\/li>\n<li>Dokunmatik kontrol beyaz \/ k\u0131rm\u0131z\u0131 + Kayd\u0131rma \u00e7ubu\u011fu 8+2 I (davlumbaz), 9+I (ocak)<\/li>\n<\/ul>\n<p><strong><span style=\"color: #ffdd30;\">&gt; <\/span><span style=\"color: #000000;\">Davlumbaz<\/span><\/strong><\/p>\n<ul>\n<li>Hava ak\u0131\u015f\u0131 : 620 (m3\/sa)<\/li>\n<li>G\u00fcr\u00fclt\u00fc seviyesi : 44 Min \/ 63 maks (lw[dba])<\/li>\n<li>Motor g\u00fcc\u00fc : 220 Watt<\/li>\n<li>Kanal boyutu : 220\u00d790 \/ 220\u00d755 (mm)<\/li>\n<li>Enerji s\u0131n\u0131f\u0131 : A++<\/li>\n<\/ul>\n<p><strong><span style=\"color: #ffdd30;\">&gt; <\/span><span style=\"color: #000000;\">AKSESUARLAR<\/span><\/strong><\/p>\n<ul>\n<li>Kanal kiti K04008KIT<\/li>\n<li><span style=\"font-size: 1rem;\">Kanal \u0131zgara kiti K04008KIT.1<\/span><\/li>\n<li><span style=\"font-size: 1rem;\">Uzun \u00f6m\u00fcrl\u00fc filtreleme kiti K04008KITF.2<\/span><\/li>\n<li><span style=\"font-size: 1rem;\">Seramik filtreleme kiti K04008KITF.4<\/span><\/li>\n<\/ul>\n<p><strong><span style=\"color: #ffdd30;\">&gt; <\/span><span style=\"color: #000000;\">B\u0130T\u0130\u015e<\/span><\/strong><\/p>\n<ul>\n<li>Siyah cam + Mat siyah \u0131zgara<\/li>\n<\/ul>\n","protected":false},"featured_media":17577,"comment_status":"closed","ping_status":"closed","template":"","meta":[],"product_brand":[],"product_cat":[349,359],"product_tag":[372],"class_list":{"0":"post-17575","1":"product","2":"type-product","3":"status-publish","4":"has-post-thumbnail","6":"product_cat-havalandirma","7":"product_cat-ozel-seri","8":"product_tag-davlumbaz","10":"first","11":"instock","12":"shipping-taxable","13":"product-type-simple"},"_links":{"self":[{"href":"https:\/\/proff.com.tr\/tr\/wp-json\/wp\/v2\/product\/17575","targetHints":{"allow":["GET"]}}],"collection":[{"href":"https:\/\/proff.com.tr\/tr\/wp-json\/wp\/v2\/product"}],"about":[{"href":"https:\/\/proff.com.tr\/tr\/wp-json\/wp\/v2\/types\/product"}],"replies":[{"embeddable":true,"href":"https:\/\/proff.com.tr\/tr\/wp-json\/wp\/v2\/comments?post=17575"}],"version-history":[{"count":0,"href":"https:\/\/proff.com.tr\/tr\/wp-json\/wp\/v2\/product\/17575\/revisions"}],"wp:featuredmedia":[{"embeddable":true,"href":"https:\/\/proff.com.tr\/tr\/wp-json\/wp\/v2\/media\/17577"}],"wp:attachment":[{"href":"https:\/\/proff.com.tr\/tr\/wp-json\/wp\/v2\/media?parent=17575"}],"wp:term":[{"taxonomy":"product_brand","embeddable":true,"href":"https:\/\/proff.com.tr\/tr\/wp-json\/wp\/v2\/product_brand?post=17575"},{"taxonomy":"product_cat","embeddable":true,"href":"https:\/\/proff.com.tr\/tr\/wp-json\/wp\/v2\/product_cat?post=17575"},{"taxonomy":"product_tag","embeddable":true,"href":"https:\/\/proff.com.tr\/tr\/wp-json\/wp\/v2\/product_tag?post=17575"}],"curies":[{"name":"wp","href":"https:\/\/api.w.org\/{rel}","templated":true}]}}