{"id":17584,"date":"2024-07-27T11:06:26","date_gmt":"2024-07-27T08:06:26","guid":{"rendered":"https:\/\/proff.com.tr\/product\/tiro\/"},"modified":"2026-03-14T15:15:56","modified_gmt":"2026-03-14T12:15:56","slug":"tiro","status":"publish","type":"product","link":"https:\/\/proff.com.tr\/tr\/product\/tiro\/","title":{"rendered":"Tiro"},"content":{"rendered":"","protected":false},"excerpt":{"rendered":"<h3><img decoding=\"async\" class=\"alignleft wp-image-7542\" src=\"https:\/\/proff.com.tr\/wp-content\/uploads\/2022\/07\/yellow-line.svg\" alt=\"\" width=\"80\"><\/h3>\n<h3>7062<\/h3>\n<p><strong><span style=\"color: #ffdd30;\">&gt; <\/span><span style=\"color: #000000;\">Ana \u00f6zellikler<\/span><\/strong><\/p>\n<ul>\n<li>Boyut: 60 CM<\/li>\n<li>Kurulum: Ankastre<\/li>\n<li>Kontrol: Basmal\u0131 Anahtar<\/li>\n<li>H\u0131z: 3<\/li>\n<li>Ayd\u0131nlatma: 1x2W Lineer LED<\/li>\n<li>Filtre: Al\u00fcminyum (Bula\u015f\u0131k Makinesinde Y\u0131kanabilir)<\/li>\n<li>Hava \u00c7\u0131k\u0131\u015f\u0131: 120 mm<\/li>\n<li>Ses Seviyesi: min 55 dB &#8211; maks 66 dB<\/li>\n<li>Hava Debisi (DIN EN 61591): min 135 m\u00b3\/sa &#8211; maks 300 m\u00b3\/sa<\/li>\n<li>Hava Debisi (Serbest Ak\u0131\u015f): 450 m\u00b3\/sa<\/li>\n<li>Motor: 2&#215;90 Watt G\u00f6lge Kutuplu<\/li>\n<li>Enerji S\u0131n\u0131f\u0131: D<\/li>\n<\/ul>\n<p><strong><span style=\"color: #ffdd30;\">&gt; <\/span><span style=\"color: #000000;\">Opsiyonel \u00d6zellikler<\/span><\/strong><\/p>\n<ul>\n<li>Karbon Filtre Seti<\/li>\n<li>50 CM \/ 90 CM<\/li>\n<li>1&#215;2 Watt LED Do\u011frusal<\/li>\n<li>2&#215;2 Watt LED Spot<\/li>\n<li>280 m\u00b3\/h &#8211; 110 Watt Motor (D s\u0131n\u0131f\u0131 enerji)<\/li>\n<li>520 m\u00b3\/h &#8211; 2&#215;110 Watt Motor (D s\u0131n\u0131f\u0131 enerji)<\/li>\n<\/ul>\n<p><strong style=\"font-size: 1rem;\"><span style=\"color: #ffdd30;\">&gt; <\/span><span style=\"color: #000000;\">Renk Opsiyonlar\u0131<\/span><\/strong><\/p>\n<ul>\n<li>Beyaz<\/li>\n<li>Siyah<\/li>\n<li>Bej<\/li>\n<li>Kahverengi<\/li>\n<li>Inox Grisi<\/li>\n<li>Inox Panel<\/li>\n<\/ul>\n","protected":false},"featured_media":17586,"comment_status":"closed","ping_status":"closed","template":"","meta":[],"product_brand":[],"product_cat":[349,361],"product_tag":[372],"class_list":{"0":"post-17584","1":"product","2":"type-product","3":"status-publish","4":"has-post-thumbnail","6":"product_cat-havalandirma","7":"product_cat-teleskopik-davlumbazlar","8":"product_tag-davlumbaz","10":"first","11":"instock","12":"shipping-taxable","13":"product-type-simple"},"_links":{"self":[{"href":"https:\/\/proff.com.tr\/tr\/wp-json\/wp\/v2\/product\/17584","targetHints":{"allow":["GET"]}}],"collection":[{"href":"https:\/\/proff.com.tr\/tr\/wp-json\/wp\/v2\/product"}],"about":[{"href":"https:\/\/proff.com.tr\/tr\/wp-json\/wp\/v2\/types\/product"}],"replies":[{"embeddable":true,"href":"https:\/\/proff.com.tr\/tr\/wp-json\/wp\/v2\/comments?post=17584"}],"version-history":[{"count":0,"href":"https:\/\/proff.com.tr\/tr\/wp-json\/wp\/v2\/product\/17584\/revisions"}],"wp:featuredmedia":[{"embeddable":true,"href":"https:\/\/proff.com.tr\/tr\/wp-json\/wp\/v2\/media\/17586"}],"wp:attachment":[{"href":"https:\/\/proff.com.tr\/tr\/wp-json\/wp\/v2\/media?parent=17584"}],"wp:term":[{"taxonomy":"product_brand","embeddable":true,"href":"https:\/\/proff.com.tr\/tr\/wp-json\/wp\/v2\/product_brand?post=17584"},{"taxonomy":"product_cat","embeddable":true,"href":"https:\/\/proff.com.tr\/tr\/wp-json\/wp\/v2\/product_cat?post=17584"},{"taxonomy":"product_tag","embeddable":true,"href":"https:\/\/proff.com.tr\/tr\/wp-json\/wp\/v2\/product_tag?post=17584"}],"curies":[{"name":"wp","href":"https:\/\/api.w.org\/{rel}","templated":true}]}}