{"id":17593,"date":"2024-07-27T11:13:39","date_gmt":"2024-07-27T08:13:39","guid":{"rendered":"https:\/\/proff.com.tr\/product\/senza\/"},"modified":"2026-03-14T15:16:06","modified_gmt":"2026-03-14T12:16:06","slug":"senza","status":"publish","type":"product","link":"https:\/\/proff.com.tr\/tr\/product\/senza\/","title":{"rendered":"Senza"},"content":{"rendered":"","protected":false},"excerpt":{"rendered":"<h3><img decoding=\"async\" class=\"alignleft wp-image-7542\" src=\"https:\/\/proff.com.tr\/wp-content\/uploads\/2022\/07\/yellow-line.svg\" alt=\"\" width=\"80\"><\/h3>\n<h3>CEH -GD82<\/h3>\n<p><strong><span style=\"color: #ffdd30;\">&gt; <\/span><span style=\"color: #000000;\">Ana \u00f6zellikler<\/span><\/strong><\/p>\n<ul>\n<li><strong>Boyut:<\/strong> 82 cm<\/li>\n<li><strong>Kurulum:<\/strong> Ankastre<\/li>\n<li><strong>Kontrol:<\/strong> Mekanik<\/li>\n<li><strong>D\u00fc\u011fmeler:<\/strong> A\u00e7\u0131k\/Kapal\u0131<span class=\"Apple-converted-space\"> <\/span><\/li>\n<li><strong>Ayd\u0131nlatma:<\/strong> 2x2W LED Spot<\/li>\n<li><strong>Merkezi Egzoz Sistemi:<\/strong> Evet<\/li>\n<li><strong>Filtre:<\/strong> Al\u00fcminyum (Bula\u015f\u0131k Makinesinde Y\u0131kanabilir)<\/li>\n<li><strong>Hava \u00c7\u0131k\u0131\u015f\u0131:<\/strong> 120 mm<\/li>\n<li><strong>Paket Boyutlar\u0131 (GxDxY): 86<\/strong> x32x35 cm<\/li>\n<li><strong>Adedi:<\/strong> 50 Adet<\/li>\n<li><strong>20DC\/40HC\/Kamyon:<\/strong> 254 Adet \/ 580 Adet \/ 650 Adet<\/li>\n<\/ul>\n<p><strong><span style=\"color: #ffdd30;\">&gt; <\/span><span style=\"color: #000000;\">Uyarlanabilir Modeller<\/span><\/strong><\/p>\n<ul>\n<li>Ankastre: Comodo &#8211; GD52<\/li>\n<li>Piramit: Farao &#8211; SD56<\/li>\n<li>Teleskopik: Tactus &#8211; 6064<\/li>\n<li>E\u011fimli: \u0130kizler &#8211; LD47<\/li>\n<li>Ada: Tergola Isola &#8211; LDI32<\/li>\n<\/ul>\n<p><strong><span style=\"color: #ffdd30;\">&gt; <\/span><span style=\"color: #000000;\">Opsiyonel \u00d6zellikler<\/span><\/strong><\/p>\n<ul>\n<li>52 cm \/ 72 cm<span class=\"Apple-converted-space\"> <\/span><\/li>\n<\/ul>\n<p><strong><span style=\"color: #ffdd30;\">&gt; <\/span><span style=\"color: #000000;\">Renk Opsiyonlar\u0131<\/span><\/strong><\/p>\n<ul>\n<li>Siyah, Inox, Bej, Beyaz<\/li>\n<\/ul>\n","protected":false},"featured_media":17595,"comment_status":"closed","ping_status":"closed","template":"","meta":[],"product_brand":[],"product_cat":[349,351,361],"product_tag":[372],"class_list":{"0":"post-17593","1":"product","2":"type-product","3":"status-publish","4":"has-post-thumbnail","6":"product_cat-havalandirma","7":"product_cat-merkezi-baca-davlumbazlari","8":"product_cat-teleskopik-davlumbazlar","9":"product_tag-davlumbaz","11":"first","12":"instock","13":"shipping-taxable","14":"product-type-simple"},"_links":{"self":[{"href":"https:\/\/proff.com.tr\/tr\/wp-json\/wp\/v2\/product\/17593","targetHints":{"allow":["GET"]}}],"collection":[{"href":"https:\/\/proff.com.tr\/tr\/wp-json\/wp\/v2\/product"}],"about":[{"href":"https:\/\/proff.com.tr\/tr\/wp-json\/wp\/v2\/types\/product"}],"replies":[{"embeddable":true,"href":"https:\/\/proff.com.tr\/tr\/wp-json\/wp\/v2\/comments?post=17593"}],"version-history":[{"count":0,"href":"https:\/\/proff.com.tr\/tr\/wp-json\/wp\/v2\/product\/17593\/revisions"}],"wp:featuredmedia":[{"embeddable":true,"href":"https:\/\/proff.com.tr\/tr\/wp-json\/wp\/v2\/media\/17595"}],"wp:attachment":[{"href":"https:\/\/proff.com.tr\/tr\/wp-json\/wp\/v2\/media?parent=17593"}],"wp:term":[{"taxonomy":"product_brand","embeddable":true,"href":"https:\/\/proff.com.tr\/tr\/wp-json\/wp\/v2\/product_brand?post=17593"},{"taxonomy":"product_cat","embeddable":true,"href":"https:\/\/proff.com.tr\/tr\/wp-json\/wp\/v2\/product_cat?post=17593"},{"taxonomy":"product_tag","embeddable":true,"href":"https:\/\/proff.com.tr\/tr\/wp-json\/wp\/v2\/product_tag?post=17593"}],"curies":[{"name":"wp","href":"https:\/\/api.w.org\/{rel}","templated":true}]}}