{"id":17621,"date":"2024-07-27T00:56:21","date_gmt":"2024-07-26T21:56:21","guid":{"rendered":"https:\/\/proff.com.tr\/product\/omerta\/"},"modified":"2026-03-14T15:17:20","modified_gmt":"2026-03-14T12:17:20","slug":"omerta","status":"publish","type":"product","link":"https:\/\/proff.com.tr\/tr\/product\/omerta\/","title":{"rendered":"Omerta"},"content":{"rendered":"","protected":false},"excerpt":{"rendered":"<h3><img decoding=\"async\" class=\"alignleft wp-image-7542\" src=\"https:\/\/proff.com.tr\/wp-content\/uploads\/2022\/07\/yellow-line.svg\" alt=\"\" width=\"80\"><\/h3>\n<h3>GC52 VR5<\/h3>\n<p><strong><span style=\"color: #ffdd30;\">&gt; <\/span><span style=\"color: #000000;\">Ana \u00f6zellikler<\/span><\/strong><\/p>\n<ul>\n<li>Boyut: 52 cm<\/li>\n<li>Kurulum: Ankastre<\/li>\n<li>Kontrol: Basmal\u0131 D\u00fc\u011fme<\/li>\n<li>H\u0131z: 3<\/li>\n<li>Ayd\u0131nlatma: 2x2W LED Spot<\/li>\n<li>Filtre: Al\u00fcminyum (Bula\u015f\u0131k Makinesinde Y\u0131kanabilir)<\/li>\n<li>Hava \u00c7\u0131k\u0131\u015f\u0131: 120 mm<\/li>\n<li>G\u00fcr\u00fclt\u00fc Seviyesi: min 53dB &#8211; maks 63dB<\/li>\n<li>Hava Ak\u0131\u015f\u0131 Kapasitesi (DIN EN 61591): min 125 m\u00b3\/h &#8211; maks 250 m\u00b3\/h<\/li>\n<li>Hava Ak\u0131\u015f Kapasitesi (Serbest Ak\u0131\u015f): 400 m\u00b3\/saat<\/li>\n<li>Motor: 110 Watt \u00dcfleyici Tipi<\/li>\n<li>Enerji S\u0131n\u0131f\u0131: D<\/li>\n<\/ul>\n<p><strong><span style=\"color: #ffdd30;\">&gt; <\/span><span style=\"color: #000000;\">Opsiyonel \u00d6zellikler<\/span><\/strong><\/p>\n<ul>\n<li>Karbon Filtre Seti<\/li>\n<li>Kolay Sabitleme Montaj Sistemi<\/li>\n<li>Rustik Tu\u015f Tak\u0131m\u0131<\/li>\n<li>60 cm \/ 72 cm \/ 82 cm<\/li>\n<li>400 m\u00b3\/h &#8211; 110 Watt \u00dcfleyici Motor (D s\u0131n\u0131f\u0131 enerji)<\/li>\n<li>520 m\u00b3\/h &#8211; 140 Watt \u00dcfleyici Motor (C s\u0131n\u0131f\u0131 enerji)<\/li>\n<li>700 m\u00b3\/h &#8211; 210 Watt \u00dcfleyici Motor (A s\u0131n\u0131f\u0131 enerji)<\/li>\n<li>750 m\u00b3\/h &#8211; 210 Watt \u00dcfleyici Motor (B s\u0131n\u0131f\u0131 enerji)<\/li>\n<li>850 m\u00b3\/h &#8211; 200 Watt \u00dcfleyici Motor (C s\u0131n\u0131f\u0131 enerji)<\/li>\n<\/ul>\n<p><strong><span style=\"color: #ffdd30;\">&gt; <\/span><span style=\"color: #000000;\">Renk Opsiyonlar\u0131<\/span><\/strong><\/p>\n<ul>\n<li>Beyaz<\/li>\n<li>Siyah<\/li>\n<li>Bej<\/li>\n<li>Inox Grisi<\/li>\n<li>Inox<\/li>\n<\/ul>\n","protected":false},"featured_media":17622,"comment_status":"closed","ping_status":"closed","template":"","meta":[],"product_brand":[],"product_cat":[350,349],"product_tag":[372],"class_list":{"0":"post-17621","1":"product","2":"type-product","3":"status-publish","4":"has-post-thumbnail","6":"product_cat-ankastre-davlumbazlar","7":"product_cat-havalandirma","8":"product_tag-davlumbaz","10":"first","11":"instock","12":"shipping-taxable","13":"product-type-simple"},"_links":{"self":[{"href":"https:\/\/proff.com.tr\/tr\/wp-json\/wp\/v2\/product\/17621","targetHints":{"allow":["GET"]}}],"collection":[{"href":"https:\/\/proff.com.tr\/tr\/wp-json\/wp\/v2\/product"}],"about":[{"href":"https:\/\/proff.com.tr\/tr\/wp-json\/wp\/v2\/types\/product"}],"replies":[{"embeddable":true,"href":"https:\/\/proff.com.tr\/tr\/wp-json\/wp\/v2\/comments?post=17621"}],"version-history":[{"count":0,"href":"https:\/\/proff.com.tr\/tr\/wp-json\/wp\/v2\/product\/17621\/revisions"}],"wp:featuredmedia":[{"embeddable":true,"href":"https:\/\/proff.com.tr\/tr\/wp-json\/wp\/v2\/media\/17622"}],"wp:attachment":[{"href":"https:\/\/proff.com.tr\/tr\/wp-json\/wp\/v2\/media?parent=17621"}],"wp:term":[{"taxonomy":"product_brand","embeddable":true,"href":"https:\/\/proff.com.tr\/tr\/wp-json\/wp\/v2\/product_brand?post=17621"},{"taxonomy":"product_cat","embeddable":true,"href":"https:\/\/proff.com.tr\/tr\/wp-json\/wp\/v2\/product_cat?post=17621"},{"taxonomy":"product_tag","embeddable":true,"href":"https:\/\/proff.com.tr\/tr\/wp-json\/wp\/v2\/product_tag?post=17621"}],"curies":[{"name":"wp","href":"https:\/\/api.w.org\/{rel}","templated":true}]}}