{"id":17670,"date":"2024-07-25T01:43:43","date_gmt":"2024-07-24T22:43:43","guid":{"rendered":"https:\/\/proff.com.tr\/product\/sollevare\/"},"modified":"2026-03-14T15:19:56","modified_gmt":"2026-03-14T12:19:56","slug":"sollevare","status":"publish","type":"product","link":"https:\/\/proff.com.tr\/tr\/product\/sollevare\/","title":{"rendered":"Sollevare"},"content":{"rendered":"","protected":false},"excerpt":{"rendered":"<h3><img decoding=\"async\" class=\"alignleft wp-image-7542\" src=\"https:\/\/proff.com.tr\/wp-content\/uploads\/2022\/07\/yellow-line.svg\" alt=\"\" width=\"80\"><\/h3>\n<h3>LH 111GX<\/h3>\n<p><strong><span style=\"color: #ffdd30;\">&gt; <\/span><span style=\"color: #000000;\">Ana \u00f6zellikler<\/span><\/strong><\/p>\n<ul>\n<li>Boyut: 87,5 CM<\/li>\n<li>Kesim \u00d6l\u00e7\u00fcleri: 100x 842 MM<\/li>\n<li>Montaj: Tezgah \u0130\u00e7i<\/li>\n<li>Kontrol: Dokunmatik<\/li>\n<li>H\u0131z: 4<\/li>\n<li>Ayd\u0131nlatma: 1x5W LED \u015eerit<\/li>\n<li>Filtre: Anodize Al\u00fcminyum (4+1 Katman)<\/li>\n<li>Filtre Kiti: Dahil<\/li>\n<li>Ezilme \u00d6nleyici G\u00fcvenlik Sistemi: Var<\/li>\n<li>Zamanlay\u0131c\u0131: 15 Dakika<\/li>\n<li>Ses Seviyesi: min 39dB &#8211; maks 58dB (g\u00fc\u00e7lendirilmi\u015f seviyede 68dB)<\/li>\n<li>Hava Ak\u0131\u015f Kapasitesi Min.-Maks.: 280-612 m\u00b3\/sa<span class=\"Apple-converted-space\"> <\/span><\/li>\n<li>Hava Ak\u0131\u015f Kapasitesi G\u00fc\u00e7lendirilmi\u015f Seviye: 791 m\u00b3\/sa<\/li>\n<li>Motor: Dahili &#8211; 275W<\/li>\n<li>Enerji S\u0131n\u0131f\u0131: A<\/li>\n<li>Minimum Sipari\u015f Adedi: 5 Adet<\/li>\n<\/ul>\n<p><strong><span style=\"color: #ffdd30;\">&gt; <\/span><span style=\"color: #000000;\">Renk Opsiyonlar\u0131<\/span><\/strong><\/p>\n<ul>\n<li>Inox<\/li>\n<\/ul>\n<p><strong><span style=\"color: #ffdd30;\">&gt; <\/span><span style=\"color: #000000;\">Cam Renkleri<\/span><\/strong><\/p>\n<ul>\n<li>Siyah<\/li>\n<\/ul>\n<p>&nbsp;<\/p>\n","protected":false},"featured_media":17675,"comment_status":"closed","ping_status":"closed","template":"","meta":[],"product_brand":[],"product_cat":[349,359],"product_tag":[372],"class_list":{"0":"post-17670","1":"product","2":"type-product","3":"status-publish","4":"has-post-thumbnail","6":"product_cat-havalandirma","7":"product_cat-ozel-seri","8":"product_tag-davlumbaz","10":"first","11":"instock","12":"shipping-taxable","13":"product-type-simple"},"_links":{"self":[{"href":"https:\/\/proff.com.tr\/tr\/wp-json\/wp\/v2\/product\/17670","targetHints":{"allow":["GET"]}}],"collection":[{"href":"https:\/\/proff.com.tr\/tr\/wp-json\/wp\/v2\/product"}],"about":[{"href":"https:\/\/proff.com.tr\/tr\/wp-json\/wp\/v2\/types\/product"}],"replies":[{"embeddable":true,"href":"https:\/\/proff.com.tr\/tr\/wp-json\/wp\/v2\/comments?post=17670"}],"version-history":[{"count":0,"href":"https:\/\/proff.com.tr\/tr\/wp-json\/wp\/v2\/product\/17670\/revisions"}],"wp:featuredmedia":[{"embeddable":true,"href":"https:\/\/proff.com.tr\/tr\/wp-json\/wp\/v2\/media\/17675"}],"wp:attachment":[{"href":"https:\/\/proff.com.tr\/tr\/wp-json\/wp\/v2\/media?parent=17670"}],"wp:term":[{"taxonomy":"product_brand","embeddable":true,"href":"https:\/\/proff.com.tr\/tr\/wp-json\/wp\/v2\/product_brand?post=17670"},{"taxonomy":"product_cat","embeddable":true,"href":"https:\/\/proff.com.tr\/tr\/wp-json\/wp\/v2\/product_cat?post=17670"},{"taxonomy":"product_tag","embeddable":true,"href":"https:\/\/proff.com.tr\/tr\/wp-json\/wp\/v2\/product_tag?post=17670"}],"curies":[{"name":"wp","href":"https:\/\/api.w.org\/{rel}","templated":true}]}}