{"id":17711,"date":"2023-09-30T22:07:24","date_gmt":"2023-09-30T19:07:24","guid":{"rendered":"https:\/\/proff.com.tr\/product\/piano-s-isola\/"},"modified":"2026-03-14T15:20:10","modified_gmt":"2026-03-14T12:20:10","slug":"piano-s-isola","status":"publish","type":"product","link":"https:\/\/proff.com.tr\/tr\/product\/piano-s-isola\/","title":{"rendered":"Piano S Isola"},"content":{"rendered":"","protected":false},"excerpt":{"rendered":"<h3><img decoding=\"async\" class=\"alignleft wp-image-7542\" src=\"https:\/\/proff.com.tr\/wp-content\/uploads\/2022\/07\/yellow-line.svg\" alt=\"\" width=\"80\"><\/h3>\n<h3>LDI96<\/h3>\n<p><strong><span style=\"color: #ffdd30;\">&gt; <\/span><span style=\"color: #000000;\">Ana \u00f6zellikler<\/span><\/strong><\/p>\n<ul>\n<li><strong>Boyut:<\/strong> 90 cm<\/li>\n<li><strong>Kurulum: Ada<\/strong><\/li>\n<li><strong>Kontrol:<\/strong> Ekranl\u0131 Dokunmatik (\u00c7ift Tarafl\u0131)<\/li>\n<li><strong>H\u0131z:<\/strong> 5<\/li>\n<li><strong>Ayd\u0131nlatma:<\/strong> 4x2W LED Spot<\/li>\n<li><strong>Filtre:<\/strong> Al\u00fcminyum (Bula\u015f\u0131k Makinesinde Y\u0131kanabilir)<\/li>\n<li><strong>Hava \u00c7\u0131k\u0131\u015f\u0131:<\/strong> 150 mm<\/li>\n<li><strong>Baca:<\/strong> Ayarlanabilir ve \u00c7ift<span class=\"Apple-converted-space\"> <\/span><\/li>\n<li><strong>Filtre Doygunluk G\u00f6stergesi:<\/strong> Evet<\/li>\n<li><strong>Zamanlay\u0131c\u0131:<\/strong> 15 Dakika<\/li>\n<li><strong>G\u00fcr\u00fclt\u00fc Seviyesi:<\/strong> min 51dB &#8211; maks 68dB<\/li>\n<li><strong>Hava Ak\u0131\u015f\u0131 Kapasitesi (DIN EN 61591):<\/strong> min 250 m\u00b3\/h &#8211; maks 615 m\u00b3\/h<\/li>\n<li><strong>Hava Ak\u0131\u015f\u0131 Kapasitesi (Serbest Ak\u0131\u015f):<\/strong> 850 m\u00b3\/saat<\/li>\n<li><strong>Motor:<\/strong> 200 Watt \u00dcfleyici Tipi<\/li>\n<li><strong>Enerji S\u0131n\u0131f\u0131:<\/strong> C<\/li>\n<li><strong>Paket Boyutlar\u0131 (GxDxY):<\/strong> 98x71x63 cm<\/li>\n<li><strong>Adedi:<\/strong> 25 Adet<\/li>\n<li><strong>20DC\/40HC\/Kamyon:<\/strong> 60 Adet \/ 144 Adet \/ 180 Adet<\/li>\n<\/ul>\n<p><strong><span style=\"color: #ffdd30;\">&gt; <\/span><span style=\"color: #000000;\">Opsiyonel \u00d6zellikler<\/span><\/strong><\/p>\n<ul>\n<li>Karbon Filtre Seti<\/li>\n<li>Uzaktan kumanda<\/li>\n<li>700 m\u00b3\/h &#8211; 210 Watt \u00dcfleyici Motor (A s\u0131n\u0131f\u0131 enerji)<\/li>\n<li>750 m\u00b3\/sa &#8211; 210 Watt Fan Motoru<br \/>\n(B enerji s\u0131n\u0131f\u0131)<\/li>\n<li>B\u00f6lme Filtresi<\/li>\n<\/ul>\n","protected":false},"featured_media":17714,"comment_status":"closed","ping_status":"closed","template":"","meta":[],"product_brand":[],"product_cat":[357,349],"product_tag":[372],"class_list":{"0":"post-17711","1":"product","2":"type-product","3":"status-publish","4":"has-post-thumbnail","6":"product_cat-ada-davlumbazlari","7":"product_cat-havalandirma","8":"product_tag-davlumbaz","10":"first","11":"instock","12":"shipping-taxable","13":"product-type-simple"},"_links":{"self":[{"href":"https:\/\/proff.com.tr\/tr\/wp-json\/wp\/v2\/product\/17711","targetHints":{"allow":["GET"]}}],"collection":[{"href":"https:\/\/proff.com.tr\/tr\/wp-json\/wp\/v2\/product"}],"about":[{"href":"https:\/\/proff.com.tr\/tr\/wp-json\/wp\/v2\/types\/product"}],"replies":[{"embeddable":true,"href":"https:\/\/proff.com.tr\/tr\/wp-json\/wp\/v2\/comments?post=17711"}],"version-history":[{"count":0,"href":"https:\/\/proff.com.tr\/tr\/wp-json\/wp\/v2\/product\/17711\/revisions"}],"wp:featuredmedia":[{"embeddable":true,"href":"https:\/\/proff.com.tr\/tr\/wp-json\/wp\/v2\/media\/17714"}],"wp:attachment":[{"href":"https:\/\/proff.com.tr\/tr\/wp-json\/wp\/v2\/media?parent=17711"}],"wp:term":[{"taxonomy":"product_brand","embeddable":true,"href":"https:\/\/proff.com.tr\/tr\/wp-json\/wp\/v2\/product_brand?post=17711"},{"taxonomy":"product_cat","embeddable":true,"href":"https:\/\/proff.com.tr\/tr\/wp-json\/wp\/v2\/product_cat?post=17711"},{"taxonomy":"product_tag","embeddable":true,"href":"https:\/\/proff.com.tr\/tr\/wp-json\/wp\/v2\/product_tag?post=17711"}],"curies":[{"name":"wp","href":"https:\/\/api.w.org\/{rel}","templated":true}]}}