{"id":17724,"date":"2022-07-08T15:34:29","date_gmt":"2022-07-08T12:34:29","guid":{"rendered":"https:\/\/proff.com.tr\/product\/p651\/"},"modified":"2026-03-14T15:20:38","modified_gmt":"2026-03-14T12:20:38","slug":"p651","status":"publish","type":"product","link":"https:\/\/proff.com.tr\/tr\/product\/p651\/","title":{"rendered":"P651"},"content":{"rendered":"","protected":false},"excerpt":{"rendered":"<h3><img decoding=\"async\" class=\"alignleft wp-image-7542\" src=\"https:\/\/proff.com.tr\/wp-content\/uploads\/2022\/07\/yellow-line.svg\" alt=\"\" width=\"80\"><\/h3>\n<p>&nbsp;<\/p>\n<p><strong><span style=\"color: #ffdd30;\">&gt; <\/span><span style=\"color: #000000;\">Ana \u00f6zellikler<\/span><\/strong><\/p>\n<ul>\n<li>60 cm<\/li>\n<li>4 Gazl\u0131<span class=\"Apple-converted-space\"> <\/span><\/li>\n<li>1 Wok Bek: 3,5 kW &#8211; \u00d8 131 mm<\/li>\n<li>2 x Yar\u0131 H\u0131zl\u0131 Bek: 1,7 kW &#8211; \u00d8 75 mm<\/li>\n<li>1 x Yard\u0131mc\u0131 G\u00f6z: 0,95 kW &#8211; \u00d8 55 mm<\/li>\n<li>Otomatik Ate\u015fleme<\/li>\n<li>P13 &#8211; D\u00f6kme Demir Izgara ve Mat Ocak Ba\u015fl\u0131klar\u0131<\/li>\n<li>Inox Gri D\u00fc\u011fme<\/li>\n<\/ul>\n<p><strong><span style=\"color: #ffdd30;\">&gt; <\/span><span style=\"color: #000000;\">Opsiyonel \u00d6zellikler<\/span><\/strong><\/p>\n<ul>\n<li>FFD<\/li>\n<li>Sabaf Bekler<\/li>\n<\/ul>\n<p><strong><span style=\"color: #ffdd30;\">&gt; <\/span><span style=\"color: #000000;\">Renk Opsiyonlar\u0131<\/span><\/strong><\/p>\n<ul>\n<li>Beyaz<\/li>\n<li>Siyah<\/li>\n<li>Bej<\/li>\n<li>Inox<\/li>\n<\/ul>\n","protected":false},"featured_media":17726,"comment_status":"closed","ping_status":"closed","template":"","meta":[],"product_brand":[],"product_cat":[337,333],"product_tag":[330],"class_list":{"0":"post-17724","1":"product","2":"type-product","3":"status-publish","4":"has-post-thumbnail","6":"product_cat-60-cm-ocaklar","7":"product_cat-ankastre-ocaklar","8":"product_tag-yemek-pisirme","10":"first","11":"instock","12":"shipping-taxable","13":"product-type-simple"},"_links":{"self":[{"href":"https:\/\/proff.com.tr\/tr\/wp-json\/wp\/v2\/product\/17724","targetHints":{"allow":["GET"]}}],"collection":[{"href":"https:\/\/proff.com.tr\/tr\/wp-json\/wp\/v2\/product"}],"about":[{"href":"https:\/\/proff.com.tr\/tr\/wp-json\/wp\/v2\/types\/product"}],"replies":[{"embeddable":true,"href":"https:\/\/proff.com.tr\/tr\/wp-json\/wp\/v2\/comments?post=17724"}],"version-history":[{"count":0,"href":"https:\/\/proff.com.tr\/tr\/wp-json\/wp\/v2\/product\/17724\/revisions"}],"wp:featuredmedia":[{"embeddable":true,"href":"https:\/\/proff.com.tr\/tr\/wp-json\/wp\/v2\/media\/17726"}],"wp:attachment":[{"href":"https:\/\/proff.com.tr\/tr\/wp-json\/wp\/v2\/media?parent=17724"}],"wp:term":[{"taxonomy":"product_brand","embeddable":true,"href":"https:\/\/proff.com.tr\/tr\/wp-json\/wp\/v2\/product_brand?post=17724"},{"taxonomy":"product_cat","embeddable":true,"href":"https:\/\/proff.com.tr\/tr\/wp-json\/wp\/v2\/product_cat?post=17724"},{"taxonomy":"product_tag","embeddable":true,"href":"https:\/\/proff.com.tr\/tr\/wp-json\/wp\/v2\/product_tag?post=17724"}],"curies":[{"name":"wp","href":"https:\/\/api.w.org\/{rel}","templated":true}]}}