{"id":17764,"date":"2022-07-08T15:30:25","date_gmt":"2022-07-08T12:30:25","guid":{"rendered":"https:\/\/proff.com.tr\/product\/ch500xg\/"},"modified":"2026-03-14T15:25:22","modified_gmt":"2026-03-14T12:25:22","slug":"ch500xg","status":"publish","type":"product","link":"https:\/\/proff.com.tr\/tr\/product\/ch500xg\/","title":{"rendered":"CH500XG"},"content":{"rendered":"","protected":false},"excerpt":{"rendered":"<h3><img decoding=\"async\" class=\"alignleft wp-image-7542\" src=\"https:\/\/proff.com.tr\/wp-content\/uploads\/2022\/07\/yellow-line.svg\" alt=\"\" width=\"80\"><\/h3>\n<p>&nbsp;<\/p>\n<p><strong><span style=\"color: #ffdd30;\">&gt; <\/span><span style=\"color: #000000;\">Ana \u00f6zellikler<\/span><\/strong><\/p>\n<ul>\n<li>SN-T \u0130klim S\u0131n\u0131f\u0131<\/li>\n<li>\u0130kili Mod (Buzdolab\u0131 veya Dondurucu)<\/li>\n<li>Al\u00fcminyum Tutamak<\/li>\n<li>G\u00fcm\u00fc\u015f G\u00f6vde ve Inox Kap\u0131 Panel<\/li>\n<li>R600a So\u011futucu<\/li>\n<li>Led Ampul Ayd\u0131nlatma<\/li>\n<li>Kilit<\/li>\n<li>Mekanik Termostat<\/li>\n<li>H\u0131zl\u0131 Dondurma Fonksiyon<\/li>\n<li>2x Tel Sepet<\/li>\n<li>Ay\u0131r\u0131c\u0131<\/li>\n<li>Su Bo\u015faltma Sistemi<\/li>\n<li>Kaz\u0131y\u0131c\u0131<\/li>\n<li>Shrink Ambalaj<\/li>\n<li>Br\u00fct \/ Net Hacim: 469 \/ 459 L.<\/li>\n<li>Net \u00d6l\u00e7\u00fc (WxDxH): 149,2 x 74,25 x 84 cm<\/li>\n<\/ul>\n<p><strong><span style=\"color: #ffdd30;\">&gt; <\/span><span style=\"color: #000000;\">Renk Opsiyonlar\u0131<\/span><\/strong><\/p>\n<ul>\n<li>Beyaz<\/li>\n<li>Siyah<\/li>\n<li>G\u00fcm\u00fc\u015f<\/li>\n<\/ul>\n","protected":false},"featured_media":17767,"comment_status":"closed","ping_status":"closed","template":"","meta":[],"product_brand":[],"product_cat":[327,326],"product_tag":[],"class_list":{"0":"post-17764","1":"product","2":"type-product","3":"status-publish","4":"has-post-thumbnail","6":"product_cat-derin-dondurucular","7":"product_cat-sogutma","9":"first","10":"instock","11":"shipping-taxable","12":"product-type-simple"},"_links":{"self":[{"href":"https:\/\/proff.com.tr\/tr\/wp-json\/wp\/v2\/product\/17764","targetHints":{"allow":["GET"]}}],"collection":[{"href":"https:\/\/proff.com.tr\/tr\/wp-json\/wp\/v2\/product"}],"about":[{"href":"https:\/\/proff.com.tr\/tr\/wp-json\/wp\/v2\/types\/product"}],"replies":[{"embeddable":true,"href":"https:\/\/proff.com.tr\/tr\/wp-json\/wp\/v2\/comments?post=17764"}],"version-history":[{"count":0,"href":"https:\/\/proff.com.tr\/tr\/wp-json\/wp\/v2\/product\/17764\/revisions"}],"wp:featuredmedia":[{"embeddable":true,"href":"https:\/\/proff.com.tr\/tr\/wp-json\/wp\/v2\/media\/17767"}],"wp:attachment":[{"href":"https:\/\/proff.com.tr\/tr\/wp-json\/wp\/v2\/media?parent=17764"}],"wp:term":[{"taxonomy":"product_brand","embeddable":true,"href":"https:\/\/proff.com.tr\/tr\/wp-json\/wp\/v2\/product_brand?post=17764"},{"taxonomy":"product_cat","embeddable":true,"href":"https:\/\/proff.com.tr\/tr\/wp-json\/wp\/v2\/product_cat?post=17764"},{"taxonomy":"product_tag","embeddable":true,"href":"https:\/\/proff.com.tr\/tr\/wp-json\/wp\/v2\/product_tag?post=17764"}],"curies":[{"name":"wp","href":"https:\/\/api.w.org\/{rel}","templated":true}]}}