{"id":17771,"date":"2022-07-08T15:31:10","date_gmt":"2022-07-08T12:31:10","guid":{"rendered":"https:\/\/proff.com.tr\/product\/retto-s\/"},"modified":"2026-03-14T15:25:24","modified_gmt":"2026-03-14T12:25:24","slug":"retto-s","status":"publish","type":"product","link":"https:\/\/proff.com.tr\/tr\/product\/retto-s\/","title":{"rendered":"Retto S"},"content":{"rendered":"\t\t<div data-elementor-type=\"product-post\" data-elementor-id=\"17771\" class=\"elementor elementor-17771 elementor-5151\" data-elementor-post-type=\"product\">\n\t\t\t\t\t\t<section class=\"elementor-section elementor-top-section elementor-element elementor-element-35f1c20 elementor-section-stretched elementor-section-boxed elementor-section-height-default elementor-section-height-default\" data-id=\"35f1c20\" data-element_type=\"section\" data-e-type=\"section\" data-settings=\"{&quot;stretch_section&quot;:&quot;section-stretched&quot;}\">\n\t\t\t\t\t\t<div class=\"elementor-container elementor-column-gap-default\">\n\t\t\t\t\t<div class=\"elementor-column elementor-col-100 elementor-top-column elementor-element elementor-element-c3994a5\" data-id=\"c3994a5\" data-element_type=\"column\" data-e-type=\"column\">\n\t\t\t<div class=\"elementor-widget-wrap elementor-element-populated\">\n\t\t\t\t\t\t<div class=\"elementor-element elementor-element-e229e16 elementor-widget elementor-widget-image\" data-id=\"e229e16\" data-element_type=\"widget\" data-e-type=\"widget\" data-widget_type=\"image.default\">\n\t\t\t\t\t        <div class=\"elementor-image\">\n                                                <img fetchpriority=\"high\" decoding=\"async\" width=\"1280\" height=\"853\" src=\"https:\/\/proff.com.tr\/wp-content\/uploads\/2022\/07\/4500home-1.jpg\" class=\"attachment-full size-full wp-image-7497\" alt=\"\" srcset=\"https:\/\/proff.com.tr\/wp-content\/uploads\/2022\/07\/4500home-1.jpg 1280w, https:\/\/proff.com.tr\/wp-content\/uploads\/2022\/07\/4500home-1-1000x666.jpg 1000w, https:\/\/proff.com.tr\/wp-content\/uploads\/2022\/07\/4500home-1-300x200.jpg 300w, https:\/\/proff.com.tr\/wp-content\/uploads\/2022\/07\/4500home-1-1024x682.jpg 1024w, https:\/\/proff.com.tr\/wp-content\/uploads\/2022\/07\/4500home-1-768x512.jpg 768w, https:\/\/proff.com.tr\/wp-content\/uploads\/2022\/07\/4500home-1-400x267.jpg 400w, https:\/\/proff.com.tr\/wp-content\/uploads\/2022\/07\/4500home-1-800x533.jpg 800w\" sizes=\"(max-width: 1280px) 100vw, 1280px\" \/>                                                            <\/div>\n        \t\t\t\t<\/div>\n\t\t\t\t\t<\/div>\n\t\t<\/div>\n\t\t\t\t\t<\/div>\n\t\t<\/section>\n\t\t\t\t<section class=\"elementor-section elementor-top-section elementor-element elementor-element-1d892bf0 elementor-section-content-middle elementor-section-stretched elementor-section-boxed elementor-section-height-default elementor-section-height-default\" data-id=\"1d892bf0\" data-element_type=\"section\" data-e-type=\"section\" data-settings=\"{&quot;stretch_section&quot;:&quot;section-stretched&quot;}\">\n\t\t\t\t\t\t<div class=\"elementor-container elementor-column-gap-default\">\n\t\t\t\t\t<div class=\"elementor-column elementor-col-50 elementor-top-column elementor-element elementor-element-cb6a178\" data-id=\"cb6a178\" data-element_type=\"column\" data-e-type=\"column\">\n\t\t\t<div class=\"elementor-widget-wrap elementor-element-populated\">\n\t\t\t\t\t\t<div class=\"elementor-element elementor-element-11fe099 elementor-widget elementor-widget-video\" data-id=\"11fe099\" data-element_type=\"widget\" data-e-type=\"widget\" data-settings=\"{&quot;video_type&quot;:&quot;hosted&quot;,&quot;autoplay&quot;:&quot;yes&quot;,&quot;play_on_mobile&quot;:&quot;yes&quot;,&quot;mute&quot;:&quot;yes&quot;,&quot;loop&quot;:&quot;yes&quot;}\" data-widget_type=\"video.default\">\n\t\t\t\t\t\t\t<div class=\"e-hosted-video elementor-wrapper elementor-open-inline\">\n\t\t\t\t\t<video class=\"elementor-video\" src=\"https:\/\/proff.com.tr\/wp-content\/uploads\/2022\/07\/Comp-2.mp4\" autoplay=\"\" loop=\"\" muted=\"muted\" playsinline=\"\" controlsList=\"nodownload\"><\/video>\n\t\t\t\t<\/div>\n\t\t\t\t\t\t<\/div>\n\t\t\t\t\t<\/div>\n\t\t<\/div>\n\t\t\t\t<div class=\"elementor-column elementor-col-50 elementor-top-column elementor-element elementor-element-3ca01cf7\" data-id=\"3ca01cf7\" data-element_type=\"column\" data-e-type=\"column\">\n\t\t\t<div class=\"elementor-widget-wrap elementor-element-populated\">\n\t\t\t\t\t\t<div class=\"elementor-element elementor-element-1614bfb9 elementor-widget elementor-widget-heading\" data-id=\"1614bfb9\" data-element_type=\"widget\" data-e-type=\"widget\" data-widget_type=\"heading.default\">\n\t\t\t\t\t<h1 class=\"elementor-heading-title elementor-size-default\">Otomatik Kapanma Zamanlay\u0131c\u0131s\u0131<\/h1>\t\t\t\t<\/div>\n\t\t\t\t<div class=\"elementor-element elementor-element-6f1eb93a elementor-widget elementor-widget-text-editor\" data-id=\"6f1eb93a\" data-element_type=\"widget\" data-e-type=\"widget\" data-widget_type=\"text-editor.default\">\n\t\t\t\t\t\t\t<div class=\"elementor-text-editor elementor-clearfix\"><p>Bu \u00f6zellik sayesinde davlumbaz\u0131 kapatmak i\u00e7in geri gelmeniz gerekmez. 15 dakika sonra kendini kapatacakt\u0131r.<\/p><\/div>\n\t\t\t\t\t\t<\/div>\n\t\t\t\t\t<\/div>\n\t\t<\/div>\n\t\t\t\t\t<\/div>\n\t\t<\/section>\n\t\t\t\t<section class=\"elementor-section elementor-top-section elementor-element elementor-element-9832eca elementor-section-content-middle elementor-section-stretched elementor-section-boxed elementor-section-height-default elementor-section-height-default\" data-id=\"9832eca\" data-element_type=\"section\" data-e-type=\"section\" data-settings=\"{&quot;stretch_section&quot;:&quot;section-stretched&quot;}\">\n\t\t\t\t\t\t<div class=\"elementor-container elementor-column-gap-default\">\n\t\t\t\t\t<div class=\"elementor-column elementor-col-50 elementor-top-column elementor-element elementor-element-4550c8c0\" data-id=\"4550c8c0\" data-element_type=\"column\" data-e-type=\"column\">\n\t\t\t<div class=\"elementor-widget-wrap elementor-element-populated\">\n\t\t\t\t\t\t<div class=\"elementor-element elementor-element-61a7d939 elementor-widget elementor-widget-heading\" data-id=\"61a7d939\" data-element_type=\"widget\" data-e-type=\"widget\" data-widget_type=\"heading.default\">\n\t\t\t\t\t<h1 class=\"elementor-heading-title elementor-size-default\">Filtre Doygunluk G\u00f6stergesi<\/h1>\t\t\t\t<\/div>\n\t\t\t\t<div class=\"elementor-element elementor-element-358e1f06 elementor-widget elementor-widget-text-editor\" data-id=\"358e1f06\" data-element_type=\"widget\" data-e-type=\"widget\" data-widget_type=\"text-editor.default\">\n\t\t\t\t\t\t\t<div class=\"elementor-text-editor elementor-clearfix\"><p>Filtrelerin temizlenmesi gerekiyorsa bunun i\u00e7in bir bildirim alacaks\u0131n\u0131z. Bu yard\u0131mc\u0131 program ile filtrelerinizi her zaman temiz ve daha etkili tutabilirsiniz.<\/p><\/div>\n\t\t\t\t\t\t<\/div>\n\t\t\t\t\t<\/div>\n\t\t<\/div>\n\t\t\t\t<div class=\"elementor-column elementor-col-50 elementor-top-column elementor-element elementor-element-68a0eae8\" data-id=\"68a0eae8\" data-element_type=\"column\" data-e-type=\"column\">\n\t\t\t<div class=\"elementor-widget-wrap elementor-element-populated\">\n\t\t\t\t\t\t<div class=\"elementor-element elementor-element-79939631 elementor-widget elementor-widget-image\" data-id=\"79939631\" data-element_type=\"widget\" data-e-type=\"widget\" data-widget_type=\"image.default\">\n\t\t\t\t\t        <div class=\"elementor-image\">\n                                                <img decoding=\"async\" width=\"800\" height=\"800\" src=\"https:\/\/proff.com.tr\/wp-content\/uploads\/2022\/07\/4500_21.jpg\" class=\"attachment-full size-full wp-image-7498\" alt=\"\" srcset=\"https:\/\/proff.com.tr\/wp-content\/uploads\/2022\/07\/4500_21.jpg 800w, https:\/\/proff.com.tr\/wp-content\/uploads\/2022\/07\/4500_21-300x300.jpg 300w, https:\/\/proff.com.tr\/wp-content\/uploads\/2022\/07\/4500_21-100x100.jpg 100w, https:\/\/proff.com.tr\/wp-content\/uploads\/2022\/07\/4500_21-600x600.jpg 600w, https:\/\/proff.com.tr\/wp-content\/uploads\/2022\/07\/4500_21-150x150.jpg 150w, https:\/\/proff.com.tr\/wp-content\/uploads\/2022\/07\/4500_21-768x768.jpg 768w, https:\/\/proff.com.tr\/wp-content\/uploads\/2022\/07\/4500_21-400x400.jpg 400w\" sizes=\"(max-width: 800px) 100vw, 800px\" \/>                                                            <\/div>\n        \t\t\t\t<\/div>\n\t\t\t\t\t<\/div>\n\t\t<\/div>\n\t\t\t\t\t<\/div>\n\t\t<\/section>\n\t\t\t\t<section class=\"elementor-section elementor-top-section elementor-element elementor-element-1da9fe2d elementor-section-content-middle elementor-section-stretched elementor-section-boxed elementor-section-height-default elementor-section-height-default\" data-id=\"1da9fe2d\" data-element_type=\"section\" data-e-type=\"section\" data-settings=\"{&quot;stretch_section&quot;:&quot;section-stretched&quot;}\">\n\t\t\t\t\t\t<div class=\"elementor-container elementor-column-gap-default\">\n\t\t\t\t\t<div class=\"elementor-column elementor-col-50 elementor-top-column elementor-element elementor-element-4c768d25\" data-id=\"4c768d25\" data-element_type=\"column\" data-e-type=\"column\">\n\t\t\t<div class=\"elementor-widget-wrap elementor-element-populated\">\n\t\t\t\t\t\t<div class=\"elementor-element elementor-element-7b937868 elementor-widget elementor-widget-image\" data-id=\"7b937868\" data-element_type=\"widget\" data-e-type=\"widget\" data-widget_type=\"image.default\">\n\t\t\t\t\t        <div class=\"elementor-image\">\n                                                <img decoding=\"async\" width=\"800\" height=\"800\" src=\"https:\/\/proff.com.tr\/wp-content\/uploads\/2022\/07\/4500_33.jpg\" class=\"attachment-full size-full wp-image-8014\" alt=\"\" srcset=\"https:\/\/proff.com.tr\/wp-content\/uploads\/2022\/07\/4500_33.jpg 800w, https:\/\/proff.com.tr\/wp-content\/uploads\/2022\/07\/4500_33-300x300.jpg 300w, https:\/\/proff.com.tr\/wp-content\/uploads\/2022\/07\/4500_33-100x100.jpg 100w, https:\/\/proff.com.tr\/wp-content\/uploads\/2022\/07\/4500_33-600x600.jpg 600w, https:\/\/proff.com.tr\/wp-content\/uploads\/2022\/07\/4500_33-150x150.jpg 150w, https:\/\/proff.com.tr\/wp-content\/uploads\/2022\/07\/4500_33-768x768.jpg 768w, https:\/\/proff.com.tr\/wp-content\/uploads\/2022\/07\/4500_33-400x400.jpg 400w\" sizes=\"(max-width: 800px) 100vw, 800px\" \/>                                                            <\/div>\n        \t\t\t\t<\/div>\n\t\t\t\t\t<\/div>\n\t\t<\/div>\n\t\t\t\t<div class=\"elementor-column elementor-col-50 elementor-top-column elementor-element elementor-element-61aaf617\" data-id=\"61aaf617\" data-element_type=\"column\" data-e-type=\"column\">\n\t\t\t<div class=\"elementor-widget-wrap elementor-element-populated\">\n\t\t\t\t\t\t<div class=\"elementor-element elementor-element-5a6cc7b8 elementor-widget elementor-widget-heading\" data-id=\"5a6cc7b8\" data-element_type=\"widget\" data-e-type=\"widget\" data-widget_type=\"heading.default\">\n\t\t\t\t\t<h1 class=\"elementor-heading-title elementor-size-default\">Uzaktan kumanda<\/h1>\t\t\t\t<\/div>\n\t\t\t\t<div class=\"elementor-element elementor-element-20fd7cdc elementor-widget elementor-widget-text-editor\" data-id=\"20fd7cdc\" data-element_type=\"widget\" data-e-type=\"widget\" data-widget_type=\"text-editor.default\">\n\t\t\t\t\t\t\t<div class=\"elementor-text-editor elementor-clearfix\"><p>Mutfakta hayat\u0131n\u0131z\u0131 keyifli hale getirin!<\/p><p>Uzaktan kumanda \u00f6zellikle engelli ki\u015filer i\u00e7in kullan\u0131\u015fl\u0131d\u0131r.<\/p><p>Cihaz\u0131 \u00e7al\u0131\u015ft\u0131rmak i\u00e7in kalkman\u0131za bile gerek yok.<\/p><\/div>\n\t\t\t\t\t\t<\/div>\n\t\t\t\t\t<\/div>\n\t\t<\/div>\n\t\t\t\t\t<\/div>\n\t\t<\/section>\n\t\t\t\t<section class=\"elementor-section elementor-top-section elementor-element elementor-element-657b03c9 elementor-section-content-middle elementor-section-stretched elementor-section-boxed elementor-section-height-default elementor-section-height-default\" data-id=\"657b03c9\" data-element_type=\"section\" data-e-type=\"section\" data-settings=\"{&quot;stretch_section&quot;:&quot;section-stretched&quot;}\">\n\t\t\t\t\t\t<div class=\"elementor-container elementor-column-gap-default\">\n\t\t\t\t\t<div class=\"elementor-column elementor-col-50 elementor-top-column elementor-element elementor-element-236a783a\" data-id=\"236a783a\" data-element_type=\"column\" data-e-type=\"column\">\n\t\t\t<div class=\"elementor-widget-wrap elementor-element-populated\">\n\t\t\t\t\t\t<div class=\"elementor-element elementor-element-827a0b0 elementor-widget elementor-widget-heading\" data-id=\"827a0b0\" data-element_type=\"widget\" data-e-type=\"widget\" data-widget_type=\"heading.default\">\n\t\t\t\t\t<h1 class=\"elementor-heading-title elementor-size-default\">Mobilya Dostu<\/h1>\t\t\t\t<\/div>\n\t\t\t\t<div class=\"elementor-element elementor-element-35aa95c1 elementor-widget elementor-widget-text-editor\" data-id=\"35aa95c1\" data-element_type=\"widget\" data-e-type=\"widget\" data-widget_type=\"text-editor.default\">\n\t\t\t\t\t\t\t<div class=\"elementor-text-editor elementor-clearfix\"><ul><li>Mutfak mobilyalar\u0131n\u0131 buhar ve ya\u011f partik\u00fcllerinden korumada etkilidir.<\/li><li>Ortamdaki istenmeyen kokular\u0131 yok eder.<\/li><li>Sobadan gelen \u0131s\u0131y\u0131 azalt\u0131r ve mutfaktaki \u0131s\u0131y\u0131 dengeler.<\/li><\/ul><\/div>\n\t\t\t\t\t\t<\/div>\n\t\t\t\t\t<\/div>\n\t\t<\/div>\n\t\t\t\t<div class=\"elementor-column elementor-col-50 elementor-top-column elementor-element elementor-element-1e6dffe5\" data-id=\"1e6dffe5\" data-element_type=\"column\" data-e-type=\"column\">\n\t\t\t<div class=\"elementor-widget-wrap elementor-element-populated\">\n\t\t\t\t\t\t<div class=\"elementor-element elementor-element-5366261c elementor-widget elementor-widget-image\" data-id=\"5366261c\" data-element_type=\"widget\" data-e-type=\"widget\" data-widget_type=\"image.default\">\n\t\t\t\t\t        <div class=\"elementor-image\">\n                                                <img loading=\"lazy\" decoding=\"async\" width=\"800\" height=\"800\" src=\"https:\/\/proff.com.tr\/wp-content\/uploads\/2022\/07\/4500_44.jpg\" class=\"attachment-full size-full wp-image-8013\" alt=\"\" srcset=\"https:\/\/proff.com.tr\/wp-content\/uploads\/2022\/07\/4500_44.jpg 800w, https:\/\/proff.com.tr\/wp-content\/uploads\/2022\/07\/4500_44-300x300.jpg 300w, https:\/\/proff.com.tr\/wp-content\/uploads\/2022\/07\/4500_44-100x100.jpg 100w, https:\/\/proff.com.tr\/wp-content\/uploads\/2022\/07\/4500_44-600x600.jpg 600w, https:\/\/proff.com.tr\/wp-content\/uploads\/2022\/07\/4500_44-150x150.jpg 150w, https:\/\/proff.com.tr\/wp-content\/uploads\/2022\/07\/4500_44-768x768.jpg 768w, https:\/\/proff.com.tr\/wp-content\/uploads\/2022\/07\/4500_44-400x400.jpg 400w\" sizes=\"(max-width: 800px) 100vw, 800px\" \/>                                                            <\/div>\n        \t\t\t\t<\/div>\n\t\t\t\t\t<\/div>\n\t\t<\/div>\n\t\t\t\t\t<\/div>\n\t\t<\/section>\n\t\t\t\t<\/div>\n\t\t","protected":false},"excerpt":{"rendered":"<h3><img decoding=\"async\" class=\"alignleft wp-image-7542\" src=\"https:\/\/proff.com.tr\/wp-content\/uploads\/2022\/07\/yellow-line.svg\" alt=\"\" width=\"80\"><\/h3>\n<h3>4500 D\u0130J\u0130TAL<\/h3>\n<p><strong><span style=\"color: #ffdd30;\">&gt; <\/span><span style=\"color: #000000;\">Ana \u00f6zellikler<\/span><\/strong><\/p>\n<ul>\n<li>Boyut: 60 cm<\/li>\n<li>Montaj: Dolap Alt\u0131<\/li>\n<li>\u00d6n Devridaim: Evet<\/li>\n<li>Kontrol: Ekranl\u0131 Dokunmatik<\/li>\n<li>H\u0131z: 3<\/li>\n<li>Ayd\u0131nlatma: 2x2W LED Spot<\/li>\n<li>Filtre: Al\u00fcminyum (Bula\u015f\u0131k Makinesinde Y\u0131kanabilir)<\/li>\n<li>Hava \u00c7\u0131k\u0131\u015f\u0131: 120 mm<\/li>\n<li>Ses Seviyesi: min 53 dB &#8211; maks 62 dB<\/li>\n<li>Emi\u015f G\u00fcc\u00fc (DIN EN 61591): min 125 m\u00b3\/sa &#8211; maks 240 m\u00b3\/sa<\/li>\n<li>Emi\u015f G\u00fcc\u00fc (Serbest Ak\u0131\u015f): 280 m\u00b3\/sa<\/li>\n<li>Motor: 110 Watt G\u00f6lge Kutuplu<\/li>\n<li>Enerji S\u0131n\u0131f\u0131: D<\/li>\n<\/ul>\n<p><strong><span style=\"color: #ffdd30;\">&gt; <\/span><span style=\"color: #000000;\">Opsiyonel \u00d6zellikler<\/span><\/strong><\/p>\n<ul>\n<li>Karbon Filtre Seti<\/li>\n<li>Uzaktan kumanda<\/li>\n<li>90 CM<\/li>\n<li>450 m\u00b3\/h &#8211; 2&#215;90 Watt Motor (D s\u0131n\u0131f\u0131 enerji)<\/li>\n<li>520 m\u00b3\/h &#8211; 2&#215;110 Watt Motor (D s\u0131n\u0131f\u0131 enerji)<\/li>\n<\/ul>\n<p><strong><span style=\"color: #ffdd30;\">&gt; <\/span><span style=\"color: #000000;\">Renk Opsiyonlar\u0131<\/span><\/strong><\/p>\n<ul>\n<li>Beyaz<\/li>\n<li>Siyah<\/li>\n<li>Bej<\/li>\n<li>Kahverengi<\/li>\n<li>Inox Grisi<\/li>\n<li>Inox<\/li>\n<\/ul>\n","protected":false},"featured_media":17775,"comment_status":"closed","ping_status":"closed","template":"","meta":[],"product_brand":[],"product_cat":[349,352],"product_tag":[372],"class_list":{"0":"post-17771","1":"product","2":"type-product","3":"status-publish","4":"has-post-thumbnail","6":"product_cat-havalandirma","7":"product_cat-klasik-davlumbazlar","8":"product_tag-davlumbaz","10":"first","11":"instock","12":"shipping-taxable","13":"product-type-simple"},"_links":{"self":[{"href":"https:\/\/proff.com.tr\/tr\/wp-json\/wp\/v2\/product\/17771","targetHints":{"allow":["GET"]}}],"collection":[{"href":"https:\/\/proff.com.tr\/tr\/wp-json\/wp\/v2\/product"}],"about":[{"href":"https:\/\/proff.com.tr\/tr\/wp-json\/wp\/v2\/types\/product"}],"replies":[{"embeddable":true,"href":"https:\/\/proff.com.tr\/tr\/wp-json\/wp\/v2\/comments?post=17771"}],"version-history":[{"count":0,"href":"https:\/\/proff.com.tr\/tr\/wp-json\/wp\/v2\/product\/17771\/revisions"}],"wp:featuredmedia":[{"embeddable":true,"href":"https:\/\/proff.com.tr\/tr\/wp-json\/wp\/v2\/media\/17775"}],"wp:attachment":[{"href":"https:\/\/proff.com.tr\/tr\/wp-json\/wp\/v2\/media?parent=17771"}],"wp:term":[{"taxonomy":"product_brand","embeddable":true,"href":"https:\/\/proff.com.tr\/tr\/wp-json\/wp\/v2\/product_brand?post=17771"},{"taxonomy":"product_cat","embeddable":true,"href":"https:\/\/proff.com.tr\/tr\/wp-json\/wp\/v2\/product_cat?post=17771"},{"taxonomy":"product_tag","embeddable":true,"href":"https:\/\/proff.com.tr\/tr\/wp-json\/wp\/v2\/product_tag?post=17771"}],"curies":[{"name":"wp","href":"https:\/\/api.w.org\/{rel}","templated":true}]}}