{"id":17780,"date":"2022-07-08T15:31:10","date_gmt":"2022-07-08T12:31:10","guid":{"rendered":"https:\/\/proff.com.tr\/product\/sotto-doppio\/"},"modified":"2026-03-14T15:25:24","modified_gmt":"2026-03-14T12:25:24","slug":"sotto-doppio","status":"publish","type":"product","link":"https:\/\/proff.com.tr\/tr\/product\/sotto-doppio\/","title":{"rendered":"Sotto Doppio"},"content":{"rendered":"","protected":false},"excerpt":{"rendered":"<h3><img decoding=\"async\" class=\"alignleft wp-image-7542\" src=\"https:\/\/proff.com.tr\/wp-content\/uploads\/2022\/07\/yellow-line.svg\" alt=\"\" width=\"80\"><\/h3>\n<h3>5502-90<\/h3>\n<p><strong><span style=\"color: #ffdd30;\">&gt; <\/span><span style=\"color: #000000;\">Ana \u00f6zellikler<\/span><\/strong><\/p>\n<ul>\n<li><strong>Boyut:<\/strong> 90 cm<\/li>\n<li><strong>Kurulum:<\/strong> Dolap Alt\u0131<\/li>\n<li><strong>\u00d6nden Devridaim:<\/strong> Evet<\/li>\n<li><strong>Kontrol:<\/strong> Basmal\u0131 D\u00fc\u011fme<\/li>\n<li><strong>H\u0131z:<\/strong> 3<\/li>\n<li><strong>Ayd\u0131nlatma:<\/strong> 1x5W LED Ampul<\/li>\n<li><strong>Filtre:<\/strong> Al\u00fcminyum (Bula\u015f\u0131k Makinesinde Y\u0131kanabilir)<\/li>\n<li><strong>Hava \u00c7\u0131k\u0131\u015f\u0131:<\/strong> 120 mm<\/li>\n<li><strong>G\u00fcr\u00fclt\u00fc Seviyesi:<\/strong> min 55dB &#8211; maks 66dB<\/li>\n<li><strong>Hava Ak\u0131\u015f\u0131 Kapasitesi (DIN EN 61591):<\/strong> min 135 m\u00b3\/h &#8211; maks 300 m\u00b3\/h<\/li>\n<li><strong>Hava Ak\u0131\u015f\u0131 Kapasitesi (Serbest Ak\u0131\u015f):<\/strong> 450 m\u00b3\/saat<\/li>\n<li><strong>Motor:<\/strong> 2&#215;90 Watt G\u00f6lgeli Kutup<\/li>\n<li><strong>Enerji S\u0131n\u0131f\u0131:<\/strong> D<\/li>\n<li><strong>Paket Boyutlar\u0131 (GxDxY): 92<\/strong> x17x52 cm<\/li>\n<li><strong>Adedi:<\/strong> 100 Adet<\/li>\n<li><strong>20DC\/40HC\/Kamyon:<\/strong> 301 Adet \/ 716 Adet \/ 877 Adet<\/li>\n<\/ul>\n<p><strong><span style=\"color: #ffdd30;\">&gt; <\/span><span style=\"color: #000000;\">Opsiyonel \u00d6zellikler<\/span><\/strong><\/p>\n<ul>\n<li>Karbon Filtre Seti<\/li>\n<li>Rustik Tu\u015f Tak\u0131m\u0131<\/li>\n<li>50 cm \/ 60 cm \/ 70 cm \/ 80 cm<\/li>\n<li>2 Hava \u00c7\u0131k\u0131\u015f\u0131 (Arka ve \u00dcst)<\/li>\n<li>Cam Viz\u00f6r<\/li>\n<li>280 m\u00b3\/h &#8211; 110 Watt Motor (D s\u0131n\u0131f\u0131 enerji)<\/li>\n<li>520 m\u00b3\/h &#8211; 2&#215;110 Watt Motor (D s\u0131n\u0131f\u0131 enerji)<\/li>\n<\/ul>\n<p><strong><span style=\"color: #ffdd30;\">&gt; <\/span><span style=\"color: #000000;\">Renk Opsiyonlar\u0131<\/span><\/strong><\/p>\n<ul>\n<li>Siyah, Gri, Inox, Bej, Beyaz, Kahverengi<\/li>\n<\/ul>\n","protected":false},"featured_media":17783,"comment_status":"closed","ping_status":"closed","template":"","meta":[],"product_brand":[],"product_cat":[349,352],"product_tag":[],"class_list":{"0":"post-17780","1":"product","2":"type-product","3":"status-publish","4":"has-post-thumbnail","6":"product_cat-havalandirma","7":"product_cat-klasik-davlumbazlar","9":"first","10":"instock","11":"shipping-taxable","12":"product-type-simple"},"_links":{"self":[{"href":"https:\/\/proff.com.tr\/tr\/wp-json\/wp\/v2\/product\/17780","targetHints":{"allow":["GET"]}}],"collection":[{"href":"https:\/\/proff.com.tr\/tr\/wp-json\/wp\/v2\/product"}],"about":[{"href":"https:\/\/proff.com.tr\/tr\/wp-json\/wp\/v2\/types\/product"}],"replies":[{"embeddable":true,"href":"https:\/\/proff.com.tr\/tr\/wp-json\/wp\/v2\/comments?post=17780"}],"version-history":[{"count":0,"href":"https:\/\/proff.com.tr\/tr\/wp-json\/wp\/v2\/product\/17780\/revisions"}],"wp:featuredmedia":[{"embeddable":true,"href":"https:\/\/proff.com.tr\/tr\/wp-json\/wp\/v2\/media\/17783"}],"wp:attachment":[{"href":"https:\/\/proff.com.tr\/tr\/wp-json\/wp\/v2\/media?parent=17780"}],"wp:term":[{"taxonomy":"product_brand","embeddable":true,"href":"https:\/\/proff.com.tr\/tr\/wp-json\/wp\/v2\/product_brand?post=17780"},{"taxonomy":"product_cat","embeddable":true,"href":"https:\/\/proff.com.tr\/tr\/wp-json\/wp\/v2\/product_cat?post=17780"},{"taxonomy":"product_tag","embeddable":true,"href":"https:\/\/proff.com.tr\/tr\/wp-json\/wp\/v2\/product_tag?post=17780"}],"curies":[{"name":"wp","href":"https:\/\/api.w.org\/{rel}","templated":true}]}}