{"id":17789,"date":"2022-07-08T15:32:16","date_gmt":"2022-07-08T12:32:16","guid":{"rendered":"https:\/\/proff.com.tr\/product\/piyano\/"},"modified":"2026-03-14T15:25:25","modified_gmt":"2026-03-14T12:25:25","slug":"piyano","status":"publish","type":"product","link":"https:\/\/proff.com.tr\/tr\/product\/piyano\/","title":{"rendered":"Piyano"},"content":{"rendered":"","protected":false},"excerpt":{"rendered":"<h3><img decoding=\"async\" class=\"alignleft wp-image-7542\" src=\"https:\/\/proff.com.tr\/wp-content\/uploads\/2022\/07\/yellow-line.svg\" alt=\"\" width=\"80\"><\/h3>\n<h3>LD96PB<\/h3>\n<p><strong><span style=\"color: #ffdd30;\">&gt; <\/span><span style=\"color: #000000;\">Ana \u00f6zellikler<\/span><\/strong><\/p>\n<ul>\n<li>Boyut: 60 cm<\/li>\n<li>Montaj: Duvar Tipi<\/li>\n<li>Kontrol: Basmal\u0131 D\u00fc\u011fme<\/li>\n<li>H\u0131z: 3<\/li>\n<li>Ayd\u0131nlatma: 2x2W LED Spot<\/li>\n<li>Filtre: Al\u00fcminyum (Bula\u015f\u0131k Makinesinde Y\u0131kanabilir)<\/li>\n<li>Hava \u00c7\u0131k\u0131\u015f\u0131: 150 mm<\/li>\n<li>Baca: Ayarlanabilir ve \u00c7ift<span class=\"Apple-converted-space\"> <\/span><\/li>\n<li>G\u00fcr\u00fclt\u00fc Seviyesi: min 55dB &#8211; maks 65dB<\/li>\n<li>Hava Ak\u0131\u015f\u0131 Kapasitesi (DIN EN 61591): min 245 m\u00b3\/h &#8211; maks 455 m\u00b3\/h<\/li>\n<li>Hava Ak\u0131\u015f\u0131 Kapasitesi (Serbest Ak\u0131\u015f): 550 m\u00b3\/h<\/li>\n<li>Motor: 140 Watt \u00dcfleyici Tipi<\/li>\n<li>Enerji S\u0131n\u0131f\u0131: D<\/li>\n<\/ul>\n<p><strong><span style=\"color: #ffdd30;\">&gt; <\/span><span style=\"color: #000000;\">Opsiyonel \u00d6zellikler<\/span><\/strong><\/p>\n<ul>\n<li>Karbon Filtre Seti<\/li>\n<li>90 cm<\/li>\n<li>Inox Baffle Filtreler (Bula\u015f\u0131k Makinesinde Y\u0131kanabilir)<\/li>\n<li>700 m\u00b3\/h &#8211; 210 Watt \u00dcfleyici Motor (A s\u0131n\u0131f\u0131 enerji)<\/li>\n<li>750 m\u00b3\/h &#8211; 210 Watt \u00dcfleyici Motor (B s\u0131n\u0131f\u0131 enerji)<\/li>\n<li>850 m\u00b3\/h &#8211; 200 Watt \u00dcfleyici Motor (C s\u0131n\u0131f\u0131 enerji)<span class=\"Apple-converted-space\"> <\/span><\/li>\n<\/ul>\n<p><strong><span style=\"color: #ffdd30;\">&gt; <\/span><span style=\"color: #000000;\">Renk Opsiyonlar\u0131<\/span><\/strong><\/p>\n<ul>\n<li>Siyah, \u0130nox, Beyaz<\/li>\n<\/ul>\n","protected":false},"featured_media":17791,"comment_status":"closed","ping_status":"closed","template":"","meta":[],"product_brand":[],"product_cat":[349,360],"product_tag":[372],"class_list":{"0":"post-17789","1":"product","2":"type-product","3":"status-publish","4":"has-post-thumbnail","6":"product_cat-havalandirma","7":"product_cat-t-tipi-davlumbazlar","8":"product_tag-davlumbaz","10":"first","11":"instock","12":"shipping-taxable","13":"product-type-simple"},"_links":{"self":[{"href":"https:\/\/proff.com.tr\/tr\/wp-json\/wp\/v2\/product\/17789","targetHints":{"allow":["GET"]}}],"collection":[{"href":"https:\/\/proff.com.tr\/tr\/wp-json\/wp\/v2\/product"}],"about":[{"href":"https:\/\/proff.com.tr\/tr\/wp-json\/wp\/v2\/types\/product"}],"replies":[{"embeddable":true,"href":"https:\/\/proff.com.tr\/tr\/wp-json\/wp\/v2\/comments?post=17789"}],"version-history":[{"count":0,"href":"https:\/\/proff.com.tr\/tr\/wp-json\/wp\/v2\/product\/17789\/revisions"}],"wp:featuredmedia":[{"embeddable":true,"href":"https:\/\/proff.com.tr\/tr\/wp-json\/wp\/v2\/media\/17791"}],"wp:attachment":[{"href":"https:\/\/proff.com.tr\/tr\/wp-json\/wp\/v2\/media?parent=17789"}],"wp:term":[{"taxonomy":"product_brand","embeddable":true,"href":"https:\/\/proff.com.tr\/tr\/wp-json\/wp\/v2\/product_brand?post=17789"},{"taxonomy":"product_cat","embeddable":true,"href":"https:\/\/proff.com.tr\/tr\/wp-json\/wp\/v2\/product_cat?post=17789"},{"taxonomy":"product_tag","embeddable":true,"href":"https:\/\/proff.com.tr\/tr\/wp-json\/wp\/v2\/product_tag?post=17789"}],"curies":[{"name":"wp","href":"https:\/\/api.w.org\/{rel}","templated":true}]}}