{"id":17828,"date":"2022-07-08T15:32:39","date_gmt":"2022-07-08T12:32:39","guid":{"rendered":"https:\/\/proff.com.tr\/product\/akilli-tv-basligi\/"},"modified":"2026-03-14T15:25:42","modified_gmt":"2026-03-14T12:25:42","slug":"akilli-tv-basligi","status":"publish","type":"product","link":"https:\/\/proff.com.tr\/tr\/product\/akilli-tv-basligi\/","title":{"rendered":"Ak\u0131ll\u0131 TV Ba\u015fl\u0131\u011f\u0131"},"content":{"rendered":"","protected":false},"excerpt":{"rendered":"<h3>Ak\u0131ll\u0131 TV Ba\u015fl\u0131\u011f\u0131<\/h3>\n<p><strong><span style=\"color: #ffdd30;\">&gt; <\/span><span style=\"color: #000000;\">Ana \u00f6zellikler<\/span><\/strong><\/p>\n<ul>\n<li>Ebat : 60 CM<\/li>\n<li>Montaj : Duvar Tipi<\/li>\n<li>Kontrol : Ekranl\u0131 Dokunmatik + Uzaktan Kumanda<\/li>\n<li>H\u0131z : 5<\/li>\n<li>Ayd\u0131nlatma : 2x2W LED Spot<\/li>\n<li>Filtre : Al\u00fcminyum (Bula\u015f\u0131k Makinesinde Y\u0131kanabilir)<\/li>\n<li>Karbon Filtre : Nano<\/li>\n<li>Piston Mente\u015fe : Var<\/li>\n<li>TV A\u00e7\u0131s\u0131 : Ayarlanabilir<\/li>\n<li>TV \u00d6zelli\u011fi : 24 in\u00e7 TV (Al\u0131c\u0131, USB, HDMI)<\/li>\n<li>Baca : Ayarlanabilir &amp; \u00c7ift (35+35 cm)<\/li>\n<li>Filtre Doluluk G\u00f6stergesi : Var<\/li>\n<li>Zamanlay\u0131c\u0131 : 15 Dakika<\/li>\n<li>Ses Seviyesi : min 33dB &#8211; maks 66dB<\/li>\n<li>Hava Ak\u0131\u015f Kapasitesi (Serbest Ak\u0131\u015f) : 962-986 m\u00b3\/sa<\/li>\n<li>Motor : Radialitic Silence Motor &#8211; 265W<\/li>\n<li>Enerji S\u0131n\u0131f\u0131: A<\/li>\n<\/ul>\n<p><strong><span style=\"color: #ffdd30;\">&gt; <\/span><span style=\"color: #000000;\">Optinoal \u00d6zellikler<\/span><\/strong><\/p>\n<ul>\n<li>90 cm<\/li>\n<\/ul>\n","protected":false},"featured_media":17830,"comment_status":"closed","ping_status":"closed","template":"","meta":[],"product_brand":[],"product_cat":[349,359],"product_tag":[372],"class_list":{"0":"post-17828","1":"product","2":"type-product","3":"status-publish","4":"has-post-thumbnail","6":"product_cat-havalandirma","7":"product_cat-ozel-seri","8":"product_tag-davlumbaz","10":"first","11":"instock","12":"shipping-taxable","13":"product-type-simple"},"_links":{"self":[{"href":"https:\/\/proff.com.tr\/tr\/wp-json\/wp\/v2\/product\/17828","targetHints":{"allow":["GET"]}}],"collection":[{"href":"https:\/\/proff.com.tr\/tr\/wp-json\/wp\/v2\/product"}],"about":[{"href":"https:\/\/proff.com.tr\/tr\/wp-json\/wp\/v2\/types\/product"}],"replies":[{"embeddable":true,"href":"https:\/\/proff.com.tr\/tr\/wp-json\/wp\/v2\/comments?post=17828"}],"version-history":[{"count":0,"href":"https:\/\/proff.com.tr\/tr\/wp-json\/wp\/v2\/product\/17828\/revisions"}],"wp:featuredmedia":[{"embeddable":true,"href":"https:\/\/proff.com.tr\/tr\/wp-json\/wp\/v2\/media\/17830"}],"wp:attachment":[{"href":"https:\/\/proff.com.tr\/tr\/wp-json\/wp\/v2\/media?parent=17828"}],"wp:term":[{"taxonomy":"product_brand","embeddable":true,"href":"https:\/\/proff.com.tr\/tr\/wp-json\/wp\/v2\/product_brand?post=17828"},{"taxonomy":"product_cat","embeddable":true,"href":"https:\/\/proff.com.tr\/tr\/wp-json\/wp\/v2\/product_cat?post=17828"},{"taxonomy":"product_tag","embeddable":true,"href":"https:\/\/proff.com.tr\/tr\/wp-json\/wp\/v2\/product_tag?post=17828"}],"curies":[{"name":"wp","href":"https:\/\/api.w.org\/{rel}","templated":true}]}}