{"id":17837,"date":"2022-07-08T15:32:39","date_gmt":"2022-07-08T12:32:39","guid":{"rendered":"https:\/\/proff.com.tr\/product\/cb90ggxr\/"},"modified":"2026-03-14T15:25:43","modified_gmt":"2026-03-14T12:25:43","slug":"cb90ggxr","status":"publish","type":"product","link":"https:\/\/proff.com.tr\/tr\/product\/cb90ggxr\/","title":{"rendered":"CB90GGXR"},"content":{"rendered":"","protected":false},"excerpt":{"rendered":"<p><img decoding=\"async\" class=\"alignleft wp-image-7542\" src=\"https:\/\/proff.com.tr\/wp-content\/uploads\/2022\/07\/yellow-line.svg\" alt=\"\" width=\"80\"><\/p>\n<p>&nbsp;<\/p>\n<p><strong><span style=\"color: #ffdd30;\">&gt; <\/span><span style=\"color: #000000;\">Ana \u00f6zellikler<\/span><\/strong><\/p>\n<p>&nbsp;<\/p>\n<ul>\n<li>5 Gazl\u0131<\/li>\n<li>92 Litre<\/li>\n<li>90&#215;60 Tam Boy F\u0131r\u0131n ile \u015ei\u015fe B\u00f6lme<\/li>\n<li>Gaz F\u0131r\u0131n\/5 Gaz ile FFD<\/li>\n<li>D\u00f6kme Demir Izgara<\/li>\n<li>Mekanik Zamanlay\u0131c\u0131<\/li>\n<li>1 Tepsi &amp; 1 Izgara<\/li>\n<li>Cam \u00dcst Kapak<\/li>\n<li>Panel Koruma Sac\u0131<\/li>\n<li>Flape Alt B\u00f6lme<\/li>\n<li>Inox Gri D\u00fc\u011fme<\/li>\n<li>Al\u00fcminyum Tutamak<\/li>\n<li>Cam \u00dcst Kapak<\/li>\n<li>FFD&#8217;li \u00c7ift Kumandal\u0131 \u00dcst ve Alt Br\u00fcl\u00f6r<\/li>\n<li>Lamba &amp; Ocak i\u00e7in Otomatik \u00c7akmak<\/li>\n<\/ul>\n<p>&nbsp;<\/p>\n<p><strong><span style=\"color: #ffdd30;\">&gt; <\/span><span style=\"color: #000000;\">Opsiyonel \u00d6zellikler<\/span><\/strong><\/p>\n<ul>\n<li>Kahve Adapt\u00f6r\u00fc<\/li>\n<li>Wok Br\u00fcl\u00f6r Adapt\u00f6r\u00fc<\/li>\n<li>Arka koruma paneli<\/li>\n<li>Pili\u00e7 \u00c7evirme<\/li>\n<li>Teleskopik Raylar<\/li>\n<li>Katalitik Yan &amp; Arka Paneller<\/li>\n<li>Yan tel raf<\/li>\n<li>Tekmelik<\/li>\n<\/ul>\n<p><strong><span style=\"color: #ffdd30;\">&gt; <\/span><span style=\"color: #000000;\">Renk Opsiyonlar\u0131<\/span><\/strong><\/p>\n<ul>\n<li>Beyaz<\/li>\n<li>Siyah<\/li>\n<li>Inox + K\u0131rm\u0131z\u0131<\/li>\n<li>Bej<\/li>\n<li>Kahverengi<\/li>\n<li>Inox<\/li>\n<\/ul>\n","protected":false},"featured_media":17839,"comment_status":"closed","ping_status":"closed","template":"","meta":[],"product_brand":[],"product_cat":[331],"product_tag":[330],"class_list":{"0":"post-17837","1":"product","2":"type-product","3":"status-publish","4":"has-post-thumbnail","6":"product_cat-yari-profesyonel-tekli-firinlar","7":"product_tag-yemek-pisirme","9":"first","10":"instock","11":"shipping-taxable","12":"product-type-simple"},"_links":{"self":[{"href":"https:\/\/proff.com.tr\/tr\/wp-json\/wp\/v2\/product\/17837","targetHints":{"allow":["GET"]}}],"collection":[{"href":"https:\/\/proff.com.tr\/tr\/wp-json\/wp\/v2\/product"}],"about":[{"href":"https:\/\/proff.com.tr\/tr\/wp-json\/wp\/v2\/types\/product"}],"replies":[{"embeddable":true,"href":"https:\/\/proff.com.tr\/tr\/wp-json\/wp\/v2\/comments?post=17837"}],"version-history":[{"count":0,"href":"https:\/\/proff.com.tr\/tr\/wp-json\/wp\/v2\/product\/17837\/revisions"}],"wp:featuredmedia":[{"embeddable":true,"href":"https:\/\/proff.com.tr\/tr\/wp-json\/wp\/v2\/media\/17839"}],"wp:attachment":[{"href":"https:\/\/proff.com.tr\/tr\/wp-json\/wp\/v2\/media?parent=17837"}],"wp:term":[{"taxonomy":"product_brand","embeddable":true,"href":"https:\/\/proff.com.tr\/tr\/wp-json\/wp\/v2\/product_brand?post=17837"},{"taxonomy":"product_cat","embeddable":true,"href":"https:\/\/proff.com.tr\/tr\/wp-json\/wp\/v2\/product_cat?post=17837"},{"taxonomy":"product_tag","embeddable":true,"href":"https:\/\/proff.com.tr\/tr\/wp-json\/wp\/v2\/product_tag?post=17837"}],"curies":[{"name":"wp","href":"https:\/\/api.w.org\/{rel}","templated":true}]}}