{"id":17890,"date":"2022-07-08T15:30:25","date_gmt":"2022-07-08T12:30:25","guid":{"rendered":"https:\/\/proff.com.tr\/product\/gs79\/"},"modified":"2026-03-15T10:39:08","modified_gmt":"2026-03-15T07:39:08","slug":"gs79","status":"publish","type":"product","link":"https:\/\/proff.com.tr\/tr\/product\/gs79\/","title":{"rendered":"GS79"},"content":{"rendered":"","protected":false},"excerpt":{"rendered":"<h3><img decoding=\"async\" class=\"alignleft wp-image-7542\" src=\"https:\/\/proff.com.tr\/wp-content\/uploads\/2022\/07\/yellow-line.svg\" alt=\"\" width=\"80\"><\/h3>\n<p>&nbsp;<\/p>\n<p><strong><span style=\"color: #ffdd30;\">&gt; <\/span><span style=\"color: #000000;\">Ana \u00f6zellikler<\/span><\/strong><\/p>\n<ul>\n<li>78X50<\/li>\n<li>Granit Evye<\/li>\n<li>\u00dcr\u00fcn \u00d6l\u00e7\u00fcs\u00fc: 780&#215;500 mm<\/li>\n<li>Hazne \u00d6l\u00e7\u00fcs\u00fc: 710&#215;390 mm<\/li>\n<li>Hazne Derinli\u011fi: 220 mm<\/li>\n<li>Kesim \u00d6l\u00e7\u00fcs\u00fc: 760&#215;480 mm<\/li>\n<li>Kutu \u00d6l\u00e7\u00fcs\u00fc: 88x60x28 cm<\/li>\n<li>Kutu A\u011f\u0131rl\u0131\u011f\u0131: 19,5 Kg<\/li>\n<\/ul>\n<p><strong><span style=\"color: #ffdd30;\">&gt; <\/span><span style=\"color: #000000;\">Renk Opsiyonlar\u0131<\/span><\/strong><\/p>\n<ul>\n<li>Antrasit &#8211; UA78<\/li>\n<li>Beyaz &#8211; UW78<\/li>\n<li>Gri &#8211; UG78<\/li>\n<li>Krem &#8211; UC78<\/li>\n<li>Siyah &#8211; UB78<\/li>\n<\/ul>\n","protected":false},"featured_media":17892,"comment_status":"closed","ping_status":"closed","template":"","meta":[],"product_brand":[],"product_cat":[323,325],"product_tag":[],"class_list":{"0":"post-17890","1":"product","2":"type-product","3":"status-publish","4":"has-post-thumbnail","6":"product_cat-diger","7":"product_cat-mutfak-eviyeleri","9":"first","10":"instock","11":"shipping-taxable","12":"product-type-simple"},"_links":{"self":[{"href":"https:\/\/proff.com.tr\/tr\/wp-json\/wp\/v2\/product\/17890","targetHints":{"allow":["GET"]}}],"collection":[{"href":"https:\/\/proff.com.tr\/tr\/wp-json\/wp\/v2\/product"}],"about":[{"href":"https:\/\/proff.com.tr\/tr\/wp-json\/wp\/v2\/types\/product"}],"replies":[{"embeddable":true,"href":"https:\/\/proff.com.tr\/tr\/wp-json\/wp\/v2\/comments?post=17890"}],"version-history":[{"count":0,"href":"https:\/\/proff.com.tr\/tr\/wp-json\/wp\/v2\/product\/17890\/revisions"}],"wp:featuredmedia":[{"embeddable":true,"href":"https:\/\/proff.com.tr\/tr\/wp-json\/wp\/v2\/media\/17892"}],"wp:attachment":[{"href":"https:\/\/proff.com.tr\/tr\/wp-json\/wp\/v2\/media?parent=17890"}],"wp:term":[{"taxonomy":"product_brand","embeddable":true,"href":"https:\/\/proff.com.tr\/tr\/wp-json\/wp\/v2\/product_brand?post=17890"},{"taxonomy":"product_cat","embeddable":true,"href":"https:\/\/proff.com.tr\/tr\/wp-json\/wp\/v2\/product_cat?post=17890"},{"taxonomy":"product_tag","embeddable":true,"href":"https:\/\/proff.com.tr\/tr\/wp-json\/wp\/v2\/product_tag?post=17890"}],"curies":[{"name":"wp","href":"https:\/\/api.w.org\/{rel}","templated":true}]}}