{"id":17902,"date":"2022-07-08T15:30:25","date_gmt":"2022-07-08T12:30:25","guid":{"rendered":"https:\/\/proff.com.tr\/product\/sidw126\/"},"modified":"2026-03-15T10:39:01","modified_gmt":"2026-03-15T07:39:01","slug":"sidw126","status":"publish","type":"product","link":"https:\/\/proff.com.tr\/tr\/product\/sidw126\/","title":{"rendered":"SIDW126"},"content":{"rendered":"","protected":false},"excerpt":{"rendered":"<h3><img decoding=\"async\" class=\"alignleft wp-image-7542\" src=\"https:\/\/proff.com.tr\/wp-content\/uploads\/2022\/07\/yellow-line.svg\" alt=\"\" width=\"80\"><\/h3>\n<p>&nbsp;<\/p>\n<p><strong><span style=\"color: #ffdd30;\">&gt; <\/span><span style=\"color: #000000;\">Ana \u00f6zellikler<\/span><\/strong><\/p>\n<ul>\n<li>12 Yer Ayar\u0131<\/li>\n<li>6 Program<\/li>\n<li>44 dB (A)<\/li>\n<li>60 cm Yar\u0131 Ankastre Bula\u015f\u0131k Makinesi<\/li>\n<li>12 Yer Ayar\u0131<\/li>\n<li>6 Program<\/li>\n<li>\u00c7ocuk kilidi<\/li>\n<li>Gecikmeli Ba\u015flatma<span class=\"Apple-converted-space\"> <\/span><\/li>\n<li>Y\u0131kama D\u00f6ng\u00fcs\u00fc G\u00f6stergeleri<\/li>\n<li>Ekstra Kurutma Opsiyonu<\/li>\n<li>Ta\u015fma ve S\u0131z\u0131nt\u0131 Korumas\u0131<\/li>\n<li>Is\u0131 Muhafazas\u0131<\/li>\n<li>Durulama ve Tuz G\u00f6stergesi<\/li>\n<li>44 dB (A)<\/li>\n<li>Inox Panel<\/li>\n<\/ul>\n<p><strong><span style=\"color: #ffdd30;\">&gt; <\/span><span style=\"color: #000000;\">Opsiyonel \u00d6zellikler<\/span><\/strong><\/p>\n<ul>\n<li>13 Ki\u015filik<\/li>\n<li>13 Ki\u015filik + 3. Sepet<\/li>\n<li>15 Ki\u015filik<\/li>\n<\/ul>\n<p><strong><span style=\"color: #ffdd30;\">&gt; <\/span><span style=\"color: #000000;\">Renk Opsiyonlar\u0131<\/span><\/strong><\/p>\n<ul>\n<li>Beyaz<\/li>\n<li>Siyah<span class=\"Apple-converted-space\"> <\/span><\/li>\n<li>G\u00fcm\u00fc\u015f<\/li>\n<li>Koyu G\u00fcm\u00fc\u015f<\/li>\n<\/ul>\n","protected":false},"featured_media":17904,"comment_status":"closed","ping_status":"closed","template":"","meta":[],"product_brand":[],"product_cat":[363,362],"product_tag":[],"class_list":{"0":"post-17902","1":"product","2":"type-product","3":"status-publish","4":"has-post-thumbnail","6":"product_cat-ankastre-bulasik-makineleri","7":"product_cat-yikama","9":"first","10":"instock","11":"shipping-taxable","12":"product-type-simple"},"_links":{"self":[{"href":"https:\/\/proff.com.tr\/tr\/wp-json\/wp\/v2\/product\/17902","targetHints":{"allow":["GET"]}}],"collection":[{"href":"https:\/\/proff.com.tr\/tr\/wp-json\/wp\/v2\/product"}],"about":[{"href":"https:\/\/proff.com.tr\/tr\/wp-json\/wp\/v2\/types\/product"}],"replies":[{"embeddable":true,"href":"https:\/\/proff.com.tr\/tr\/wp-json\/wp\/v2\/comments?post=17902"}],"version-history":[{"count":0,"href":"https:\/\/proff.com.tr\/tr\/wp-json\/wp\/v2\/product\/17902\/revisions"}],"wp:featuredmedia":[{"embeddable":true,"href":"https:\/\/proff.com.tr\/tr\/wp-json\/wp\/v2\/media\/17904"}],"wp:attachment":[{"href":"https:\/\/proff.com.tr\/tr\/wp-json\/wp\/v2\/media?parent=17902"}],"wp:term":[{"taxonomy":"product_brand","embeddable":true,"href":"https:\/\/proff.com.tr\/tr\/wp-json\/wp\/v2\/product_brand?post=17902"},{"taxonomy":"product_cat","embeddable":true,"href":"https:\/\/proff.com.tr\/tr\/wp-json\/wp\/v2\/product_cat?post=17902"},{"taxonomy":"product_tag","embeddable":true,"href":"https:\/\/proff.com.tr\/tr\/wp-json\/wp\/v2\/product_tag?post=17902"}],"curies":[{"name":"wp","href":"https:\/\/api.w.org\/{rel}","templated":true}]}}