{"id":17924,"date":"2022-07-08T15:31:32","date_gmt":"2022-07-08T12:31:32","guid":{"rendered":"https:\/\/proff.com.tr\/product\/rotolo-isola\/"},"modified":"2026-03-14T15:28:21","modified_gmt":"2026-03-14T12:28:21","slug":"rotolo-isola","status":"publish","type":"product","link":"https:\/\/proff.com.tr\/tr\/product\/rotolo-isola\/","title":{"rendered":"Rotolo Isola"},"content":{"rendered":"","protected":false},"excerpt":{"rendered":"<h3><img decoding=\"async\" class=\"alignleft wp-image-7542\" src=\"https:\/\/proff.com.tr\/wp-content\/uploads\/2022\/07\/yellow-line.svg\" alt=\"\" width=\"80\"><\/h3>\n<h3>LDI40 X GL<\/h3>\n<p><strong><span style=\"color: #ffdd30;\">&gt; <\/span><span style=\"color: #000000;\">Ana \u00f6zellikler<\/span><\/strong><\/p>\n<ul>\n<li>Boyut : \u00d840 CM \/ Y\u00fckseklik : 122 CM (90+32)<\/li>\n<li>Montaj : Ada Tipi<\/li>\n<li>Kontrol : D\u00fcz Basmal\u0131 D\u00fc\u011fme<\/li>\n<li>H\u0131z : 3<\/li>\n<li>Ayd\u0131nlatma : 2x2W LED Spot<\/li>\n<li>Filtre : Al\u00fcminyum (Bula\u015f\u0131k Makinesinde Y\u0131kanabilir)<\/li>\n<li>Hava \u00c7\u0131k\u0131\u015f\u0131 : 150 mm<\/li>\n<li>Baca : Teleskopik<\/li>\n<li>Ses Seviyesi : min 55dB &#8211; maks 65dB<\/li>\n<li>Hava Debisi (DIN EN 61591) : min 245 m\u00b3\/sa &#8211; maks 455 m\u00b3\/sa<\/li>\n<li>Hava Debisi (Serbest Ak\u0131\u015f) : 550 m\u00b3\/sa<\/li>\n<li>Motor : 140 Watt Blower Tipi<\/li>\n<li>Enerji S\u0131n\u0131f\u0131: D<\/li>\n<\/ul>\n<p><strong><span style=\"color: #ffdd30;\">&gt; <\/span><span style=\"color: #000000;\">Opsiyonel \u00d6zellikler<\/span><\/strong><\/p>\n<ul>\n<li>Karbon Filtre Seti<\/li>\n<li>Uzaktan kumanda<\/li>\n<li>700 m\u00b3\/h &#8211; 210 Watt \u00dcfleyici Motor (A s\u0131n\u0131f\u0131 enerji)<\/li>\n<li>750 m\u00b3\/h &#8211; 210 Watt \u00dcfleyici Motor (B s\u0131n\u0131f\u0131 enerji)<\/li>\n<li>850 m\u00b3\/h &#8211; 200 Watt \u00dcfleyici Motor (C s\u0131n\u0131f\u0131 enerji) \/ 5 HIZ<\/li>\n<\/ul>\n<p><strong><span style=\"color: #ffdd30;\">&gt; <\/span><span style=\"color: #000000;\">Renk Opsiyonlar\u0131<\/span><\/strong><\/p>\n<ul>\n<li>Beyaz<\/li>\n<li>Siyah<\/li>\n<li>Inox<\/li>\n<li>Bronz<\/li>\n<li>Mat Alt\u0131n<\/li>\n<li>Bronz \u0130nox<\/li>\n<li>Koyu Inox<\/li>\n<\/ul>\n","protected":false},"featured_media":17928,"comment_status":"closed","ping_status":"closed","template":"","meta":[],"product_brand":[],"product_cat":[349,355],"product_tag":[372],"class_list":{"0":"post-17924","1":"product","2":"type-product","3":"status-publish","4":"has-post-thumbnail","6":"product_cat-havalandirma","7":"product_cat-silindir-ve-kutu-davlumbazlar","8":"product_tag-davlumbaz","10":"first","11":"instock","12":"shipping-taxable","13":"product-type-simple"},"_links":{"self":[{"href":"https:\/\/proff.com.tr\/tr\/wp-json\/wp\/v2\/product\/17924","targetHints":{"allow":["GET"]}}],"collection":[{"href":"https:\/\/proff.com.tr\/tr\/wp-json\/wp\/v2\/product"}],"about":[{"href":"https:\/\/proff.com.tr\/tr\/wp-json\/wp\/v2\/types\/product"}],"replies":[{"embeddable":true,"href":"https:\/\/proff.com.tr\/tr\/wp-json\/wp\/v2\/comments?post=17924"}],"version-history":[{"count":0,"href":"https:\/\/proff.com.tr\/tr\/wp-json\/wp\/v2\/product\/17924\/revisions"}],"wp:featuredmedia":[{"embeddable":true,"href":"https:\/\/proff.com.tr\/tr\/wp-json\/wp\/v2\/media\/17928"}],"wp:attachment":[{"href":"https:\/\/proff.com.tr\/tr\/wp-json\/wp\/v2\/media?parent=17924"}],"wp:term":[{"taxonomy":"product_brand","embeddable":true,"href":"https:\/\/proff.com.tr\/tr\/wp-json\/wp\/v2\/product_brand?post=17924"},{"taxonomy":"product_cat","embeddable":true,"href":"https:\/\/proff.com.tr\/tr\/wp-json\/wp\/v2\/product_cat?post=17924"},{"taxonomy":"product_tag","embeddable":true,"href":"https:\/\/proff.com.tr\/tr\/wp-json\/wp\/v2\/product_tag?post=17924"}],"curies":[{"name":"wp","href":"https:\/\/api.w.org\/{rel}","templated":true}]}}